{"id":4591,"date":"2020-01-07T11:45:46","date_gmt":"2020-01-07T10:45:46","guid":{"rendered":"http:\/\/wrdcxdb.cluster028.hosting.ovh.net\/mateusz-witkowski\/"},"modified":"2025-10-01T14:55:32","modified_gmt":"2025-10-01T12:55:32","slug":"mateusz-witkowski","status":"publish","type":"page","link":"https:\/\/mkpartner.com.pl\/de\/mateusz-witkowski\/","title":{"rendered":"Mateusz Witkowski DE"},"content":{"rendered":"<!--themify_builder_content-->\n<div id=\"themify_builder_content-4591\" data-postid=\"4591\" class=\"themify_builder_content themify_builder_content-4591 themify_builder tf_clear\">\n    \t\t\t\t<!-- module_row -->\n\t\t<div  data-css_id=\"hyjo264\" id=\"baner\" data-lazy=\"1\" class=\"module_row themify_builder_row fullwidth tb_hyjo264 tb_first tf_w tf_clearfix wow\" data-tf-animation=\"fadeIn\">\n\t\t\t\t\t<div class=\"row_inner col_align_top tb_col_count_1 tf_box tf_rel\">\n\t\t\t\t\t<div  data-lazy=\"1\" class=\"module_column tb-column col-full tb_ximn264 first\">\n\t\t\t\t\t\t\t\t\t<div class=\"tb-column-inner tf_box tf_w\">\n\t\t\t\t<!-- module fancy heading -->\n<div  class=\"module module-fancy-heading tb_4dm9264  tb_hide_divider\" data-lazy=\"1\">\n\t    <h3 class=\"fancy-heading tf_textc\">\n    <span class=\"main-head tf_block\">\n\t\t\t\t\tEIN TEAM INDIVIDUELLER PERS\u00d6NLICHKEITEN\t\t    <\/span>\n\n\t\n    <span class=\"sub-head tf_block tf_rel\">\n\t\t\t\t\t\t\t    <\/span>\n    <\/h3>\n<\/div>\n<!-- \/module fancy heading -->\n\t\t\t\t<\/div><!-- .tb-column-inner -->\n\t\t\t\t\t\t<\/div><!-- .module_column -->\n\t\t\t\t\t\t<\/div><!-- .row_inner -->\n\t\t<\/div><!-- .module_row -->\n\t\t\t\t\t\t\t\t<!-- module_row -->\n\t\t<div  data-css_id=\"40d4608\" data-lazy=\"1\" class=\"module_row themify_builder_row pracownik fullwidth_row_container tb_40d4608 tf_w tf_clearfix wow\" data-tf-animation=\"fadeIn\">\n\t\t\t\t\t<div class=\"row_inner col_align_top tb_col_count_2 tf_box tf_rel\">\n\t\t\t\t\t<div  data-lazy=\"1\" class=\"module_column tb-column col3-1 tb_tqcs610 first\">\n\t\t\t\t\t\t\t\t\t<div class=\"tb-column-inner tf_box tf_w\">\n\t\t\t\t<!-- module image -->\n<div  class=\"module module-image tb_thuc610  my-img image-top tf_mw\" data-lazy=\"1\">\n        <div class=\"image-wrap tf_rel tf_mw\">\n\t\t    <img fetchpriority=\"high\" decoding=\"async\" src=\"https:\/\/mkpartner.com.pl\/wp-content\/uploads\/2022\/10\/7.-Witkowski-278x346.jpg\" width=\"278\" height=\"346\" class=\"wp-post-image wp-image-7106\" title=\"Mateusz Witkowski\" alt=\"Mateusz Witkowski\" srcset=\"https:\/\/mkpartner.com.pl\/wp-content\/uploads\/2022\/10\/7.-Witkowski-278x346.jpg 278w, https:\/\/mkpartner.com.pl\/wp-content\/uploads\/2022\/10\/7.-Witkowski-240x300.jpg 240w, https:\/\/mkpartner.com.pl\/wp-content\/uploads\/2022\/10\/7.-Witkowski-1229x1536.jpg 1229w\" sizes=\"(max-width: 278px) 100vw, 278px\" \/>\t\n\t\t<\/div>\n\t<!-- \/image-wrap -->\n    \n    \t<div class=\"image-content\">\n\t    \t\t\t<h3 class=\"image-title\">\n\t\t\t\t\t\t\t\t\tMateusz Witkowski\t\t\t\t\t\t\t<\/h3>\n\t    \n\t    \t\t<div class=\"image-caption tb_text_wrap\">\n\t\t    <a href=\"mailto:m.witkowski@mkpartner.com.pl\">m.witkowski@mkpartner.com.pl<\/a>\t    <\/div>\n\t    <!-- \/image-caption -->\n\t    \t<\/div>\n\t<!-- \/image-content -->\n    \t<\/div>\n<!-- \/module image -->\t\t\t\t<\/div><!-- .tb-column-inner -->\n\t\t\t\t\t\t<\/div><!-- .module_column -->\n\t\t\t\t\t<div  data-lazy=\"1\" class=\"module_column tb-column col3-2 tb_0jnq610 last\">\n\t\t\t\t\t\t\t\t\t<div class=\"tb-column-inner tf_box tf_w\">\n\t\t\t\t<!-- module text -->\n<div  class=\"module module-text tb_mo9i610   \" data-lazy=\"1\">\n        <div  class=\"tb_text_wrap\">\n    <h1>Mateusz WITKOWSKI<\/h1>\n<h2>Polnische Rechtsanw\u00e4ltin<\/h2>\n<p>Der Referendar bei der Bezirkskammer der Rechtsanw\u00e4lte in Pozna\u0144, der Absolvent der Adam-Mickiewicz-Universit\u00e4t in Pozna\u0144, Fakult\u00e4t f\u00fcr Recht und Verwaltung, wo er seine Magisterarbeit \u00fcber die nachtr\u00e4gliche unverschuldete Unm\u00f6glichkeit der Leistung verteidigte, indem er dieses Institut des Zivilrechts mit dem Problem der Aussetzung von Fu\u00dfball-Ligaspielen zur Zeit der epidemiologischen Einschr\u00e4nkungen verband.<\/p>\n<p>Seit einen Beginn seiner juristischen Ausbildung sammelte er Berufserfahrung in einer Kanzlei f\u00fcr die Rechtsberater und die Restrukturierungsberater Pozna\u0144-Warschau, wo er sich mit laufenden Konkurs- und Restrukturierungsverfahren gegen die Gesellschaften und nat\u00fcrliche Personen befasste. Dar\u00fcber hinaus besch\u00e4ftigte er sich t\u00e4glich in der Juristischen Universit\u00e4tsklinik f\u00fcr Studenten an der Adam-Mickiewicz-Universit\u00e4t in Pozna\u0144.<\/p>\n<p>Sein Interesse gilt dem Zivilrecht, insbesondere dem Vertragsrecht, sowie dem Sportrecht, insbesondere der rechtlichen Regelung des elektronischen Sports, und dem Konkurs- und Restrukturierungsrecht.<\/p>\n<p>Er spricht flie\u00dfend Englisch er verf\u00fcgt \u00fcber Grundkenntnisse der deutschen Sprache.<\/p>    <\/div>\n<\/div>\n<!-- \/module text --><!-- module buttons -->\n<div  class=\"module module-buttons tb_dvma611 buttons-horizontal solid strzalka\" data-lazy=\"1\">\n\t\t<div class=\"module-buttons-item tf_inline_b\">\n\t\t\t\t\t\t<a href=\"\/de\/team-posen\/\" class=\"ui builder_button tb_default_color\" rel=\"nofollow\">\n\t\t\t\t\t\t\t\t<span class=\"tf_inline_b tf_vmiddle\">Zur\u00fcck zum Verzeichnis der Mitarbeiter<\/span>\n\t\t\t\t\t\t\t\t\t<em class=\"tf_inline_b tf_vmiddle\"><svg  class=\"tf_fa tf-ti-angle-right\" aria-hidden=\"true\"><use href=\"#tf-ti-angle-right\"><\/use><\/svg><\/em>\t\t\t\t\t\t\t\t\t\t\t\t<\/a>\n\t\t\t\t\t\t<\/div>\n\t\t\t<\/div>\n<!-- \/module buttons -->\n\t\t\t\t<\/div><!-- .tb-column-inner -->\n\t\t\t\t\t\t<\/div><!-- .module_column -->\n\t\t\t\t\t\t<\/div><!-- .row_inner -->\n\t\t<\/div><!-- .module_row -->\n\t\t\t\t\t\t\t\t<!-- module_row -->\n\t\t<div  data-css_id=\"mlqm608\" data-lazy=\"1\" class=\"module_row themify_builder_row fullwidth tb_mlqm608 tf_w tf_clearfix\">\n\t\t\t\t\t<div class=\"row_inner col_align_top tb_col_count_1 tf_box tf_rel\">\n\t\t\t\t\t<div  data-lazy=\"1\" class=\"module_column tb-column col-full tb_t1qk611 first\">\n\t\t\t\t\t\t\t\t\t<div class=\"tb-column-inner tf_box tf_w\">\n\t\t\t\t<!-- module template_part -->\n<div  class=\"module module-layout-part tb_hfk9611 \">\n    <div class=\"tb_layout_part_wrap tf_w\"><!--themify_builder_content-->\n    <div  class=\"themify_builder_content themify_builder_content-4421 themify_builder not_editable_builder in_the_loop\" data-postid=\"4421\">\n        \t\t\t\t<!-- module_row -->\n\t\t<div  data-lazy=\"1\" class=\"module_row themify_builder_row tb_wp5s243 tf_w tf_clearfix\">\n\t\t\t\t\t<div class=\"row_inner col_align_top tb_col_count_1 tf_box tf_rel\">\n\t\t\t\t\t<div  data-lazy=\"1\" class=\"module_column tb-column col-full tb_fnzh243 first\">\n\t\t\t\t\t\t\t\t\t<div class=\"tb-column-inner tf_box tf_w\">\n\t\t\t\t<!-- module text -->\n<div  class=\"module module-text tb_6xvi964    wow\" data-tf-animation=\"slideInUp\" data-lazy=\"1\">\n        <div  class=\"tb_text_wrap\">\n    <p style=\"text-align: center;\"><strong>WIE K\u00d6NNEN SIE SICH MIT UNS IN VERBINDUNG SETZEN?<\/strong><\/p>    <\/div>\n<\/div>\n<!-- \/module text -->\t\t<div  data-lazy=\"1\" class=\"module_subrow themify_builder_sub_row tb_in59692 tf_w tf_clearfix\">\n\t\t\t\t\t<div class=\"subrow_inner col_align_top tb_col_count_3 tf_box tf_w\">\n\t\t\t\t\t<div  data-lazy=\"1\" class=\"module_column sub_column col3-1 tb_k5mb693 first\">\n\t\t\t\t\t\t\t\t\t<div class=\"tb-column-inner tf_box tf_w\">\n\t\t\t\t<!-- module text -->\n<div  class=\"module module-text tb_ybzu301    wow\" data-tf-animation=\"slideInUp\" data-lazy=\"1\">\n        <div  class=\"tb_text_wrap\">\n    <p style=\"text-align: center;\"><strong>WARSCHAU<\/strong><\/p><p style=\"text-align: center;\">Wsp\u00f3lna Str. 70<\/p><p style=\"text-align: center;\">00-687 Warszawa<\/p><p style=\"text-align: center;\"><a href=\"mailto:warszawa@mkpartner.com.pl\">warszawa@mkpartner.com.pl<\/a><\/p>    <\/div>\n<\/div>\n<!-- \/module text -->\t\t\t\t<\/div><!-- .tb-column-inner -->\n\t\t\t\t\t\t<\/div><!-- .module_column -->\n\t\t\t\t\t<div  data-lazy=\"1\" class=\"module_column sub_column col3-1 tb_2ktv693\">\n\t\t\t\t\t\t\t\t\t<div class=\"tb-column-inner tf_box tf_w\">\n\t\t\t\t<!-- module text -->\n<div  class=\"module module-text tb_1bhr695    wow\" data-tf-animation=\"slideInUp\" data-lazy=\"1\">\n        <div  class=\"tb_text_wrap\">\n    <p style=\"text-align: center;\"><strong>POSEN<\/strong><\/p>\n<p style=\"text-align: center;\">Wolszty\u0144ska Str. 5, 60-361 Pozna\u0144<\/p>\n<p style=\"text-align: center;\">+48\u00a0798\u00a0607\u00a0482<\/p>\n<p style=\"text-align: center;\"><a href=\"mailto:poznan@mkpartner.com.pl\">poznan@mkpartner.com.pl<\/a><\/p>    <\/div>\n<\/div>\n<!-- \/module text -->\t\t\t\t<\/div><!-- .tb-column-inner -->\n\t\t\t\t\t\t<\/div><!-- .module_column -->\n\t\t\t\t\t<div  data-lazy=\"1\" class=\"module_column sub_column col3-1 tb_67dv693 last\">\n\t\t\t\t\t\t\t\t\t<div class=\"tb-column-inner tf_box tf_w\">\n\t\t\t\t<!-- module text -->\n<div  class=\"module module-text tb_xelv7    wow\" data-tf-animation=\"slideInUp\" data-lazy=\"1\">\n        <div  class=\"tb_text_wrap\">\n    <p style=\"text-align: center;\"><strong>BERLIN<\/strong><\/p><p style=\"text-align: center;\">Dietzgenstra\u00dfe 85<\/p><p style=\"text-align: center;\">13156 Berlin<\/p><p style=\"text-align: center;\"><a href=\"mailto:berlin@mkpartner.com.pl\">berlin@mkpartner.com.pl<\/a><\/p>    <\/div>\n<\/div>\n<!-- \/module text -->\t\t\t\t<\/div><!-- .tb-column-inner -->\n\t\t\t\t\t\t<\/div><!-- .module_column -->\n\t\t\t\t\t\t<\/div><!-- .subrow_inner -->\n\t\t<\/div><!-- .themify_builder_sub_row -->\n\t\t\t\t\t\t\t\t<\/div><!-- .tb-column-inner -->\n\t\t\t\t\t\t<\/div><!-- .module_column -->\n\t\t\t\t\t\t<\/div><!-- .row_inner -->\n\t\t<\/div><!-- .module_row -->\n\t\t\t\t    <\/div>\n<!--\/themify_builder_content--><\/div>\n<\/div>\n<!-- \/module template_part -->\t\t\t\t<\/div><!-- .tb-column-inner -->\n\t\t\t\t\t\t<\/div><!-- .module_column -->\n\t\t\t\t\t\t<\/div><!-- .row_inner -->\n\t\t<\/div><!-- .module_row -->\n\t\t\t\t<\/div>\n<!--\/themify_builder_content-->","protected":false},"excerpt":{"rendered":"<p>EIN TEAM INDIVIDUELLER PERS\u00d6NLICHKEITEN Mateusz Witkowski m.witkowski@mkpartner.com.pl Mateusz WITKOWSKI Polnische Rechtsanw\u00e4ltin Der Referendar bei der Bezirkskammer der Rechtsanw\u00e4lte in Pozna\u0144, der Absolvent der Adam-Mickiewicz-Universit\u00e4t in Pozna\u0144, Fakult\u00e4t f\u00fcr Recht und Verwaltung, wo er seine Magisterarbeit \u00fcber die nachtr\u00e4gliche unverschuldete Unm\u00f6glichkeit der Leistung verteidigte, indem er dieses Institut des Zivilrechts mit dem Problem der Aussetzung von [&hellip;]<\/p>\n","protected":false},"author":45,"featured_media":0,"parent":0,"menu_order":0,"comment_status":"closed","ping_status":"closed","template":"","meta":{"om_disable_all_campaigns":false,"inline_featured_image":false,"_uf_show_specific_survey":0,"_uf_disable_surveys":false,"footnotes":""},"class_list":["post-4591","page","type-page","status-publish","hentry","has-post-title","has-post-date","has-post-category","has-post-tag","has-post-comment","has-post-author",""],"featured_image_src":null,"yoast_head":"<!-- This site is optimized with the Yoast SEO plugin v27.5 - https:\/\/yoast.com\/product\/yoast-seo-wordpress\/ -->\n<title>Mateusz Witkowski - Die Kanzlei MKK &amp; Partner<\/title>\n<meta name=\"description\" content=\"Mateusz Witkowski - Die Kanzlei MKK &amp; Partner\" \/>\n<meta name=\"robots\" content=\"index, follow, max-snippet:-1, max-image-preview:large, max-video-preview:-1\" \/>\n<link rel=\"canonical\" href=\"https:\/\/mkpartner.com.pl\/de\/mateusz-witkowski\/\" \/>\n<meta property=\"og:locale\" content=\"de_DE\" \/>\n<meta property=\"og:type\" content=\"article\" \/>\n<meta property=\"og:title\" content=\"Mateusz Witkowski - Die Kanzlei MKK &amp; Partner\" \/>\n<meta property=\"og:description\" content=\"Mateusz Witkowski - Die Kanzlei MKK &amp; Partner\" \/>\n<meta property=\"og:url\" content=\"https:\/\/mkpartner.com.pl\/de\/mateusz-witkowski\/\" \/>\n<meta property=\"og:site_name\" content=\"Kancelaria Prawna - Meissner Kozio\u0142 Kaczmarek &amp; Partner\" \/>\n<meta property=\"article:publisher\" content=\"https:\/\/www.facebook.com\/mkpartnerPL\" \/>\n<meta property=\"article:modified_time\" content=\"2025-10-01T12:55:32+00:00\" \/>\n<meta property=\"og:image\" content=\"http:\/\/wrdcxdb.cluster028.hosting.ovh.net\/wp-content\/uploads\/2022\/10\/7.-Witkowski-278x346.jpg\" \/>\n<meta name=\"twitter:card\" content=\"summary_large_image\" \/>\n<meta name=\"twitter:site\" content=\"@MKK_Partner\" \/>\n<script type=\"application\/ld+json\" class=\"yoast-schema-graph\">{\"@context\":\"https:\\\/\\\/schema.org\",\"@graph\":[{\"@type\":\"WebPage\",\"@id\":\"https:\\\/\\\/mkpartner.com.pl\\\/de\\\/mateusz-witkowski\\\/\",\"url\":\"https:\\\/\\\/mkpartner.com.pl\\\/de\\\/mateusz-witkowski\\\/\",\"name\":\"Mateusz Witkowski - Die Kanzlei MKK & Partner\",\"isPartOf\":{\"@id\":\"https:\\\/\\\/mkpartner.com.pl\\\/#website\"},\"primaryImageOfPage\":{\"@id\":\"https:\\\/\\\/mkpartner.com.pl\\\/de\\\/mateusz-witkowski\\\/#primaryimage\"},\"image\":{\"@id\":\"https:\\\/\\\/mkpartner.com.pl\\\/de\\\/mateusz-witkowski\\\/#primaryimage\"},\"thumbnailUrl\":\"https:\\\/\\\/mkpartner.com.pl\\\/wp-content\\\/uploads\\\/2022\\\/10\\\/7.-Witkowski-278x346.jpg\",\"datePublished\":\"2020-01-07T10:45:46+00:00\",\"dateModified\":\"2025-10-01T12:55:32+00:00\",\"description\":\"Mateusz Witkowski - Die Kanzlei MKK & Partner\",\"inLanguage\":\"de\",\"potentialAction\":[{\"@type\":\"ReadAction\",\"target\":[\"https:\\\/\\\/mkpartner.com.pl\\\/de\\\/mateusz-witkowski\\\/\"]}]},{\"@type\":\"ImageObject\",\"inLanguage\":\"de\",\"@id\":\"https:\\\/\\\/mkpartner.com.pl\\\/de\\\/mateusz-witkowski\\\/#primaryimage\",\"url\":\"https:\\\/\\\/mkpartner.com.pl\\\/wp-content\\\/uploads\\\/2022\\\/10\\\/7.-Witkowski-278x346.jpg\",\"contentUrl\":\"https:\\\/\\\/mkpartner.com.pl\\\/wp-content\\\/uploads\\\/2022\\\/10\\\/7.-Witkowski-278x346.jpg\"},{\"@type\":\"WebSite\",\"@id\":\"https:\\\/\\\/mkpartner.com.pl\\\/#website\",\"url\":\"https:\\\/\\\/mkpartner.com.pl\\\/\",\"name\":\"Kancelaria Prawna - Meissner Kozio\u0142 Kaczmarek &amp; Partner\",\"description\":\"Kancelaria Prawna\",\"publisher\":{\"@id\":\"https:\\\/\\\/mkpartner.com.pl\\\/#organization\"},\"potentialAction\":[{\"@type\":\"SearchAction\",\"target\":{\"@type\":\"EntryPoint\",\"urlTemplate\":\"https:\\\/\\\/mkpartner.com.pl\\\/?s={search_term_string}\"},\"query-input\":{\"@type\":\"PropertyValueSpecification\",\"valueRequired\":true,\"valueName\":\"search_term_string\"}}],\"inLanguage\":\"de\"},{\"@type\":\"Organization\",\"@id\":\"https:\\\/\\\/mkpartner.com.pl\\\/#organization\",\"name\":\"Kancelaria Prawna Meissner Kozio\u0142 Kaczmarek & Partner\",\"url\":\"https:\\\/\\\/mkpartner.com.pl\\\/\",\"logo\":{\"@type\":\"ImageObject\",\"inLanguage\":\"de\",\"@id\":\"https:\\\/\\\/mkpartner.com.pl\\\/#\\\/schema\\\/logo\\\/image\\\/\",\"url\":\"http:\\\/\\\/wrdcxdb.cluster028.hosting.ovh.net\\\/wp-content\\\/uploads\\\/2021\\\/12\\\/logo-mk-partner.png\",\"contentUrl\":\"http:\\\/\\\/wrdcxdb.cluster028.hosting.ovh.net\\\/wp-content\\\/uploads\\\/2021\\\/12\\\/logo-mk-partner.png\",\"width\":180,\"height\":33,\"caption\":\"Kancelaria Prawna Meissner Kozio\u0142 Kaczmarek & Partner\"},\"image\":{\"@id\":\"https:\\\/\\\/mkpartner.com.pl\\\/#\\\/schema\\\/logo\\\/image\\\/\"},\"sameAs\":[\"https:\\\/\\\/www.facebook.com\\\/mkpartnerPL\",\"https:\\\/\\\/x.com\\\/MKK_Partner\"]}]}<\/script>\n<!-- \/ Yoast SEO plugin. -->","yoast_head_json":{"title":"Mateusz Witkowski - Die Kanzlei MKK & Partner","description":"Mateusz Witkowski - Die Kanzlei MKK & Partner","robots":{"index":"index","follow":"follow","max-snippet":"max-snippet:-1","max-image-preview":"max-image-preview:large","max-video-preview":"max-video-preview:-1"},"canonical":"https:\/\/mkpartner.com.pl\/de\/mateusz-witkowski\/","og_locale":"de_DE","og_type":"article","og_title":"Mateusz Witkowski - Die Kanzlei MKK & Partner","og_description":"Mateusz Witkowski - Die Kanzlei MKK & Partner","og_url":"https:\/\/mkpartner.com.pl\/de\/mateusz-witkowski\/","og_site_name":"Kancelaria Prawna - Meissner Kozio\u0142 Kaczmarek &amp; Partner","article_publisher":"https:\/\/www.facebook.com\/mkpartnerPL","article_modified_time":"2025-10-01T12:55:32+00:00","og_image":[{"url":"http:\/\/wrdcxdb.cluster028.hosting.ovh.net\/wp-content\/uploads\/2022\/10\/7.-Witkowski-278x346.jpg","type":"","width":"","height":""}],"twitter_card":"summary_large_image","twitter_site":"@MKK_Partner","schema":{"@context":"https:\/\/schema.org","@graph":[{"@type":"WebPage","@id":"https:\/\/mkpartner.com.pl\/de\/mateusz-witkowski\/","url":"https:\/\/mkpartner.com.pl\/de\/mateusz-witkowski\/","name":"Mateusz Witkowski - Die Kanzlei MKK & Partner","isPartOf":{"@id":"https:\/\/mkpartner.com.pl\/#website"},"primaryImageOfPage":{"@id":"https:\/\/mkpartner.com.pl\/de\/mateusz-witkowski\/#primaryimage"},"image":{"@id":"https:\/\/mkpartner.com.pl\/de\/mateusz-witkowski\/#primaryimage"},"thumbnailUrl":"https:\/\/mkpartner.com.pl\/wp-content\/uploads\/2022\/10\/7.-Witkowski-278x346.jpg","datePublished":"2020-01-07T10:45:46+00:00","dateModified":"2025-10-01T12:55:32+00:00","description":"Mateusz Witkowski - Die Kanzlei MKK & Partner","inLanguage":"de","potentialAction":[{"@type":"ReadAction","target":["https:\/\/mkpartner.com.pl\/de\/mateusz-witkowski\/"]}]},{"@type":"ImageObject","inLanguage":"de","@id":"https:\/\/mkpartner.com.pl\/de\/mateusz-witkowski\/#primaryimage","url":"https:\/\/mkpartner.com.pl\/wp-content\/uploads\/2022\/10\/7.-Witkowski-278x346.jpg","contentUrl":"https:\/\/mkpartner.com.pl\/wp-content\/uploads\/2022\/10\/7.-Witkowski-278x346.jpg"},{"@type":"WebSite","@id":"https:\/\/mkpartner.com.pl\/#website","url":"https:\/\/mkpartner.com.pl\/","name":"Kancelaria Prawna - Meissner Kozio\u0142 Kaczmarek &amp; Partner","description":"Kancelaria Prawna","publisher":{"@id":"https:\/\/mkpartner.com.pl\/#organization"},"potentialAction":[{"@type":"SearchAction","target":{"@type":"EntryPoint","urlTemplate":"https:\/\/mkpartner.com.pl\/?s={search_term_string}"},"query-input":{"@type":"PropertyValueSpecification","valueRequired":true,"valueName":"search_term_string"}}],"inLanguage":"de"},{"@type":"Organization","@id":"https:\/\/mkpartner.com.pl\/#organization","name":"Kancelaria Prawna Meissner Kozio\u0142 Kaczmarek & Partner","url":"https:\/\/mkpartner.com.pl\/","logo":{"@type":"ImageObject","inLanguage":"de","@id":"https:\/\/mkpartner.com.pl\/#\/schema\/logo\/image\/","url":"http:\/\/wrdcxdb.cluster028.hosting.ovh.net\/wp-content\/uploads\/2021\/12\/logo-mk-partner.png","contentUrl":"http:\/\/wrdcxdb.cluster028.hosting.ovh.net\/wp-content\/uploads\/2021\/12\/logo-mk-partner.png","width":180,"height":33,"caption":"Kancelaria Prawna Meissner Kozio\u0142 Kaczmarek & Partner"},"image":{"@id":"https:\/\/mkpartner.com.pl\/#\/schema\/logo\/image\/"},"sameAs":["https:\/\/www.facebook.com\/mkpartnerPL","https:\/\/x.com\/MKK_Partner"]}]}},"builder_content":"<h3>EIN TEAM INDIVIDUELLER PERS\u00d6NLICHKEITEN<br\/><\/h3>\n<img src=\"https:\/\/mkpartner.com.pl\/wp-content\/uploads\/2022\/10\/7.-Witkowski-278x346.jpg\" width=\"278\" height=\"346\" title=\"Mateusz Witkowski\" alt=\"Mateusz Witkowski\" srcset=\"https:\/\/mkpartner.com.pl\/wp-content\/uploads\/2022\/10\/7.-Witkowski-278x346.jpg 278w, https:\/\/mkpartner.com.pl\/wp-content\/uploads\/2022\/10\/7.-Witkowski-240x300.jpg 240w, https:\/\/mkpartner.com.pl\/wp-content\/uploads\/2022\/10\/7.-Witkowski-1229x1536.jpg 1229w\" sizes=\"(max-width: 278px) 100vw, 278px\" \/> <h3> Mateusz Witkowski <\/h3> <a href=\"mailto:m.witkowski@mkpartner.com.pl\">m.witkowski@mkpartner.com.pl<\/a>\n<h1>Mateusz WITKOWSKI<\/h1> <h2>Polnische Rechtsanw\u00e4ltin<\/h2> <p>Der Referendar bei der Bezirkskammer der Rechtsanw\u00e4lte in Pozna\u0144, der Absolvent der Adam-Mickiewicz-Universit\u00e4t in Pozna\u0144, Fakult\u00e4t f\u00fcr Recht und Verwaltung, wo er seine Magisterarbeit \u00fcber die nachtr\u00e4gliche unverschuldete Unm\u00f6glichkeit der Leistung verteidigte, indem er dieses Institut des Zivilrechts mit dem Problem der Aussetzung von Fu\u00dfball-Ligaspielen zur Zeit der epidemiologischen Einschr\u00e4nkungen verband.<\/p> <p>Seit einen Beginn seiner juristischen Ausbildung sammelte er Berufserfahrung in einer Kanzlei f\u00fcr die Rechtsberater und die Restrukturierungsberater Pozna\u0144-Warschau, wo er sich mit laufenden Konkurs- und Restrukturierungsverfahren gegen die Gesellschaften und nat\u00fcrliche Personen befasste. Dar\u00fcber hinaus besch\u00e4ftigte er sich t\u00e4glich in der Juristischen Universit\u00e4tsklinik f\u00fcr Studenten an der Adam-Mickiewicz-Universit\u00e4t in Pozna\u0144.<\/p> <p>Sein Interesse gilt dem Zivilrecht, insbesondere dem Vertragsrecht, sowie dem Sportrecht, insbesondere der rechtlichen Regelung des elektronischen Sports, und dem Konkurs- und Restrukturierungsrecht.<\/p> <p>Er spricht flie\u00dfend Englisch er verf\u00fcgt \u00fcber Grundkenntnisse der deutschen Sprache.<\/p>\n<a href=\"\/de\/team-posen\/\" rel=\"nofollow\"> Zur\u00fcck zum Verzeichnis der Mitarbeiter <em><svg aria-hidden=\"true\"><use href=\"#tf-ti-angle-right\"><\/use><\/svg><\/em> <\/a>\n<p style=\"text-align: center;\"><strong>WIE K\u00d6NNEN SIE SICH MIT UNS IN VERBINDUNG SETZEN?<\/strong><\/p> \n \n <p style=\"text-align: center;\"><strong>WARSCHAU<\/strong><\/p><p style=\"text-align: center;\">Wsp\u00f3lna Str. 70<\/p><p style=\"text-align: center;\">00-687 Warszawa<\/p><p style=\"text-align: center;\"><a href=\"mailto:warszawa@mkpartner.com.pl\">warszawa@mkpartner.com.pl<\/a><\/p> \n \n <p style=\"text-align: center;\"><strong>POSEN<\/strong><\/p> <p style=\"text-align: center;\">Wolszty\u0144ska Str. 5, 60-361 Pozna\u0144<\/p> <p style=\"text-align: center;\">+48\u00a0798\u00a0607\u00a0482<\/p> <p style=\"text-align: center;\"><a href=\"mailto:poznan@mkpartner.com.pl\">poznan@mkpartner.com.pl<\/a><\/p> \n \n <p style=\"text-align: center;\"><strong>BERLIN<\/strong><\/p><p style=\"text-align: center;\">Dietzgenstra\u00dfe 85<\/p><p style=\"text-align: center;\">13156 Berlin<\/p><p style=\"text-align: center;\"><a href=\"mailto:berlin@mkpartner.com.pl\">berlin@mkpartner.com.pl<\/a><\/p>","_links":{"self":[{"href":"https:\/\/mkpartner.com.pl\/de\/wp-json\/wp\/v2\/pages\/4591","targetHints":{"allow":["GET"]}}],"collection":[{"href":"https:\/\/mkpartner.com.pl\/de\/wp-json\/wp\/v2\/pages"}],"about":[{"href":"https:\/\/mkpartner.com.pl\/de\/wp-json\/wp\/v2\/types\/page"}],"author":[{"embeddable":true,"href":"https:\/\/mkpartner.com.pl\/de\/wp-json\/wp\/v2\/users\/45"}],"replies":[{"embeddable":true,"href":"https:\/\/mkpartner.com.pl\/de\/wp-json\/wp\/v2\/comments?post=4591"}],"version-history":[{"count":0,"href":"https:\/\/mkpartner.com.pl\/de\/wp-json\/wp\/v2\/pages\/4591\/revisions"}],"wp:attachment":[{"href":"https:\/\/mkpartner.com.pl\/de\/wp-json\/wp\/v2\/media?parent=4591"}],"curies":[{"name":"wp","href":"https:\/\/api.w.org\/{rel}","templated":true}]}}