{"id":4664,"date":"2019-06-11T14:23:06","date_gmt":"2019-06-11T12:23:06","guid":{"rendered":"http:\/\/wrdcxdb.cluster028.hosting.ovh.net\/baurecht-immobilien-investitionsprozesse\/"},"modified":"2024-04-09T21:08:27","modified_gmt":"2024-04-09T19:08:27","slug":"baurecht-immobilien-investitionsprozesse","status":"publish","type":"page","link":"https:\/\/mkpartner.com.pl\/de\/baurecht-immobilien-investitionsprozesse\/","title":{"rendered":"Baurecht, Immobilien, Investitionsprozesse"},"content":{"rendered":"<!--themify_builder_content-->\n<div id=\"themify_builder_content-4664\" data-postid=\"4664\" class=\"themify_builder_content themify_builder_content-4664 themify_builder tf_clear\">\n    \t\t\t\t<!-- module_row -->\n\t\t<div  data-css_id=\"1be6777\" id=\"baner\" data-lazy=\"1\" class=\"module_row themify_builder_row fullwidth tb_1be6777 tb_first tf_w tf_clearfix wow\" data-tf-animation=\"fadeIn\">\n\t\t\t\t\t<div class=\"row_inner col_align_top tb_col_count_1 tf_box tf_rel\">\n\t\t\t\t\t<div  data-lazy=\"1\" class=\"module_column tb-column col-full tb_1exp777 first\">\n\t\t\t\t\t\t\t\t\t<div class=\"tb-column-inner tf_box tf_w\">\n\t\t\t\t<!-- module text -->\n<div  class=\"module module-text tb_s6i1777   \" data-lazy=\"1\">\n        <div  class=\"tb_text_wrap\">\n    <h1 style=\"text-align: center;\">BAURECHT, IMMOBILIEN, INVESTITIONSPROZESSE<\/h1>\n<p style=\"text-align: center;\">-Fachgebiete-<\/p>    <\/div>\n<\/div>\n<!-- \/module text -->\t\t\t\t<\/div><!-- .tb-column-inner -->\n\t\t\t\t\t\t<\/div><!-- .module_column -->\n\t\t\t\t\t\t<\/div><!-- .row_inner -->\n\t\t<\/div><!-- .module_row -->\n\t\t\t\t\t\t\t\t<!-- module_row -->\n\t\t<div  data-css_id=\"ztzf492\" data-lazy=\"1\" class=\"module_row themify_builder_row fullwidth_row_container tb_ztzf492 tf_w tf_clearfix\">\n\t\t\t\t\t<div class=\"row_inner col_align_top tb_col_count_1 tf_box tf_rel\">\n\t\t\t\t\t<div  data-lazy=\"1\" class=\"module_column tb-column col-full tb_q25o503 first\">\n\t\t\t\t\t\t\t\t\t<div class=\"tb-column-inner tf_box tf_w\">\n\t\t\t\t<!-- module text -->\n<div  class=\"module module-text tb_uap4504   \" data-lazy=\"1\">\n        <div  class=\"tb_text_wrap\">\n    <p>Eines der Fachgebiete der Kanzlei Meissner Kozio\u0142 Kaczmarek &amp; Partner ist die umfassende Rechtsberatung bei Angelegenheiten im Zusammenhang mit Immobilien und mit dem Bauchrecht und Investitionsprozessen. Wir beraten Beteiligte an Investitionsprozessen <b>von der Etappe<\/b> <strong>der Verhandlungen und Festlegung von Bedingungen der einzelnen Vertr\u00e4ge bis hin zum Zeitpunkt deren Abrechnung. Wir unterst\u00fctzen Unternehmen, die auf dem Bau- und Immobilienmarkt t\u00e4tig sind, bei deren t\u00e4glichen Gesch\u00e4ftst\u00e4tigkeit. <\/strong>Mit gleichem Engagement beraten wir sowohl gro\u00dfe Firmen aus der Baubranche und weltweit bekannte Bautr\u00e4ger als auch kleine, lokale Bautr\u00e4ger, Bauunternehmen bzw. Bauherren.<\/p>\n<p>Wir verf\u00fcgen \u00fcber weitreichende Erfahrung, gesammelt u. a. :<\/p>\n<ul>\n<li>bei der st\u00e4ndigen umfassenden Rechtsberatung f\u00fcr gro\u00dfe, mittlere und kleine Bautr\u00e4ger,<\/li>\n<li>bei der Vorbereitung und Aushandlung von Vertr\u00e4gen \u00fcber Bauarbeiten, <strong>Generalunternehmerleistungen<\/strong> und die Bautr\u00e4gerschaft sowie Vertr\u00e4gen, die f\u00fcr die Absicherung der Interessen unserer Kunden in jeder Etappe des Investitionsprozesses unentbehrlich sind,<\/li>\n<li>bei der Teilnahme an Prozessen des Immobilienverkehrs, der Immobilienteilung, der Umwandlung von Agrargebieten in Investitionsgebiete und der Erlangung des Bescheids \u00fcber Bebauungsbedingungen,<\/li>\n<li>bei der Beratung bei Streitigkeiten zwischen Unternehmen eines Konsortiums,<\/li>\n<li>bei der Geltendmachung von Anspr\u00fcchen aus Garantien und Gew\u00e4hrleistungen f\u00fcr die ausgef\u00fchrten Bauarbeiten und bei der Vollstreckung der Haftung von Subunternehmen, welche die Bauarbeiten ausgef\u00fchrt haben,<\/li>\n<li>bei der Vertretung bei Streitigkeiten wegen Fehlern in Projektunterlagen,<\/li>\n<li>bei der Kundenvertretung vor Gerichten in Zivilsachen, darunter Streitigkeiten mit Unternehmen, welche die Bau-, Renovierungs- und Innenausbauarbeiten ausgef\u00fchrt haben,<\/li>\n<li>bei der Kundenvertretung vor Verwaltungsbeh\u00f6rden und Gerichten u. a. bei Streitigkeiten zu der H\u00f6he der Geb\u00fchren f\u00fcr den Erbnie\u00dfbrauch von Grundst\u00fccken,<\/li>\n<li>bei der Kundenvertretung vor dem Innenministerium beim Erwerb von Immobilien durch Ausl\u00e4nder,<\/li>\n<li>bei der Vorbereitung und Aushandlung von Vertr\u00e4gen \u00fcber die Anmietung von B\u00fcro- und Gesch\u00e4ftsr\u00e4umlichkeiten.<\/li>\n<\/ul>    <\/div>\n<\/div>\n<!-- \/module text -->\t\t\t\t<\/div><!-- .tb-column-inner -->\n\t\t\t\t\t\t<\/div><!-- .module_column -->\n\t\t\t\t\t\t<\/div><!-- .row_inner -->\n\t\t<\/div><!-- .module_row -->\n\t\t\t\t\t\t\t\t<!-- module_row -->\n\t\t<div  data-css_id=\"hujp496\" data-lazy=\"1\" class=\"module_row themify_builder_row fullwidth tb_hujp496 tf_w tf_clearfix\">\n\t\t\t\t\t<div class=\"row_inner col_align_top tb_col_count_1 tf_box tf_rel\">\n\t\t\t\t\t<div  data-lazy=\"1\" class=\"module_column tb-column col-full tb_yccv496 first\">\n\t\t\t\t\t\t\t\t\t<div class=\"tb-column-inner tf_box tf_w\">\n\t\t\t\t<!-- module template_part -->\n<div  class=\"module module-layout-part tb_j9qr496 \">\n    <div class=\"tb_layout_part_wrap tf_w\"><!--themify_builder_content-->\n    <div  class=\"themify_builder_content themify_builder_content-4421 themify_builder not_editable_builder in_the_loop\" data-postid=\"4421\">\n        \t\t\t\t<!-- module_row -->\n\t\t<div  data-lazy=\"1\" class=\"module_row themify_builder_row tb_wp5s243 tf_w tf_clearfix\">\n\t\t\t\t\t<div class=\"row_inner col_align_top tb_col_count_1 tf_box tf_rel\">\n\t\t\t\t\t<div  data-lazy=\"1\" class=\"module_column tb-column col-full tb_fnzh243 first\">\n\t\t\t\t\t\t\t\t\t<div class=\"tb-column-inner tf_box tf_w\">\n\t\t\t\t<!-- module text -->\n<div  class=\"module module-text tb_6xvi964    wow\" data-tf-animation=\"slideInUp\" data-lazy=\"1\">\n        <div  class=\"tb_text_wrap\">\n    <p style=\"text-align: center;\"><strong>WIE K\u00d6NNEN SIE SICH MIT UNS IN VERBINDUNG SETZEN?<\/strong><\/p>    <\/div>\n<\/div>\n<!-- \/module text -->\t\t<div  data-lazy=\"1\" class=\"module_subrow themify_builder_sub_row tb_in59692 tf_w tf_clearfix\">\n\t\t\t\t\t<div class=\"subrow_inner col_align_top tb_col_count_3 tf_box tf_w\">\n\t\t\t\t\t<div  data-lazy=\"1\" class=\"module_column sub_column col3-1 tb_k5mb693 first\">\n\t\t\t\t\t\t\t\t\t<div class=\"tb-column-inner tf_box tf_w\">\n\t\t\t\t<!-- module text -->\n<div  class=\"module module-text tb_ybzu301    wow\" data-tf-animation=\"slideInUp\" data-lazy=\"1\">\n        <div  class=\"tb_text_wrap\">\n    <p style=\"text-align: center;\"><strong>WARSCHAU<\/strong><\/p><p style=\"text-align: center;\">Wsp\u00f3lna Str. 70<\/p><p style=\"text-align: center;\">00-687 Warszawa<\/p><p style=\"text-align: center;\"><a href=\"mailto:warszawa@mkpartner.com.pl\">warszawa@mkpartner.com.pl<\/a><\/p>    <\/div>\n<\/div>\n<!-- \/module text -->\t\t\t\t<\/div><!-- .tb-column-inner -->\n\t\t\t\t\t\t<\/div><!-- .module_column -->\n\t\t\t\t\t<div  data-lazy=\"1\" class=\"module_column sub_column col3-1 tb_2ktv693\">\n\t\t\t\t\t\t\t\t\t<div class=\"tb-column-inner tf_box tf_w\">\n\t\t\t\t<!-- module text -->\n<div  class=\"module module-text tb_1bhr695    wow\" data-tf-animation=\"slideInUp\" data-lazy=\"1\">\n        <div  class=\"tb_text_wrap\">\n    <p style=\"text-align: center;\"><strong>POSEN<\/strong><\/p>\n<p style=\"text-align: center;\">Wolszty\u0144ska Str. 5, 60-361 Pozna\u0144<\/p>\n<p style=\"text-align: center;\">+48\u00a0798\u00a0607\u00a0482<\/p>\n<p style=\"text-align: center;\"><a href=\"mailto:poznan@mkpartner.com.pl\">poznan@mkpartner.com.pl<\/a><\/p>    <\/div>\n<\/div>\n<!-- \/module text -->\t\t\t\t<\/div><!-- .tb-column-inner -->\n\t\t\t\t\t\t<\/div><!-- .module_column -->\n\t\t\t\t\t<div  data-lazy=\"1\" class=\"module_column sub_column col3-1 tb_67dv693 last\">\n\t\t\t\t\t\t\t\t\t<div class=\"tb-column-inner tf_box tf_w\">\n\t\t\t\t<!-- module text -->\n<div  class=\"module module-text tb_xelv7    wow\" data-tf-animation=\"slideInUp\" data-lazy=\"1\">\n        <div  class=\"tb_text_wrap\">\n    <p style=\"text-align: center;\"><strong>BERLIN<\/strong><\/p><p style=\"text-align: center;\">Dietzgenstra\u00dfe 85<\/p><p style=\"text-align: center;\">13156 Berlin<\/p><p style=\"text-align: center;\"><a href=\"mailto:berlin@mkpartner.com.pl\">berlin@mkpartner.com.pl<\/a><\/p>    <\/div>\n<\/div>\n<!-- \/module text -->\t\t\t\t<\/div><!-- .tb-column-inner -->\n\t\t\t\t\t\t<\/div><!-- .module_column -->\n\t\t\t\t\t\t<\/div><!-- .subrow_inner -->\n\t\t<\/div><!-- .themify_builder_sub_row -->\n\t\t\t\t\t\t\t\t<\/div><!-- .tb-column-inner -->\n\t\t\t\t\t\t<\/div><!-- .module_column -->\n\t\t\t\t\t\t<\/div><!-- .row_inner -->\n\t\t<\/div><!-- .module_row -->\n\t\t\t\t    <\/div>\n<!--\/themify_builder_content--><\/div>\n<\/div>\n<!-- \/module template_part -->\t\t\t\t<\/div><!-- .tb-column-inner -->\n\t\t\t\t\t\t<\/div><!-- .module_column -->\n\t\t\t\t\t\t<\/div><!-- .row_inner -->\n\t\t<\/div><!-- .module_row -->\n\t\t\t\t<\/div>\n<!--\/themify_builder_content-->","protected":false},"excerpt":{"rendered":"<p>BAURECHT, IMMOBILIEN, INVESTITIONSPROZESSE -Fachgebiete- Eines der Fachgebiete der Kanzlei Meissner Kozio\u0142 Kaczmarek &amp; Partner ist die umfassende Rechtsberatung bei Angelegenheiten im Zusammenhang mit Immobilien und mit dem Bauchrecht und Investitionsprozessen. Wir beraten Beteiligte an Investitionsprozessen von der Etappe der Verhandlungen und Festlegung von Bedingungen der einzelnen Vertr\u00e4ge bis hin zum Zeitpunkt deren Abrechnung. Wir unterst\u00fctzen [&hellip;]<\/p>\n","protected":false},"author":45,"featured_media":0,"parent":0,"menu_order":0,"comment_status":"closed","ping_status":"closed","template":"","meta":{"om_disable_all_campaigns":false,"inline_featured_image":false,"_uf_show_specific_survey":0,"_uf_disable_surveys":false,"footnotes":""},"class_list":["post-4664","page","type-page","status-publish","hentry","has-post-title","has-post-date","has-post-category","has-post-tag","has-post-comment","has-post-author",""],"featured_image_src":null,"yoast_head":"<!-- This site is optimized with the Yoast SEO plugin v27.4 - https:\/\/yoast.com\/product\/yoast-seo-wordpress\/ -->\n<title>Baurecht, Immobilien, Investitionsprozesse - Die Kanzlei MKK &amp; Partner<\/title>\n<meta name=\"description\" content=\"Baurecht, Immobilien, Investitionsprozesse - Die Kanzlei MKK &amp; Partner\" \/>\n<meta name=\"robots\" content=\"index, follow, max-snippet:-1, max-image-preview:large, max-video-preview:-1\" \/>\n<link rel=\"canonical\" href=\"https:\/\/mkpartner.com.pl\/de\/baurecht-immobilien-investitionsprozesse\/\" \/>\n<meta property=\"og:locale\" content=\"de_DE\" \/>\n<meta property=\"og:type\" content=\"article\" \/>\n<meta property=\"og:title\" content=\"Baurecht, Immobilien, Investitionsprozesse - Die Kanzlei MKK &amp; Partner\" \/>\n<meta property=\"og:description\" content=\"Baurecht, Immobilien, Investitionsprozesse - Die Kanzlei MKK &amp; Partner\" \/>\n<meta property=\"og:url\" content=\"https:\/\/mkpartner.com.pl\/de\/baurecht-immobilien-investitionsprozesse\/\" \/>\n<meta property=\"og:site_name\" content=\"Kancelaria Prawna - Meissner Kozio\u0142 Kaczmarek &amp; Partner\" \/>\n<meta property=\"article:publisher\" content=\"https:\/\/www.facebook.com\/mkpartnerPL\" \/>\n<meta property=\"article:modified_time\" content=\"2024-04-09T19:08:27+00:00\" \/>\n<meta property=\"og:image\" content=\"https:\/\/mkpartner.com.pl\/wp-content\/uploads\/2021\/12\/logo-mk-partner.png\" \/>\n\t<meta property=\"og:image:width\" content=\"180\" \/>\n\t<meta property=\"og:image:height\" content=\"33\" \/>\n\t<meta property=\"og:image:type\" content=\"image\/png\" \/>\n<meta name=\"twitter:card\" content=\"summary_large_image\" \/>\n<meta name=\"twitter:site\" content=\"@MKK_Partner\" \/>\n<script type=\"application\/ld+json\" class=\"yoast-schema-graph\">{\"@context\":\"https:\\\/\\\/schema.org\",\"@graph\":[{\"@type\":\"WebPage\",\"@id\":\"https:\\\/\\\/mkpartner.com.pl\\\/de\\\/baurecht-immobilien-investitionsprozesse\\\/\",\"url\":\"https:\\\/\\\/mkpartner.com.pl\\\/de\\\/baurecht-immobilien-investitionsprozesse\\\/\",\"name\":\"Baurecht, Immobilien, Investitionsprozesse - Die Kanzlei MKK & Partner\",\"isPartOf\":{\"@id\":\"https:\\\/\\\/mkpartner.com.pl\\\/#website\"},\"datePublished\":\"2019-06-11T12:23:06+00:00\",\"dateModified\":\"2024-04-09T19:08:27+00:00\",\"description\":\"Baurecht, Immobilien, Investitionsprozesse - Die Kanzlei MKK & Partner\",\"inLanguage\":\"de\",\"potentialAction\":[{\"@type\":\"ReadAction\",\"target\":[\"https:\\\/\\\/mkpartner.com.pl\\\/de\\\/baurecht-immobilien-investitionsprozesse\\\/\"]}]},{\"@type\":\"WebSite\",\"@id\":\"https:\\\/\\\/mkpartner.com.pl\\\/#website\",\"url\":\"https:\\\/\\\/mkpartner.com.pl\\\/\",\"name\":\"Kancelaria Prawna - Meissner Kozio\u0142 Kaczmarek &amp; Partner\",\"description\":\"Kancelaria Prawna\",\"publisher\":{\"@id\":\"https:\\\/\\\/mkpartner.com.pl\\\/#organization\"},\"potentialAction\":[{\"@type\":\"SearchAction\",\"target\":{\"@type\":\"EntryPoint\",\"urlTemplate\":\"https:\\\/\\\/mkpartner.com.pl\\\/?s={search_term_string}\"},\"query-input\":{\"@type\":\"PropertyValueSpecification\",\"valueRequired\":true,\"valueName\":\"search_term_string\"}}],\"inLanguage\":\"de\"},{\"@type\":\"Organization\",\"@id\":\"https:\\\/\\\/mkpartner.com.pl\\\/#organization\",\"name\":\"Kancelaria Prawna Meissner Kozio\u0142 Kaczmarek & Partner\",\"url\":\"https:\\\/\\\/mkpartner.com.pl\\\/\",\"logo\":{\"@type\":\"ImageObject\",\"inLanguage\":\"de\",\"@id\":\"https:\\\/\\\/mkpartner.com.pl\\\/#\\\/schema\\\/logo\\\/image\\\/\",\"url\":\"http:\\\/\\\/wrdcxdb.cluster028.hosting.ovh.net\\\/wp-content\\\/uploads\\\/2021\\\/12\\\/logo-mk-partner.png\",\"contentUrl\":\"http:\\\/\\\/wrdcxdb.cluster028.hosting.ovh.net\\\/wp-content\\\/uploads\\\/2021\\\/12\\\/logo-mk-partner.png\",\"width\":180,\"height\":33,\"caption\":\"Kancelaria Prawna Meissner Kozio\u0142 Kaczmarek & Partner\"},\"image\":{\"@id\":\"https:\\\/\\\/mkpartner.com.pl\\\/#\\\/schema\\\/logo\\\/image\\\/\"},\"sameAs\":[\"https:\\\/\\\/www.facebook.com\\\/mkpartnerPL\",\"https:\\\/\\\/x.com\\\/MKK_Partner\"]}]}<\/script>\n<!-- \/ Yoast SEO plugin. -->","yoast_head_json":{"title":"Baurecht, Immobilien, Investitionsprozesse - Die Kanzlei MKK & Partner","description":"Baurecht, Immobilien, Investitionsprozesse - Die Kanzlei MKK & Partner","robots":{"index":"index","follow":"follow","max-snippet":"max-snippet:-1","max-image-preview":"max-image-preview:large","max-video-preview":"max-video-preview:-1"},"canonical":"https:\/\/mkpartner.com.pl\/de\/baurecht-immobilien-investitionsprozesse\/","og_locale":"de_DE","og_type":"article","og_title":"Baurecht, Immobilien, Investitionsprozesse - Die Kanzlei MKK & Partner","og_description":"Baurecht, Immobilien, Investitionsprozesse - Die Kanzlei MKK & Partner","og_url":"https:\/\/mkpartner.com.pl\/de\/baurecht-immobilien-investitionsprozesse\/","og_site_name":"Kancelaria Prawna - Meissner Kozio\u0142 Kaczmarek &amp; Partner","article_publisher":"https:\/\/www.facebook.com\/mkpartnerPL","article_modified_time":"2024-04-09T19:08:27+00:00","og_image":[{"width":180,"height":33,"url":"https:\/\/mkpartner.com.pl\/wp-content\/uploads\/2021\/12\/logo-mk-partner.png","type":"image\/png"}],"twitter_card":"summary_large_image","twitter_site":"@MKK_Partner","schema":{"@context":"https:\/\/schema.org","@graph":[{"@type":"WebPage","@id":"https:\/\/mkpartner.com.pl\/de\/baurecht-immobilien-investitionsprozesse\/","url":"https:\/\/mkpartner.com.pl\/de\/baurecht-immobilien-investitionsprozesse\/","name":"Baurecht, Immobilien, Investitionsprozesse - Die Kanzlei MKK & Partner","isPartOf":{"@id":"https:\/\/mkpartner.com.pl\/#website"},"datePublished":"2019-06-11T12:23:06+00:00","dateModified":"2024-04-09T19:08:27+00:00","description":"Baurecht, Immobilien, Investitionsprozesse - Die Kanzlei MKK & Partner","inLanguage":"de","potentialAction":[{"@type":"ReadAction","target":["https:\/\/mkpartner.com.pl\/de\/baurecht-immobilien-investitionsprozesse\/"]}]},{"@type":"WebSite","@id":"https:\/\/mkpartner.com.pl\/#website","url":"https:\/\/mkpartner.com.pl\/","name":"Kancelaria Prawna - Meissner Kozio\u0142 Kaczmarek &amp; Partner","description":"Kancelaria Prawna","publisher":{"@id":"https:\/\/mkpartner.com.pl\/#organization"},"potentialAction":[{"@type":"SearchAction","target":{"@type":"EntryPoint","urlTemplate":"https:\/\/mkpartner.com.pl\/?s={search_term_string}"},"query-input":{"@type":"PropertyValueSpecification","valueRequired":true,"valueName":"search_term_string"}}],"inLanguage":"de"},{"@type":"Organization","@id":"https:\/\/mkpartner.com.pl\/#organization","name":"Kancelaria Prawna Meissner Kozio\u0142 Kaczmarek & Partner","url":"https:\/\/mkpartner.com.pl\/","logo":{"@type":"ImageObject","inLanguage":"de","@id":"https:\/\/mkpartner.com.pl\/#\/schema\/logo\/image\/","url":"http:\/\/wrdcxdb.cluster028.hosting.ovh.net\/wp-content\/uploads\/2021\/12\/logo-mk-partner.png","contentUrl":"http:\/\/wrdcxdb.cluster028.hosting.ovh.net\/wp-content\/uploads\/2021\/12\/logo-mk-partner.png","width":180,"height":33,"caption":"Kancelaria Prawna Meissner Kozio\u0142 Kaczmarek & Partner"},"image":{"@id":"https:\/\/mkpartner.com.pl\/#\/schema\/logo\/image\/"},"sameAs":["https:\/\/www.facebook.com\/mkpartnerPL","https:\/\/x.com\/MKK_Partner"]}]}},"builder_content":"<h1 style=\"text-align: center;\">BAURECHT, IMMOBILIEN, INVESTITIONSPROZESSE<\/h1> <p style=\"text-align: center;\">-Fachgebiete-<\/p>\n<p>Eines der Fachgebiete der Kanzlei Meissner Kozio\u0142 Kaczmarek &amp; Partner ist die umfassende Rechtsberatung bei Angelegenheiten im Zusammenhang mit Immobilien und mit dem Bauchrecht und Investitionsprozessen. Wir beraten Beteiligte an Investitionsprozessen <b>von der Etappe<\/b> <strong>der Verhandlungen und Festlegung von Bedingungen der einzelnen Vertr\u00e4ge bis hin zum Zeitpunkt deren Abrechnung. Wir unterst\u00fctzen Unternehmen, die auf dem Bau- und Immobilienmarkt t\u00e4tig sind, bei deren t\u00e4glichen Gesch\u00e4ftst\u00e4tigkeit. <\/strong>Mit gleichem Engagement beraten wir sowohl gro\u00dfe Firmen aus der Baubranche und weltweit bekannte Bautr\u00e4ger als auch kleine, lokale Bautr\u00e4ger, Bauunternehmen bzw. Bauherren.<\/p> <p>Wir verf\u00fcgen \u00fcber weitreichende Erfahrung, gesammelt u. a. :<\/p> <ul> <li>bei der st\u00e4ndigen umfassenden Rechtsberatung f\u00fcr gro\u00dfe, mittlere und kleine Bautr\u00e4ger,<\/li> <li>bei der Vorbereitung und Aushandlung von Vertr\u00e4gen \u00fcber Bauarbeiten, <strong>Generalunternehmerleistungen<\/strong> und die Bautr\u00e4gerschaft sowie Vertr\u00e4gen, die f\u00fcr die Absicherung der Interessen unserer Kunden in jeder Etappe des Investitionsprozesses unentbehrlich sind,<\/li> <li>bei der Teilnahme an Prozessen des Immobilienverkehrs, der Immobilienteilung, der Umwandlung von Agrargebieten in Investitionsgebiete und der Erlangung des Bescheids \u00fcber Bebauungsbedingungen,<\/li> <li>bei der Beratung bei Streitigkeiten zwischen Unternehmen eines Konsortiums,<\/li> <li>bei der Geltendmachung von Anspr\u00fcchen aus Garantien und Gew\u00e4hrleistungen f\u00fcr die ausgef\u00fchrten Bauarbeiten und bei der Vollstreckung der Haftung von Subunternehmen, welche die Bauarbeiten ausgef\u00fchrt haben,<\/li> <li>bei der Vertretung bei Streitigkeiten wegen Fehlern in Projektunterlagen,<\/li> <li>bei der Kundenvertretung vor Gerichten in Zivilsachen, darunter Streitigkeiten mit Unternehmen, welche die Bau-, Renovierungs- und Innenausbauarbeiten ausgef\u00fchrt haben,<\/li> <li>bei der Kundenvertretung vor Verwaltungsbeh\u00f6rden und Gerichten u. a. bei Streitigkeiten zu der H\u00f6he der Geb\u00fchren f\u00fcr den Erbnie\u00dfbrauch von Grundst\u00fccken,<\/li> <li>bei der Kundenvertretung vor dem Innenministerium beim Erwerb von Immobilien durch Ausl\u00e4nder,<\/li> <li>bei der Vorbereitung und Aushandlung von Vertr\u00e4gen \u00fcber die Anmietung von B\u00fcro- und Gesch\u00e4ftsr\u00e4umlichkeiten.<\/li> <\/ul>\n<p style=\"text-align: center;\"><strong>WIE K\u00d6NNEN SIE SICH MIT UNS IN VERBINDUNG SETZEN?<\/strong><\/p> \n \n <p style=\"text-align: center;\"><strong>WARSCHAU<\/strong><\/p><p style=\"text-align: center;\">Wsp\u00f3lna Str. 70<\/p><p style=\"text-align: center;\">00-687 Warszawa<\/p><p style=\"text-align: center;\"><a href=\"mailto:warszawa@mkpartner.com.pl\">warszawa@mkpartner.com.pl<\/a><\/p> \n \n <p style=\"text-align: center;\"><strong>POSEN<\/strong><\/p> <p style=\"text-align: center;\">Wolszty\u0144ska Str. 5, 60-361 Pozna\u0144<\/p> <p style=\"text-align: center;\">+48\u00a0798\u00a0607\u00a0482<\/p> <p style=\"text-align: center;\"><a href=\"mailto:poznan@mkpartner.com.pl\">poznan@mkpartner.com.pl<\/a><\/p> \n \n <p style=\"text-align: center;\"><strong>BERLIN<\/strong><\/p><p style=\"text-align: center;\">Dietzgenstra\u00dfe 85<\/p><p style=\"text-align: center;\">13156 Berlin<\/p><p style=\"text-align: center;\"><a href=\"mailto:berlin@mkpartner.com.pl\">berlin@mkpartner.com.pl<\/a><\/p>","_links":{"self":[{"href":"https:\/\/mkpartner.com.pl\/de\/wp-json\/wp\/v2\/pages\/4664","targetHints":{"allow":["GET"]}}],"collection":[{"href":"https:\/\/mkpartner.com.pl\/de\/wp-json\/wp\/v2\/pages"}],"about":[{"href":"https:\/\/mkpartner.com.pl\/de\/wp-json\/wp\/v2\/types\/page"}],"author":[{"embeddable":true,"href":"https:\/\/mkpartner.com.pl\/de\/wp-json\/wp\/v2\/users\/45"}],"replies":[{"embeddable":true,"href":"https:\/\/mkpartner.com.pl\/de\/wp-json\/wp\/v2\/comments?post=4664"}],"version-history":[{"count":0,"href":"https:\/\/mkpartner.com.pl\/de\/wp-json\/wp\/v2\/pages\/4664\/revisions"}],"wp:attachment":[{"href":"https:\/\/mkpartner.com.pl\/de\/wp-json\/wp\/v2\/media?parent=4664"}],"curies":[{"name":"wp","href":"https:\/\/api.w.org\/{rel}","templated":true}]}}