{"id":4670,"date":"2019-09-30T14:30:04","date_gmt":"2019-09-30T12:30:04","guid":{"rendered":"http:\/\/wrdcxdb.cluster028.hosting.ovh.net\/aushandlung-von-vertraegen-audits-ma-transaktionen\/"},"modified":"2024-04-09T21:08:55","modified_gmt":"2024-04-09T19:08:55","slug":"aushandlung-von-vertraegen-audits-ma-transaktionen","status":"publish","type":"page","link":"https:\/\/mkpartner.com.pl\/de\/aushandlung-von-vertraegen-audits-ma-transaktionen\/","title":{"rendered":"Aushandlung von Vertr\u00e4gen, Audits, M&amp;A-Transaktionen"},"content":{"rendered":"<!--themify_builder_content-->\n<div id=\"themify_builder_content-4670\" data-postid=\"4670\" class=\"themify_builder_content themify_builder_content-4670 themify_builder tf_clear\">\n    \t\t\t\t<!-- module_row -->\n\t\t<div  data-css_id=\"j1ms262\" id=\"baner\" data-lazy=\"1\" class=\"module_row themify_builder_row fullwidth tb_j1ms262 tb_first tf_w tf_clearfix wow\" data-tf-animation=\"fadeIn\">\n\t\t\t\t\t<div class=\"row_inner col_align_top tb_col_count_1 tf_box tf_rel\">\n\t\t\t\t\t<div  data-lazy=\"1\" class=\"module_column tb-column col-full tb_h4f5263 first\">\n\t\t\t\t\t\t\t\t\t<div class=\"tb-column-inner tf_box tf_w\">\n\t\t\t\t<!-- module text -->\n<div  class=\"module module-text tb_g06r263   \" data-lazy=\"1\">\n        <div  class=\"tb_text_wrap\">\n    <h1 style=\"text-align: center;\">AUSHANDLUNG VON VERTR\u00c4GEN, AUDITS, M&#038;A-TRANSAKTIONEN<\/h1>\n<p style=\"text-align: center;\">-Fachgebiete-<\/p>    <\/div>\n<\/div>\n<!-- \/module text -->\t\t\t\t<\/div><!-- .tb-column-inner -->\n\t\t\t\t\t\t<\/div><!-- .module_column -->\n\t\t\t\t\t\t<\/div><!-- .row_inner -->\n\t\t<\/div><!-- .module_row -->\n\t\t\t\t\t\t\t\t<!-- module_row -->\n\t\t<div  data-css_id=\"06md598\" data-lazy=\"1\" class=\"module_row themify_builder_row fullwidth_row_container tb_06md598 tf_w tf_clearfix\">\n\t\t\t\t\t<div class=\"row_inner col_align_top tb_col_count_1 tf_box tf_rel\">\n\t\t\t\t\t<div  data-lazy=\"1\" class=\"module_column tb-column col-full tb_6fyb607 first\">\n\t\t\t\t\t\t\t\t\t<div class=\"tb-column-inner tf_box tf_w\">\n\t\t\t\t<!-- module text -->\n<div  class=\"module module-text tb_569q608   \" data-lazy=\"1\">\n        <div  class=\"tb_text_wrap\">\n    <p>Ein gut ausgehandelter Vertrag und eine vollst\u00e4ndige Kenntnis dessen Inhalts garantieren jedem Unternehmer gro\u00dfen Komfort. Wir befassen uns allt\u00e4glich mit der Analyse und dem Aufzeigen von Risiken, mit Vertragsverhandlungen sowie mit der Erl\u00e4uterung komplexer Vertragsbestimmungen und -mechanismen f\u00fcr Kunden aus verschiedenen Branchen. Wir haben auch viele Audits in Gesellschaften und anderen Unternehmen in Polen und im Ausland durchgef\u00fchrt. Die Audits werden in der Regel sowohl durch die erwerbende als auch die ver\u00e4u\u00dfernde Partei als eine Vorphase der Ver\u00e4u\u00dferung bzw. des Erwerbs von Anteilen, Aktien, Unternehmen oder Teilen von Unternehmen durchgef\u00fchrt.<\/p>\n<p>Wir verf\u00fcgen \u00fcber weitreichende Erfahrung im Bereich von Vertragsverhandlungen, Audits und M&#038;A-Transaktionen. Gesammelt haben wir diese:<\/p>\n<ul>\n<li>bei der Vorbereitung und Aushandlung von Vertr\u00e4gen, Beschl\u00fcssen, Vollmachten und Transaktionsunterlagen zur Ver\u00e4u\u00dferung und zum Erwerb von Unternehmen und Aktien,<\/li>\n<li>bei der Rechtsbetreuung von Handelsgesellschaften und bei der Erstellung von Unterlagen und Vertr\u00e4gen f\u00fcr Gesellschaften sowie bei der Erstellung von Gutachten im Zusammenhang mit der laufenden Gesch\u00e4ftst\u00e4tigkeit von Gesellschaften,<\/li>\n<li>bei der Eintragung von Handelsgesellschaften ins Unternehmerregister des polnischen Nationalen Handelsregisters und bei der Eintragung von \u00c4nderungen im Unternehmerregister,<\/li>\n<li>bei durchgef\u00fchrten Ver\u00e4u\u00dferungen von Anteilen und Aktien von Gesellschaften der Energiewirtschaft sowie Medizin-, Agrar- und Produktionsbranche,<\/li>\n<li>in Bezug auf Aspekte, die Polen betreffen, z. B. im Zusammenhang mit einer geplanten Investition in einen kanadischen Erd\u00f6lproduzenten bei einer \u00dcbernahme von Aktien f\u00fcr einen Gesamtwert von 15,1 Mia. US-Dollar,<\/li>\n<li>bei der Mitbeteiligung an einer Transaktion, die unter mehrere Gerichtsbarkeiten fiel und die Errichtung eines Joint Ventures in der Elektronikbranche zum Ziel hatte,<\/li>\n<li>bei der Rechtsunterst\u00fctzung hinsichtlich gesellschaftsrechtlicher und regulatorischer Angelegenheiten im Zusammenhang mit dem Erwerb der Anteilsmehrheit an der gr\u00f6\u00dften Spielkasinokette in Polen,<\/li>\n<li>bei der Beratung einer Gruppe von Privatinvestoren im Zusammenhang mit dem Erwerb von Anteilen an einer Holdinggesellschaft innerhalb einer Gruppe von Gesellschaften, die auf dem Medizinmarkt t\u00e4tig sind, und bei der Strukturierung von deren Zusammenarbeit mit den bisherigen Gesellschaftern,<\/li>\n<li>bei der Abwicklung einer Transaktion im Zusammenhang mit einer Investition in Windparks,<\/li>\n<li>bei der gesellschaftsrechtlichen Betreuung der Ver\u00e4u\u00dferung von 100% der Anteile an einer Gesellschaft aus der Branche \u201eGesundheit und Wellness\u201d,<\/li>\n<li>bei der Mitbeteiligung an einer der gr\u00f6\u00dften Management-Buy-out-Transaktionen in Polen,<\/li>\n<li>bei der Zusammenarbeit und bei Verhandlungen mit ausl\u00e4ndischen Trusts im Rahmen der Eintragung von Gesellschaften im Ausland zwecks Steueroptimierung.<\/li>\n<\/ul>    <\/div>\n<\/div>\n<!-- \/module text -->\t\t\t\t<\/div><!-- .tb-column-inner -->\n\t\t\t\t\t\t<\/div><!-- .module_column -->\n\t\t\t\t\t\t<\/div><!-- .row_inner -->\n\t\t<\/div><!-- .module_row -->\n\t\t\t\t\t\t\t\t<!-- module_row -->\n\t\t<div  data-css_id=\"7jqo420\" data-lazy=\"1\" class=\"module_row themify_builder_row fullwidth tb_7jqo420 tf_w tf_clearfix\">\n\t\t\t\t\t<div class=\"row_inner col_align_top tb_col_count_1 tf_box tf_rel\">\n\t\t\t\t\t<div  data-lazy=\"1\" class=\"module_column tb-column col-full tb_lmat420 first\">\n\t\t\t\t\t\t\t\t\t<div class=\"tb-column-inner tf_box tf_w\">\n\t\t\t\t<!-- module template_part -->\n<div  class=\"module module-layout-part tb_i0ly420 \">\n    <div class=\"tb_layout_part_wrap tf_w\"><!--themify_builder_content-->\n    <div  class=\"themify_builder_content themify_builder_content-4421 themify_builder not_editable_builder in_the_loop\" data-postid=\"4421\">\n        \t\t\t\t<!-- module_row -->\n\t\t<div  data-lazy=\"1\" class=\"module_row themify_builder_row tb_wp5s243 tf_w tf_clearfix\">\n\t\t\t\t\t<div class=\"row_inner col_align_top tb_col_count_1 tf_box tf_rel\">\n\t\t\t\t\t<div  data-lazy=\"1\" class=\"module_column tb-column col-full tb_fnzh243 first\">\n\t\t\t\t\t\t\t\t\t<div class=\"tb-column-inner tf_box tf_w\">\n\t\t\t\t<!-- module text -->\n<div  class=\"module module-text tb_6xvi964    wow\" data-tf-animation=\"slideInUp\" data-lazy=\"1\">\n        <div  class=\"tb_text_wrap\">\n    <p style=\"text-align: center;\"><strong>WIE K\u00d6NNEN SIE SICH MIT UNS IN VERBINDUNG SETZEN?<\/strong><\/p>    <\/div>\n<\/div>\n<!-- \/module text -->\t\t<div  data-lazy=\"1\" class=\"module_subrow themify_builder_sub_row tb_in59692 tf_w tf_clearfix\">\n\t\t\t\t\t<div class=\"subrow_inner col_align_top tb_col_count_3 tf_box tf_w\">\n\t\t\t\t\t<div  data-lazy=\"1\" class=\"module_column sub_column col3-1 tb_k5mb693 first\">\n\t\t\t\t\t\t\t\t\t<div class=\"tb-column-inner tf_box tf_w\">\n\t\t\t\t<!-- module text -->\n<div  class=\"module module-text tb_ybzu301    wow\" data-tf-animation=\"slideInUp\" data-lazy=\"1\">\n        <div  class=\"tb_text_wrap\">\n    <p style=\"text-align: center;\"><strong>WARSCHAU<\/strong><\/p><p style=\"text-align: center;\">Wsp\u00f3lna Str. 70<\/p><p style=\"text-align: center;\">00-687 Warszawa<\/p><p style=\"text-align: center;\"><a href=\"mailto:warszawa@mkpartner.com.pl\">warszawa@mkpartner.com.pl<\/a><\/p>    <\/div>\n<\/div>\n<!-- \/module text -->\t\t\t\t<\/div><!-- .tb-column-inner -->\n\t\t\t\t\t\t<\/div><!-- .module_column -->\n\t\t\t\t\t<div  data-lazy=\"1\" class=\"module_column sub_column col3-1 tb_2ktv693\">\n\t\t\t\t\t\t\t\t\t<div class=\"tb-column-inner tf_box tf_w\">\n\t\t\t\t<!-- module text -->\n<div  class=\"module module-text tb_1bhr695    wow\" data-tf-animation=\"slideInUp\" data-lazy=\"1\">\n        <div  class=\"tb_text_wrap\">\n    <p style=\"text-align: center;\"><strong>POSEN<\/strong><\/p>\n<p style=\"text-align: center;\">Wolszty\u0144ska Str. 5, 60-361 Pozna\u0144<\/p>\n<p style=\"text-align: center;\">+48\u00a0798\u00a0607\u00a0482<\/p>\n<p style=\"text-align: center;\"><a href=\"mailto:poznan@mkpartner.com.pl\">poznan@mkpartner.com.pl<\/a><\/p>    <\/div>\n<\/div>\n<!-- \/module text -->\t\t\t\t<\/div><!-- .tb-column-inner -->\n\t\t\t\t\t\t<\/div><!-- .module_column -->\n\t\t\t\t\t<div  data-lazy=\"1\" class=\"module_column sub_column col3-1 tb_67dv693 last\">\n\t\t\t\t\t\t\t\t\t<div class=\"tb-column-inner tf_box tf_w\">\n\t\t\t\t<!-- module text -->\n<div  class=\"module module-text tb_xelv7    wow\" data-tf-animation=\"slideInUp\" data-lazy=\"1\">\n        <div  class=\"tb_text_wrap\">\n    <p style=\"text-align: center;\"><strong>BERLIN<\/strong><\/p><p style=\"text-align: center;\">Dietzgenstra\u00dfe 85<\/p><p style=\"text-align: center;\">13156 Berlin<\/p><p style=\"text-align: center;\"><a href=\"mailto:berlin@mkpartner.com.pl\">berlin@mkpartner.com.pl<\/a><\/p>    <\/div>\n<\/div>\n<!-- \/module text -->\t\t\t\t<\/div><!-- .tb-column-inner -->\n\t\t\t\t\t\t<\/div><!-- .module_column -->\n\t\t\t\t\t\t<\/div><!-- .subrow_inner -->\n\t\t<\/div><!-- .themify_builder_sub_row -->\n\t\t\t\t\t\t\t\t<\/div><!-- .tb-column-inner -->\n\t\t\t\t\t\t<\/div><!-- .module_column -->\n\t\t\t\t\t\t<\/div><!-- .row_inner -->\n\t\t<\/div><!-- .module_row -->\n\t\t\t\t    <\/div>\n<!--\/themify_builder_content--><\/div>\n<\/div>\n<!-- \/module template_part -->\t\t\t\t<\/div><!-- .tb-column-inner -->\n\t\t\t\t\t\t<\/div><!-- .module_column -->\n\t\t\t\t\t\t<\/div><!-- .row_inner -->\n\t\t<\/div><!-- .module_row -->\n\t\t\t\t<\/div>\n<!--\/themify_builder_content-->","protected":false},"excerpt":{"rendered":"<p>AUSHANDLUNG VON VERTR\u00c4GEN, AUDITS, M&#038;A-TRANSAKTIONEN -Fachgebiete- Ein gut ausgehandelter Vertrag und eine vollst\u00e4ndige Kenntnis dessen Inhalts garantieren jedem Unternehmer gro\u00dfen Komfort. Wir befassen uns allt\u00e4glich mit der Analyse und dem Aufzeigen von Risiken, mit Vertragsverhandlungen sowie mit der Erl\u00e4uterung komplexer Vertragsbestimmungen und -mechanismen f\u00fcr Kunden aus verschiedenen Branchen. Wir haben auch viele Audits in Gesellschaften [&hellip;]<\/p>\n","protected":false},"author":45,"featured_media":0,"parent":0,"menu_order":0,"comment_status":"closed","ping_status":"closed","template":"","meta":{"om_disable_all_campaigns":false,"inline_featured_image":false,"_uf_show_specific_survey":0,"_uf_disable_surveys":false,"footnotes":""},"class_list":["post-4670","page","type-page","status-publish","hentry","has-post-title","has-post-date","has-post-category","has-post-tag","has-post-comment","has-post-author",""],"featured_image_src":null,"yoast_head":"<!-- This site is optimized with the Yoast SEO plugin v27.4 - https:\/\/yoast.com\/product\/yoast-seo-wordpress\/ -->\n<title>Aushandlung von Vertr\u00e4gen, Audits, M&amp;A- Die Kanzlei MKK &amp; Partner<\/title>\n<meta name=\"description\" content=\"Aushandlung von Vertr\u00e4gen, Audits, M&amp;A-Transaktionen - Die Kanzlei MKK &amp; Partner\" \/>\n<meta name=\"robots\" content=\"index, follow, max-snippet:-1, max-image-preview:large, max-video-preview:-1\" \/>\n<link rel=\"canonical\" href=\"https:\/\/mkpartner.com.pl\/de\/aushandlung-von-vertraegen-audits-ma-transaktionen\/\" \/>\n<meta property=\"og:locale\" content=\"de_DE\" \/>\n<meta property=\"og:type\" content=\"article\" \/>\n<meta property=\"og:title\" content=\"Aushandlung von Vertr\u00e4gen, Audits, M&amp;A- Die Kanzlei MKK &amp; Partner\" \/>\n<meta property=\"og:description\" content=\"Aushandlung von Vertr\u00e4gen, Audits, M&amp;A-Transaktionen - Die Kanzlei MKK &amp; Partner\" \/>\n<meta property=\"og:url\" content=\"https:\/\/mkpartner.com.pl\/de\/aushandlung-von-vertraegen-audits-ma-transaktionen\/\" \/>\n<meta property=\"og:site_name\" content=\"Kancelaria Prawna - Meissner Kozio\u0142 Kaczmarek &amp; Partner\" \/>\n<meta property=\"article:publisher\" content=\"https:\/\/www.facebook.com\/mkpartnerPL\" \/>\n<meta property=\"article:modified_time\" content=\"2024-04-09T19:08:55+00:00\" \/>\n<meta property=\"og:image\" content=\"https:\/\/mkpartner.com.pl\/wp-content\/uploads\/2021\/12\/logo-mk-partner.png\" \/>\n\t<meta property=\"og:image:width\" content=\"180\" \/>\n\t<meta property=\"og:image:height\" content=\"33\" \/>\n\t<meta property=\"og:image:type\" content=\"image\/png\" \/>\n<meta name=\"twitter:card\" content=\"summary_large_image\" \/>\n<meta name=\"twitter:site\" content=\"@MKK_Partner\" \/>\n<script type=\"application\/ld+json\" class=\"yoast-schema-graph\">{\"@context\":\"https:\\\/\\\/schema.org\",\"@graph\":[{\"@type\":\"WebPage\",\"@id\":\"https:\\\/\\\/mkpartner.com.pl\\\/de\\\/aushandlung-von-vertraegen-audits-ma-transaktionen\\\/\",\"url\":\"https:\\\/\\\/mkpartner.com.pl\\\/de\\\/aushandlung-von-vertraegen-audits-ma-transaktionen\\\/\",\"name\":\"Aushandlung von Vertr\u00e4gen, Audits, M&A- Die Kanzlei MKK & Partner\",\"isPartOf\":{\"@id\":\"https:\\\/\\\/mkpartner.com.pl\\\/#website\"},\"datePublished\":\"2019-09-30T12:30:04+00:00\",\"dateModified\":\"2024-04-09T19:08:55+00:00\",\"description\":\"Aushandlung von Vertr\u00e4gen, Audits, M&A-Transaktionen - Die Kanzlei MKK & Partner\",\"inLanguage\":\"de\",\"potentialAction\":[{\"@type\":\"ReadAction\",\"target\":[\"https:\\\/\\\/mkpartner.com.pl\\\/de\\\/aushandlung-von-vertraegen-audits-ma-transaktionen\\\/\"]}]},{\"@type\":\"WebSite\",\"@id\":\"https:\\\/\\\/mkpartner.com.pl\\\/#website\",\"url\":\"https:\\\/\\\/mkpartner.com.pl\\\/\",\"name\":\"Kancelaria Prawna - Meissner Kozio\u0142 Kaczmarek &amp; Partner\",\"description\":\"Kancelaria Prawna\",\"publisher\":{\"@id\":\"https:\\\/\\\/mkpartner.com.pl\\\/#organization\"},\"potentialAction\":[{\"@type\":\"SearchAction\",\"target\":{\"@type\":\"EntryPoint\",\"urlTemplate\":\"https:\\\/\\\/mkpartner.com.pl\\\/?s={search_term_string}\"},\"query-input\":{\"@type\":\"PropertyValueSpecification\",\"valueRequired\":true,\"valueName\":\"search_term_string\"}}],\"inLanguage\":\"de\"},{\"@type\":\"Organization\",\"@id\":\"https:\\\/\\\/mkpartner.com.pl\\\/#organization\",\"name\":\"Kancelaria Prawna Meissner Kozio\u0142 Kaczmarek & Partner\",\"url\":\"https:\\\/\\\/mkpartner.com.pl\\\/\",\"logo\":{\"@type\":\"ImageObject\",\"inLanguage\":\"de\",\"@id\":\"https:\\\/\\\/mkpartner.com.pl\\\/#\\\/schema\\\/logo\\\/image\\\/\",\"url\":\"http:\\\/\\\/wrdcxdb.cluster028.hosting.ovh.net\\\/wp-content\\\/uploads\\\/2021\\\/12\\\/logo-mk-partner.png\",\"contentUrl\":\"http:\\\/\\\/wrdcxdb.cluster028.hosting.ovh.net\\\/wp-content\\\/uploads\\\/2021\\\/12\\\/logo-mk-partner.png\",\"width\":180,\"height\":33,\"caption\":\"Kancelaria Prawna Meissner Kozio\u0142 Kaczmarek & Partner\"},\"image\":{\"@id\":\"https:\\\/\\\/mkpartner.com.pl\\\/#\\\/schema\\\/logo\\\/image\\\/\"},\"sameAs\":[\"https:\\\/\\\/www.facebook.com\\\/mkpartnerPL\",\"https:\\\/\\\/x.com\\\/MKK_Partner\"]}]}<\/script>\n<!-- \/ Yoast SEO plugin. -->","yoast_head_json":{"title":"Aushandlung von Vertr\u00e4gen, Audits, M&A- Die Kanzlei MKK & Partner","description":"Aushandlung von Vertr\u00e4gen, Audits, M&A-Transaktionen - Die Kanzlei MKK & Partner","robots":{"index":"index","follow":"follow","max-snippet":"max-snippet:-1","max-image-preview":"max-image-preview:large","max-video-preview":"max-video-preview:-1"},"canonical":"https:\/\/mkpartner.com.pl\/de\/aushandlung-von-vertraegen-audits-ma-transaktionen\/","og_locale":"de_DE","og_type":"article","og_title":"Aushandlung von Vertr\u00e4gen, Audits, M&A- Die Kanzlei MKK & Partner","og_description":"Aushandlung von Vertr\u00e4gen, Audits, M&A-Transaktionen - Die Kanzlei MKK & Partner","og_url":"https:\/\/mkpartner.com.pl\/de\/aushandlung-von-vertraegen-audits-ma-transaktionen\/","og_site_name":"Kancelaria Prawna - Meissner Kozio\u0142 Kaczmarek &amp; Partner","article_publisher":"https:\/\/www.facebook.com\/mkpartnerPL","article_modified_time":"2024-04-09T19:08:55+00:00","og_image":[{"width":180,"height":33,"url":"https:\/\/mkpartner.com.pl\/wp-content\/uploads\/2021\/12\/logo-mk-partner.png","type":"image\/png"}],"twitter_card":"summary_large_image","twitter_site":"@MKK_Partner","schema":{"@context":"https:\/\/schema.org","@graph":[{"@type":"WebPage","@id":"https:\/\/mkpartner.com.pl\/de\/aushandlung-von-vertraegen-audits-ma-transaktionen\/","url":"https:\/\/mkpartner.com.pl\/de\/aushandlung-von-vertraegen-audits-ma-transaktionen\/","name":"Aushandlung von Vertr\u00e4gen, Audits, M&A- Die Kanzlei MKK & Partner","isPartOf":{"@id":"https:\/\/mkpartner.com.pl\/#website"},"datePublished":"2019-09-30T12:30:04+00:00","dateModified":"2024-04-09T19:08:55+00:00","description":"Aushandlung von Vertr\u00e4gen, Audits, M&A-Transaktionen - Die Kanzlei MKK & Partner","inLanguage":"de","potentialAction":[{"@type":"ReadAction","target":["https:\/\/mkpartner.com.pl\/de\/aushandlung-von-vertraegen-audits-ma-transaktionen\/"]}]},{"@type":"WebSite","@id":"https:\/\/mkpartner.com.pl\/#website","url":"https:\/\/mkpartner.com.pl\/","name":"Kancelaria Prawna - Meissner Kozio\u0142 Kaczmarek &amp; Partner","description":"Kancelaria Prawna","publisher":{"@id":"https:\/\/mkpartner.com.pl\/#organization"},"potentialAction":[{"@type":"SearchAction","target":{"@type":"EntryPoint","urlTemplate":"https:\/\/mkpartner.com.pl\/?s={search_term_string}"},"query-input":{"@type":"PropertyValueSpecification","valueRequired":true,"valueName":"search_term_string"}}],"inLanguage":"de"},{"@type":"Organization","@id":"https:\/\/mkpartner.com.pl\/#organization","name":"Kancelaria Prawna Meissner Kozio\u0142 Kaczmarek & Partner","url":"https:\/\/mkpartner.com.pl\/","logo":{"@type":"ImageObject","inLanguage":"de","@id":"https:\/\/mkpartner.com.pl\/#\/schema\/logo\/image\/","url":"http:\/\/wrdcxdb.cluster028.hosting.ovh.net\/wp-content\/uploads\/2021\/12\/logo-mk-partner.png","contentUrl":"http:\/\/wrdcxdb.cluster028.hosting.ovh.net\/wp-content\/uploads\/2021\/12\/logo-mk-partner.png","width":180,"height":33,"caption":"Kancelaria Prawna Meissner Kozio\u0142 Kaczmarek & Partner"},"image":{"@id":"https:\/\/mkpartner.com.pl\/#\/schema\/logo\/image\/"},"sameAs":["https:\/\/www.facebook.com\/mkpartnerPL","https:\/\/x.com\/MKK_Partner"]}]}},"builder_content":"<h1 style=\"text-align: center;\">AUSHANDLUNG VON VERTR\u00c4GEN, AUDITS, M&A-TRANSAKTIONEN<\/h1> <p style=\"text-align: center;\">-Fachgebiete-<\/p>\n<p>Ein gut ausgehandelter Vertrag und eine vollst\u00e4ndige Kenntnis dessen Inhalts garantieren jedem Unternehmer gro\u00dfen Komfort. Wir befassen uns allt\u00e4glich mit der Analyse und dem Aufzeigen von Risiken, mit Vertragsverhandlungen sowie mit der Erl\u00e4uterung komplexer Vertragsbestimmungen und -mechanismen f\u00fcr Kunden aus verschiedenen Branchen. Wir haben auch viele Audits in Gesellschaften und anderen Unternehmen in Polen und im Ausland durchgef\u00fchrt. Die Audits werden in der Regel sowohl durch die erwerbende als auch die ver\u00e4u\u00dfernde Partei als eine Vorphase der Ver\u00e4u\u00dferung bzw. des Erwerbs von Anteilen, Aktien, Unternehmen oder Teilen von Unternehmen durchgef\u00fchrt.<\/p> <p>Wir verf\u00fcgen \u00fcber weitreichende Erfahrung im Bereich von Vertragsverhandlungen, Audits und M&A-Transaktionen. Gesammelt haben wir diese:<\/p> <ul> <li>bei der Vorbereitung und Aushandlung von Vertr\u00e4gen, Beschl\u00fcssen, Vollmachten und Transaktionsunterlagen zur Ver\u00e4u\u00dferung und zum Erwerb von Unternehmen und Aktien,<\/li> <li>bei der Rechtsbetreuung von Handelsgesellschaften und bei der Erstellung von Unterlagen und Vertr\u00e4gen f\u00fcr Gesellschaften sowie bei der Erstellung von Gutachten im Zusammenhang mit der laufenden Gesch\u00e4ftst\u00e4tigkeit von Gesellschaften,<\/li> <li>bei der Eintragung von Handelsgesellschaften ins Unternehmerregister des polnischen Nationalen Handelsregisters und bei der Eintragung von \u00c4nderungen im Unternehmerregister,<\/li> <li>bei durchgef\u00fchrten Ver\u00e4u\u00dferungen von Anteilen und Aktien von Gesellschaften der Energiewirtschaft sowie Medizin-, Agrar- und Produktionsbranche,<\/li> <li>in Bezug auf Aspekte, die Polen betreffen, z. B. im Zusammenhang mit einer geplanten Investition in einen kanadischen Erd\u00f6lproduzenten bei einer \u00dcbernahme von Aktien f\u00fcr einen Gesamtwert von 15,1 Mia. US-Dollar,<\/li> <li>bei der Mitbeteiligung an einer Transaktion, die unter mehrere Gerichtsbarkeiten fiel und die Errichtung eines Joint Ventures in der Elektronikbranche zum Ziel hatte,<\/li> <li>bei der Rechtsunterst\u00fctzung hinsichtlich gesellschaftsrechtlicher und regulatorischer Angelegenheiten im Zusammenhang mit dem Erwerb der Anteilsmehrheit an der gr\u00f6\u00dften Spielkasinokette in Polen,<\/li> <li>bei der Beratung einer Gruppe von Privatinvestoren im Zusammenhang mit dem Erwerb von Anteilen an einer Holdinggesellschaft innerhalb einer Gruppe von Gesellschaften, die auf dem Medizinmarkt t\u00e4tig sind, und bei der Strukturierung von deren Zusammenarbeit mit den bisherigen Gesellschaftern,<\/li> <li>bei der Abwicklung einer Transaktion im Zusammenhang mit einer Investition in Windparks,<\/li> <li>bei der gesellschaftsrechtlichen Betreuung der Ver\u00e4u\u00dferung von 100% der Anteile an einer Gesellschaft aus der Branche \u201eGesundheit und Wellness\u201d,<\/li> <li>bei der Mitbeteiligung an einer der gr\u00f6\u00dften Management-Buy-out-Transaktionen in Polen,<\/li> <li>bei der Zusammenarbeit und bei Verhandlungen mit ausl\u00e4ndischen Trusts im Rahmen der Eintragung von Gesellschaften im Ausland zwecks Steueroptimierung.<\/li> <\/ul>\n<p style=\"text-align: center;\"><strong>WIE K\u00d6NNEN SIE SICH MIT UNS IN VERBINDUNG SETZEN?<\/strong><\/p> \n \n <p style=\"text-align: center;\"><strong>WARSCHAU<\/strong><\/p><p style=\"text-align: center;\">Wsp\u00f3lna Str. 70<\/p><p style=\"text-align: center;\">00-687 Warszawa<\/p><p style=\"text-align: center;\"><a href=\"mailto:warszawa@mkpartner.com.pl\">warszawa@mkpartner.com.pl<\/a><\/p> \n \n <p style=\"text-align: center;\"><strong>POSEN<\/strong><\/p> <p style=\"text-align: center;\">Wolszty\u0144ska Str. 5, 60-361 Pozna\u0144<\/p> <p style=\"text-align: center;\">+48\u00a0798\u00a0607\u00a0482<\/p> <p style=\"text-align: center;\"><a href=\"mailto:poznan@mkpartner.com.pl\">poznan@mkpartner.com.pl<\/a><\/p> \n \n <p style=\"text-align: center;\"><strong>BERLIN<\/strong><\/p><p style=\"text-align: center;\">Dietzgenstra\u00dfe 85<\/p><p style=\"text-align: center;\">13156 Berlin<\/p><p style=\"text-align: center;\"><a href=\"mailto:berlin@mkpartner.com.pl\">berlin@mkpartner.com.pl<\/a><\/p>","_links":{"self":[{"href":"https:\/\/mkpartner.com.pl\/de\/wp-json\/wp\/v2\/pages\/4670","targetHints":{"allow":["GET"]}}],"collection":[{"href":"https:\/\/mkpartner.com.pl\/de\/wp-json\/wp\/v2\/pages"}],"about":[{"href":"https:\/\/mkpartner.com.pl\/de\/wp-json\/wp\/v2\/types\/page"}],"author":[{"embeddable":true,"href":"https:\/\/mkpartner.com.pl\/de\/wp-json\/wp\/v2\/users\/45"}],"replies":[{"embeddable":true,"href":"https:\/\/mkpartner.com.pl\/de\/wp-json\/wp\/v2\/comments?post=4670"}],"version-history":[{"count":0,"href":"https:\/\/mkpartner.com.pl\/de\/wp-json\/wp\/v2\/pages\/4670\/revisions"}],"wp:attachment":[{"href":"https:\/\/mkpartner.com.pl\/de\/wp-json\/wp\/v2\/media?parent=4670"}],"curies":[{"name":"wp","href":"https:\/\/api.w.org\/{rel}","templated":true}]}}