{"id":4675,"date":"2019-06-11T14:36:36","date_gmt":"2019-06-11T12:36:36","guid":{"rendered":"http:\/\/wrdcxdb.cluster028.hosting.ovh.net\/bankrecht-un-wertpapierrecht\/"},"modified":"2024-04-09T21:09:13","modified_gmt":"2024-04-09T19:09:13","slug":"bankrecht-und-wertpapierrecht","status":"publish","type":"page","link":"https:\/\/mkpartner.com.pl\/de\/bankrecht-und-wertpapierrecht\/","title":{"rendered":"Bankrecht und Wertpapierrecht"},"content":{"rendered":"<!--themify_builder_content-->\n<div id=\"themify_builder_content-4675\" data-postid=\"4675\" class=\"themify_builder_content themify_builder_content-4675 themify_builder tf_clear\">\n    \t\t\t\t<!-- module_row -->\n\t\t<div  data-css_id=\"q8nz461\" id=\"baner\" data-lazy=\"1\" class=\"module_row themify_builder_row fullwidth tb_q8nz461 tb_first tf_w tf_clearfix wow\" data-tf-animation=\"fadeIn\">\n\t\t\t\t\t<div class=\"row_inner col_align_top tb_col_count_1 tf_box tf_rel\">\n\t\t\t\t\t<div  data-lazy=\"1\" class=\"module_column tb-column col-full tb_axrl463 first\">\n\t\t\t\t\t\t\t\t\t<div class=\"tb-column-inner tf_box tf_w\">\n\t\t\t\t<!-- module text -->\n<div  class=\"module module-text tb_co6d303   \" data-lazy=\"1\">\n        <div  class=\"tb_text_wrap\">\n    <h1 style=\"text-align: center;\">BANK- UND WERTPAPIERRECHT<\/h1>\n<p style=\"text-align: center;\">-Fachgebiete-<\/p>    <\/div>\n<\/div>\n<!-- \/module text -->\t\t\t\t<\/div><!-- .tb-column-inner -->\n\t\t\t\t\t\t<\/div><!-- .module_column -->\n\t\t\t\t\t\t<\/div><!-- .row_inner -->\n\t\t<\/div><!-- .module_row -->\n\t\t\t\t\t\t\t\t<!-- module_row -->\n\t\t<div  data-css_id=\"5y8k461\" data-lazy=\"1\" class=\"module_row themify_builder_row fullwidth_row_container tb_5y8k461 tf_w tf_clearfix\">\n\t\t\t\t\t<div class=\"row_inner col_align_top tb_col_count_1 tf_box tf_rel\">\n\t\t\t\t\t<div  data-lazy=\"1\" class=\"module_column tb-column col-full tb_tdw9470 first\">\n\t\t\t\t\t\t\t\t\t<div class=\"tb-column-inner tf_box tf_w\">\n\t\t\t\t<!-- module text -->\n<div  class=\"module module-text tb_kc6j471   \" data-lazy=\"1\">\n        <div  class=\"tb_text_wrap\">\n    <p><strong>Wir verf\u00fcgen \u00fcber weitreichende Erfahrung sowohl im Bereich der st\u00e4ndigen Rechtsberatung f\u00fcr Finanzinstitute, darunter die Niederlassung einer f\u00fchrenden polnischen Bank in Deutschland, als auch in den folgenden Bereichen:<\/strong><\/p>\n<ul>\n<li>Verhandlungen von Vertr\u00e4gen mit Finanzinstituten, darunter Sicherungsvertr\u00e4ge,<\/li>\n<li>Rechtsberatungen f\u00fcr Unternehmen bei der Suche nach Investitionskapital (Kredit-, Leasing- und Factoringvertr\u00e4ge, Investitionen der Private Equity-Fonds),<\/li>\n<li>Analyse und Aufzeigen von Rechtsrisiken bei Kredit- und sonstigen Vertr\u00e4gen, die mit Banken geschlossen werden,<\/li>\n<li>Rechtsberatung bei der Bestellung und \u00dcbertragung von Sicherungen,<\/li>\n<li>Rechtsberatung im Bereich von Vertr\u00e4gen \u00fcber Treuhandander- und Treuhandkonten,<\/li>\n<li>Erstellung von Gutachten und Analysen im Bereich des Bankrechts,<\/li>\n<li>Erlangen von Lizenzen und Genehmigungen im Bereich der Erbringung von Finanzdienstleistungen sowohl in Polen als auch in Deutschland, darunter die Unterst\u00fctzung beim Kontakt mit den entsprechenden nationalen Beh\u00f6rden, welche die grenz\u00fcberschreitende Erbringung von Finanzdienstleistungen regeln.<\/li>\n<\/ul>\n<p><strong>Im Bereich Wertpapiere bieten wir u. a. umfassende Dienstleistungen auf den folgenden Gebieten:<\/strong><\/p>\n<ul>\n<li>Emission von und Verkehr mit Wertpapieren,<\/li>\n<li>Sicherung von Forderungen mit Wertpapieren,<\/li>\n<li>Rekapitalisierung von Investitionsunternehmungen mit Wertpapieren,<\/li>\n<li>Einziehung von Wertpapieren,<\/li>\n<li>Geltendmachung von Anspr\u00fcchen aus Wertpapieren,<\/li>\n<li>Untersuchung der G\u00fcltigkeit von Wertpapieren, der Rechtsm\u00e4\u00dfigkeit deren Erstellung und Ausgabe sowie der M\u00f6glichkeit der Aus\u00fcbung der mit den Wertpapieren zusammenh\u00e4ngenden Rechte,<\/li>\n<li>Verf\u00e4lschung von Wertpapieren und Betrug bei deren Nutzung.<\/li>\n<\/ul>\n<p>Als eine der wenigen Kanzleien bieten wir auf diesem Gebiet Rechtsberatungen sowohl im deutschen als auch im polnischen Recht.<\/p>    <\/div>\n<\/div>\n<!-- \/module text -->\t\t\t\t<\/div><!-- .tb-column-inner -->\n\t\t\t\t\t\t<\/div><!-- .module_column -->\n\t\t\t\t\t\t<\/div><!-- .row_inner -->\n\t\t<\/div><!-- .module_row -->\n\t\t\t\t\t\t\t\t<!-- module_row -->\n\t\t<div  data-css_id=\"5pc8939\" data-lazy=\"1\" class=\"module_row themify_builder_row fullwidth tb_5pc8939 tf_w tf_clearfix\">\n\t\t\t\t\t<div class=\"row_inner col_align_top tb_col_count_1 tf_box tf_rel\">\n\t\t\t\t\t<div  data-lazy=\"1\" class=\"module_column tb-column col-full tb_obdp939 first\">\n\t\t\t\t\t\t\t\t\t<div class=\"tb-column-inner tf_box tf_w\">\n\t\t\t\t<!-- module template_part -->\n<div  class=\"module module-layout-part tb_vb6x940 \">\n    <div class=\"tb_layout_part_wrap tf_w\"><!--themify_builder_content-->\n    <div  class=\"themify_builder_content themify_builder_content-4421 themify_builder not_editable_builder in_the_loop\" data-postid=\"4421\">\n        \t\t\t\t<!-- module_row -->\n\t\t<div  data-lazy=\"1\" class=\"module_row themify_builder_row tb_wp5s243 tf_w tf_clearfix\">\n\t\t\t\t\t<div class=\"row_inner col_align_top tb_col_count_1 tf_box tf_rel\">\n\t\t\t\t\t<div  data-lazy=\"1\" class=\"module_column tb-column col-full tb_fnzh243 first\">\n\t\t\t\t\t\t\t\t\t<div class=\"tb-column-inner tf_box tf_w\">\n\t\t\t\t<!-- module text -->\n<div  class=\"module module-text tb_6xvi964    wow\" data-tf-animation=\"slideInUp\" data-lazy=\"1\">\n        <div  class=\"tb_text_wrap\">\n    <p style=\"text-align: center;\"><strong>WIE K\u00d6NNEN SIE SICH MIT UNS IN VERBINDUNG SETZEN?<\/strong><\/p>    <\/div>\n<\/div>\n<!-- \/module text -->\t\t<div  data-lazy=\"1\" class=\"module_subrow themify_builder_sub_row tb_in59692 tf_w tf_clearfix\">\n\t\t\t\t\t<div class=\"subrow_inner col_align_top tb_col_count_3 tf_box tf_w\">\n\t\t\t\t\t<div  data-lazy=\"1\" class=\"module_column sub_column col3-1 tb_k5mb693 first\">\n\t\t\t\t\t\t\t\t\t<div class=\"tb-column-inner tf_box tf_w\">\n\t\t\t\t<!-- module text -->\n<div  class=\"module module-text tb_ybzu301    wow\" data-tf-animation=\"slideInUp\" data-lazy=\"1\">\n        <div  class=\"tb_text_wrap\">\n    <p style=\"text-align: center;\"><strong>WARSCHAU<\/strong><\/p><p style=\"text-align: center;\">Wsp\u00f3lna Str. 70<\/p><p style=\"text-align: center;\">00-687 Warszawa<\/p><p style=\"text-align: center;\"><a href=\"mailto:warszawa@mkpartner.com.pl\">warszawa@mkpartner.com.pl<\/a><\/p>    <\/div>\n<\/div>\n<!-- \/module text -->\t\t\t\t<\/div><!-- .tb-column-inner -->\n\t\t\t\t\t\t<\/div><!-- .module_column -->\n\t\t\t\t\t<div  data-lazy=\"1\" class=\"module_column sub_column col3-1 tb_2ktv693\">\n\t\t\t\t\t\t\t\t\t<div class=\"tb-column-inner tf_box tf_w\">\n\t\t\t\t<!-- module text -->\n<div  class=\"module module-text tb_1bhr695    wow\" data-tf-animation=\"slideInUp\" data-lazy=\"1\">\n        <div  class=\"tb_text_wrap\">\n    <p style=\"text-align: center;\"><strong>POSEN<\/strong><\/p>\n<p style=\"text-align: center;\">Wolszty\u0144ska Str. 5, 60-361 Pozna\u0144<\/p>\n<p style=\"text-align: center;\">+48\u00a0798\u00a0607\u00a0482<\/p>\n<p style=\"text-align: center;\"><a href=\"mailto:poznan@mkpartner.com.pl\">poznan@mkpartner.com.pl<\/a><\/p>    <\/div>\n<\/div>\n<!-- \/module text -->\t\t\t\t<\/div><!-- .tb-column-inner -->\n\t\t\t\t\t\t<\/div><!-- .module_column -->\n\t\t\t\t\t<div  data-lazy=\"1\" class=\"module_column sub_column col3-1 tb_67dv693 last\">\n\t\t\t\t\t\t\t\t\t<div class=\"tb-column-inner tf_box tf_w\">\n\t\t\t\t<!-- module text -->\n<div  class=\"module module-text tb_xelv7    wow\" data-tf-animation=\"slideInUp\" data-lazy=\"1\">\n        <div  class=\"tb_text_wrap\">\n    <p style=\"text-align: center;\"><strong>BERLIN<\/strong><\/p><p style=\"text-align: center;\">Dietzgenstra\u00dfe 85<\/p><p style=\"text-align: center;\">13156 Berlin<\/p><p style=\"text-align: center;\"><a href=\"mailto:berlin@mkpartner.com.pl\">berlin@mkpartner.com.pl<\/a><\/p>    <\/div>\n<\/div>\n<!-- \/module text -->\t\t\t\t<\/div><!-- .tb-column-inner -->\n\t\t\t\t\t\t<\/div><!-- .module_column -->\n\t\t\t\t\t\t<\/div><!-- .subrow_inner -->\n\t\t<\/div><!-- .themify_builder_sub_row -->\n\t\t\t\t\t\t\t\t<\/div><!-- .tb-column-inner -->\n\t\t\t\t\t\t<\/div><!-- .module_column -->\n\t\t\t\t\t\t<\/div><!-- .row_inner -->\n\t\t<\/div><!-- .module_row -->\n\t\t\t\t    <\/div>\n<!--\/themify_builder_content--><\/div>\n<\/div>\n<!-- \/module template_part -->\t\t\t\t<\/div><!-- .tb-column-inner -->\n\t\t\t\t\t\t<\/div><!-- .module_column -->\n\t\t\t\t\t\t<\/div><!-- .row_inner -->\n\t\t<\/div><!-- .module_row -->\n\t\t\t\t<\/div>\n<!--\/themify_builder_content-->","protected":false},"excerpt":{"rendered":"<p>BANK- UND WERTPAPIERRECHT -Fachgebiete- Wir verf\u00fcgen \u00fcber weitreichende Erfahrung sowohl im Bereich der st\u00e4ndigen Rechtsberatung f\u00fcr Finanzinstitute, darunter die Niederlassung einer f\u00fchrenden polnischen Bank in Deutschland, als auch in den folgenden Bereichen: Verhandlungen von Vertr\u00e4gen mit Finanzinstituten, darunter Sicherungsvertr\u00e4ge, Rechtsberatungen f\u00fcr Unternehmen bei der Suche nach Investitionskapital (Kredit-, Leasing- und Factoringvertr\u00e4ge, Investitionen der Private Equity-Fonds), [&hellip;]<\/p>\n","protected":false},"author":45,"featured_media":0,"parent":0,"menu_order":0,"comment_status":"closed","ping_status":"closed","template":"","meta":{"om_disable_all_campaigns":false,"inline_featured_image":false,"_uf_show_specific_survey":0,"_uf_disable_surveys":false,"footnotes":""},"class_list":["post-4675","page","type-page","status-publish","hentry","has-post-title","has-post-date","has-post-category","has-post-tag","has-post-comment","has-post-author",""],"featured_image_src":null,"yoast_head":"<!-- This site is optimized with the Yoast SEO plugin v27.5 - https:\/\/yoast.com\/product\/yoast-seo-wordpress\/ -->\n<title>Bank- und Werpapierrecht - Die Kanzlei MKK &amp; Partner<\/title>\n<meta name=\"description\" content=\"Bank- und Werpapierrecht - Die Kanzlei MKK &amp; Partner\" \/>\n<meta name=\"robots\" content=\"index, follow, max-snippet:-1, max-image-preview:large, max-video-preview:-1\" \/>\n<link rel=\"canonical\" href=\"https:\/\/mkpartner.com.pl\/de\/bankrecht-und-wertpapierrecht\/\" \/>\n<meta property=\"og:locale\" content=\"de_DE\" \/>\n<meta property=\"og:type\" content=\"article\" \/>\n<meta property=\"og:title\" content=\"Bank- und Werpapierrecht - Die Kanzlei MKK &amp; Partner\" \/>\n<meta property=\"og:description\" content=\"Bank- und Werpapierrecht - Die Kanzlei MKK &amp; Partner\" \/>\n<meta property=\"og:url\" content=\"https:\/\/mkpartner.com.pl\/de\/bankrecht-und-wertpapierrecht\/\" \/>\n<meta property=\"og:site_name\" content=\"Kancelaria Prawna - Meissner Kozio\u0142 Kaczmarek &amp; Partner\" \/>\n<meta property=\"article:publisher\" content=\"https:\/\/www.facebook.com\/mkpartnerPL\" \/>\n<meta property=\"article:modified_time\" content=\"2024-04-09T19:09:13+00:00\" \/>\n<meta property=\"og:image\" content=\"https:\/\/mkpartner.com.pl\/wp-content\/uploads\/2021\/12\/logo-mk-partner.png\" \/>\n\t<meta property=\"og:image:width\" content=\"180\" \/>\n\t<meta property=\"og:image:height\" content=\"33\" \/>\n\t<meta property=\"og:image:type\" content=\"image\/png\" \/>\n<meta name=\"twitter:card\" content=\"summary_large_image\" \/>\n<meta name=\"twitter:site\" content=\"@MKK_Partner\" \/>\n<script type=\"application\/ld+json\" class=\"yoast-schema-graph\">{\"@context\":\"https:\\\/\\\/schema.org\",\"@graph\":[{\"@type\":\"WebPage\",\"@id\":\"https:\\\/\\\/mkpartner.com.pl\\\/de\\\/bankrecht-und-wertpapierrecht\\\/\",\"url\":\"https:\\\/\\\/mkpartner.com.pl\\\/de\\\/bankrecht-und-wertpapierrecht\\\/\",\"name\":\"Bank- und Werpapierrecht - Die Kanzlei MKK & Partner\",\"isPartOf\":{\"@id\":\"https:\\\/\\\/mkpartner.com.pl\\\/#website\"},\"datePublished\":\"2019-06-11T12:36:36+00:00\",\"dateModified\":\"2024-04-09T19:09:13+00:00\",\"description\":\"Bank- und Werpapierrecht - Die Kanzlei MKK & Partner\",\"inLanguage\":\"de\",\"potentialAction\":[{\"@type\":\"ReadAction\",\"target\":[\"https:\\\/\\\/mkpartner.com.pl\\\/de\\\/bankrecht-und-wertpapierrecht\\\/\"]}]},{\"@type\":\"WebSite\",\"@id\":\"https:\\\/\\\/mkpartner.com.pl\\\/#website\",\"url\":\"https:\\\/\\\/mkpartner.com.pl\\\/\",\"name\":\"Kancelaria Prawna - Meissner Kozio\u0142 Kaczmarek &amp; Partner\",\"description\":\"Kancelaria Prawna\",\"publisher\":{\"@id\":\"https:\\\/\\\/mkpartner.com.pl\\\/#organization\"},\"potentialAction\":[{\"@type\":\"SearchAction\",\"target\":{\"@type\":\"EntryPoint\",\"urlTemplate\":\"https:\\\/\\\/mkpartner.com.pl\\\/?s={search_term_string}\"},\"query-input\":{\"@type\":\"PropertyValueSpecification\",\"valueRequired\":true,\"valueName\":\"search_term_string\"}}],\"inLanguage\":\"de\"},{\"@type\":\"Organization\",\"@id\":\"https:\\\/\\\/mkpartner.com.pl\\\/#organization\",\"name\":\"Kancelaria Prawna Meissner Kozio\u0142 Kaczmarek & Partner\",\"url\":\"https:\\\/\\\/mkpartner.com.pl\\\/\",\"logo\":{\"@type\":\"ImageObject\",\"inLanguage\":\"de\",\"@id\":\"https:\\\/\\\/mkpartner.com.pl\\\/#\\\/schema\\\/logo\\\/image\\\/\",\"url\":\"http:\\\/\\\/wrdcxdb.cluster028.hosting.ovh.net\\\/wp-content\\\/uploads\\\/2021\\\/12\\\/logo-mk-partner.png\",\"contentUrl\":\"http:\\\/\\\/wrdcxdb.cluster028.hosting.ovh.net\\\/wp-content\\\/uploads\\\/2021\\\/12\\\/logo-mk-partner.png\",\"width\":180,\"height\":33,\"caption\":\"Kancelaria Prawna Meissner Kozio\u0142 Kaczmarek & Partner\"},\"image\":{\"@id\":\"https:\\\/\\\/mkpartner.com.pl\\\/#\\\/schema\\\/logo\\\/image\\\/\"},\"sameAs\":[\"https:\\\/\\\/www.facebook.com\\\/mkpartnerPL\",\"https:\\\/\\\/x.com\\\/MKK_Partner\"]}]}<\/script>\n<!-- \/ Yoast SEO plugin. -->","yoast_head_json":{"title":"Bank- und Werpapierrecht - Die Kanzlei MKK & Partner","description":"Bank- und Werpapierrecht - Die Kanzlei MKK & Partner","robots":{"index":"index","follow":"follow","max-snippet":"max-snippet:-1","max-image-preview":"max-image-preview:large","max-video-preview":"max-video-preview:-1"},"canonical":"https:\/\/mkpartner.com.pl\/de\/bankrecht-und-wertpapierrecht\/","og_locale":"de_DE","og_type":"article","og_title":"Bank- und Werpapierrecht - Die Kanzlei MKK & Partner","og_description":"Bank- und Werpapierrecht - Die Kanzlei MKK & Partner","og_url":"https:\/\/mkpartner.com.pl\/de\/bankrecht-und-wertpapierrecht\/","og_site_name":"Kancelaria Prawna - Meissner Kozio\u0142 Kaczmarek &amp; Partner","article_publisher":"https:\/\/www.facebook.com\/mkpartnerPL","article_modified_time":"2024-04-09T19:09:13+00:00","og_image":[{"width":180,"height":33,"url":"https:\/\/mkpartner.com.pl\/wp-content\/uploads\/2021\/12\/logo-mk-partner.png","type":"image\/png"}],"twitter_card":"summary_large_image","twitter_site":"@MKK_Partner","schema":{"@context":"https:\/\/schema.org","@graph":[{"@type":"WebPage","@id":"https:\/\/mkpartner.com.pl\/de\/bankrecht-und-wertpapierrecht\/","url":"https:\/\/mkpartner.com.pl\/de\/bankrecht-und-wertpapierrecht\/","name":"Bank- und Werpapierrecht - Die Kanzlei MKK & Partner","isPartOf":{"@id":"https:\/\/mkpartner.com.pl\/#website"},"datePublished":"2019-06-11T12:36:36+00:00","dateModified":"2024-04-09T19:09:13+00:00","description":"Bank- und Werpapierrecht - Die Kanzlei MKK & Partner","inLanguage":"de","potentialAction":[{"@type":"ReadAction","target":["https:\/\/mkpartner.com.pl\/de\/bankrecht-und-wertpapierrecht\/"]}]},{"@type":"WebSite","@id":"https:\/\/mkpartner.com.pl\/#website","url":"https:\/\/mkpartner.com.pl\/","name":"Kancelaria Prawna - Meissner Kozio\u0142 Kaczmarek &amp; Partner","description":"Kancelaria Prawna","publisher":{"@id":"https:\/\/mkpartner.com.pl\/#organization"},"potentialAction":[{"@type":"SearchAction","target":{"@type":"EntryPoint","urlTemplate":"https:\/\/mkpartner.com.pl\/?s={search_term_string}"},"query-input":{"@type":"PropertyValueSpecification","valueRequired":true,"valueName":"search_term_string"}}],"inLanguage":"de"},{"@type":"Organization","@id":"https:\/\/mkpartner.com.pl\/#organization","name":"Kancelaria Prawna Meissner Kozio\u0142 Kaczmarek & Partner","url":"https:\/\/mkpartner.com.pl\/","logo":{"@type":"ImageObject","inLanguage":"de","@id":"https:\/\/mkpartner.com.pl\/#\/schema\/logo\/image\/","url":"http:\/\/wrdcxdb.cluster028.hosting.ovh.net\/wp-content\/uploads\/2021\/12\/logo-mk-partner.png","contentUrl":"http:\/\/wrdcxdb.cluster028.hosting.ovh.net\/wp-content\/uploads\/2021\/12\/logo-mk-partner.png","width":180,"height":33,"caption":"Kancelaria Prawna Meissner Kozio\u0142 Kaczmarek & Partner"},"image":{"@id":"https:\/\/mkpartner.com.pl\/#\/schema\/logo\/image\/"},"sameAs":["https:\/\/www.facebook.com\/mkpartnerPL","https:\/\/x.com\/MKK_Partner"]}]}},"builder_content":"<h1 style=\"text-align: center;\">BANK- UND WERTPAPIERRECHT<\/h1> <p style=\"text-align: center;\">-Fachgebiete-<\/p>\n<p><strong>Wir verf\u00fcgen \u00fcber weitreichende Erfahrung sowohl im Bereich der st\u00e4ndigen Rechtsberatung f\u00fcr Finanzinstitute, darunter die Niederlassung einer f\u00fchrenden polnischen Bank in Deutschland, als auch in den folgenden Bereichen:<\/strong><\/p> <ul> <li>Verhandlungen von Vertr\u00e4gen mit Finanzinstituten, darunter Sicherungsvertr\u00e4ge,<\/li> <li>Rechtsberatungen f\u00fcr Unternehmen bei der Suche nach Investitionskapital (Kredit-, Leasing- und Factoringvertr\u00e4ge, Investitionen der Private Equity-Fonds),<\/li> <li>Analyse und Aufzeigen von Rechtsrisiken bei Kredit- und sonstigen Vertr\u00e4gen, die mit Banken geschlossen werden,<\/li> <li>Rechtsberatung bei der Bestellung und \u00dcbertragung von Sicherungen,<\/li> <li>Rechtsberatung im Bereich von Vertr\u00e4gen \u00fcber Treuhandander- und Treuhandkonten,<\/li> <li>Erstellung von Gutachten und Analysen im Bereich des Bankrechts,<\/li> <li>Erlangen von Lizenzen und Genehmigungen im Bereich der Erbringung von Finanzdienstleistungen sowohl in Polen als auch in Deutschland, darunter die Unterst\u00fctzung beim Kontakt mit den entsprechenden nationalen Beh\u00f6rden, welche die grenz\u00fcberschreitende Erbringung von Finanzdienstleistungen regeln.<\/li> <\/ul> <p><strong>Im Bereich Wertpapiere bieten wir u. a. umfassende Dienstleistungen auf den folgenden Gebieten:<\/strong><\/p> <ul> <li>Emission von und Verkehr mit Wertpapieren,<\/li> <li>Sicherung von Forderungen mit Wertpapieren,<\/li> <li>Rekapitalisierung von Investitionsunternehmungen mit Wertpapieren,<\/li> <li>Einziehung von Wertpapieren,<\/li> <li>Geltendmachung von Anspr\u00fcchen aus Wertpapieren,<\/li> <li>Untersuchung der G\u00fcltigkeit von Wertpapieren, der Rechtsm\u00e4\u00dfigkeit deren Erstellung und Ausgabe sowie der M\u00f6glichkeit der Aus\u00fcbung der mit den Wertpapieren zusammenh\u00e4ngenden Rechte,<\/li> <li>Verf\u00e4lschung von Wertpapieren und Betrug bei deren Nutzung.<\/li> <\/ul> <p>Als eine der wenigen Kanzleien bieten wir auf diesem Gebiet Rechtsberatungen sowohl im deutschen als auch im polnischen Recht.<\/p>\n<p style=\"text-align: center;\"><strong>WIE K\u00d6NNEN SIE SICH MIT UNS IN VERBINDUNG SETZEN?<\/strong><\/p> \n \n <p style=\"text-align: center;\"><strong>WARSCHAU<\/strong><\/p><p style=\"text-align: center;\">Wsp\u00f3lna Str. 70<\/p><p style=\"text-align: center;\">00-687 Warszawa<\/p><p style=\"text-align: center;\"><a href=\"mailto:warszawa@mkpartner.com.pl\">warszawa@mkpartner.com.pl<\/a><\/p> \n \n <p style=\"text-align: center;\"><strong>POSEN<\/strong><\/p> <p style=\"text-align: center;\">Wolszty\u0144ska Str. 5, 60-361 Pozna\u0144<\/p> <p style=\"text-align: center;\">+48\u00a0798\u00a0607\u00a0482<\/p> <p style=\"text-align: center;\"><a href=\"mailto:poznan@mkpartner.com.pl\">poznan@mkpartner.com.pl<\/a><\/p> \n \n <p style=\"text-align: center;\"><strong>BERLIN<\/strong><\/p><p style=\"text-align: center;\">Dietzgenstra\u00dfe 85<\/p><p style=\"text-align: center;\">13156 Berlin<\/p><p style=\"text-align: center;\"><a href=\"mailto:berlin@mkpartner.com.pl\">berlin@mkpartner.com.pl<\/a><\/p>","_links":{"self":[{"href":"https:\/\/mkpartner.com.pl\/de\/wp-json\/wp\/v2\/pages\/4675","targetHints":{"allow":["GET"]}}],"collection":[{"href":"https:\/\/mkpartner.com.pl\/de\/wp-json\/wp\/v2\/pages"}],"about":[{"href":"https:\/\/mkpartner.com.pl\/de\/wp-json\/wp\/v2\/types\/page"}],"author":[{"embeddable":true,"href":"https:\/\/mkpartner.com.pl\/de\/wp-json\/wp\/v2\/users\/45"}],"replies":[{"embeddable":true,"href":"https:\/\/mkpartner.com.pl\/de\/wp-json\/wp\/v2\/comments?post=4675"}],"version-history":[{"count":0,"href":"https:\/\/mkpartner.com.pl\/de\/wp-json\/wp\/v2\/pages\/4675\/revisions"}],"wp:attachment":[{"href":"https:\/\/mkpartner.com.pl\/de\/wp-json\/wp\/v2\/media?parent=4675"}],"curies":[{"name":"wp","href":"https:\/\/api.w.org\/{rel}","templated":true}]}}