{"id":4688,"date":"2019-06-11T15:26:43","date_gmt":"2019-06-11T13:26:43","guid":{"rendered":"http:\/\/wrdcxdb.cluster028.hosting.ovh.net\/rechtsnachfolge-in-firmen\/"},"modified":"2024-04-09T21:12:39","modified_gmt":"2024-04-09T19:12:39","slug":"rechtsnachfolge-in-firmen","status":"publish","type":"page","link":"https:\/\/mkpartner.com.pl\/de\/rechtsnachfolge-in-firmen\/","title":{"rendered":"Rechtsnachfolge in Firmen"},"content":{"rendered":"<!--themify_builder_content-->\n<div id=\"themify_builder_content-4688\" data-postid=\"4688\" class=\"themify_builder_content themify_builder_content-4688 themify_builder tf_clear\">\n    \t\t\t\t<!-- module_row -->\n\t\t<div  data-css_id=\"n9v551\" id=\"baner\" data-lazy=\"1\" class=\"module_row themify_builder_row fullwidth tb_n9v551 tb_first tf_w tf_clearfix wow\" data-tf-animation=\"fadeIn\">\n\t\t\t\t\t<div class=\"row_inner col_align_top tb_col_count_1 tf_box tf_rel\">\n\t\t\t\t\t<div  data-lazy=\"1\" class=\"module_column tb-column col-full tb_r6xr53 first\">\n\t\t\t\t\t\t\t\t\t<div class=\"tb-column-inner tf_box tf_w\">\n\t\t\t\t<!-- module text -->\n<div  class=\"module module-text tb_t26h55   \" data-lazy=\"1\">\n        <div  class=\"tb_text_wrap\">\n    <h1 style=\"text-align: center;\">RECHTSNACHFOLGE IN FIRMEN<\/h1><p style=\"text-align: center;\">-Fachgebiete-<\/p>    <\/div>\n<\/div>\n<!-- \/module text -->\t\t\t\t<\/div><!-- .tb-column-inner -->\n\t\t\t\t\t\t<\/div><!-- .module_column -->\n\t\t\t\t\t\t<\/div><!-- .row_inner -->\n\t\t<\/div><!-- .module_row -->\n\t\t\t\t\t\t\t\t<!-- module_row -->\n\t\t<div  data-css_id=\"dpsx51\" data-lazy=\"1\" class=\"module_row themify_builder_row fullwidth_row_container tb_dpsx51 tf_w tf_clearfix\">\n\t\t\t\t\t<div class=\"row_inner col_align_top tb_col_count_1 tf_box tf_rel\">\n\t\t\t\t\t<div  data-lazy=\"1\" class=\"module_column tb-column col-full tb_qrcm60 first\">\n\t\t\t\t\t\t\t\t\t<div class=\"tb-column-inner tf_box tf_w\">\n\t\t\t\t<!-- module text -->\n<div  class=\"module module-text tb_pu9o62   \" data-lazy=\"1\">\n        <div  class=\"tb_text_wrap\">\n    <p>Zum Kundenkreis der Kanzlei MKK geh\u00f6ren viele Familienunternehmen. Wir sind uns dessen bewusst, wie wichtig hier die Problematik der Rechtsnachfolge ist. Es gibt sehr viele Formen der Rechtsnachfolge und Vorstellungen dar\u00fcber, wie diese Angelegenheit geregelt werden kann. Wir gehen auf die Bed\u00fcrfnisse unserer Kunden ein und im Rahmen der von uns gebotenen Rechtsunterst\u00fctzung handeln bzw. empfehlen wir Handlungen mit dem Ziel, eine m\u00f6glichst sichere \u00dcbergabe des Verm\u00f6gens und der F\u00fchrung sowie Vermittlung von Kenntnissen zwischen Generationen in Familienunternehmen zu gew\u00e4hrleisten.\u00a0<\/p>\n<p>Bei der Vorbereitung eines Rechtsnachfolgeplans \u2013 sehr oft in Zusammenarbeit mit Steuerberatern \u2013 ber\u00fccksichtigen wir vor allem einen sicheren Ausstieg der gegebenen Person bzw. Personen aus der Gesch\u00e4ftst\u00e4tigkeit bei paralleler Absicherung des Unternehmens und der Familie.<\/p>\n<p>Viele neue M\u00f6glichkeiten f\u00fcr Einzelunternehmer bietet das polnische Gesetz \u00fcber die Rechtsnachfolge in Unternehmen nat\u00fcrlicher Personen vom 05. Juli 2018. Doch nach wie vor geht dieses Gesetz nicht auf alle Bed\u00fcrfnisse unserer Kunden im Zusammenhang mit der Rechtsnachfolge ein.<\/p>\n<p>Wir sind uns dessen bewusst, wie heikel die Problematik der Rechtsnachfolge sein kann. Ein wesentlicher Aspekt der Rechtsnachfolge ist die Kommunikation und Kl\u00e4rung s\u00e4mtlicher Fragestellungen, die bei der Ausarbeitung einer individuellen, optimalen Planung der Rechtsnachfolge in einem Familienunternehmen von Bedeutung sind, und deren Besprechung mit den interessierten Familienmitgliedern. Wir heben immer hervor, dass die Rechtsnachfolge in Familienunternehmen oft ein langer Prozess ist, der aus mehreren Etappen besteht, viele Aspekte mit einbezieht und nicht selten den Rahmen einer schlichten Rechtsbetreuung \u00fcberschreitet.<\/p>\n<p>Im Rahmen der Rechtsbetreuung hinsichtlich der Rechtsnachfolge in Unternehmen erbringen wir insbesondere die folgenden Dienstleistungen:<\/p>\n<ul>\n<li>Wir helfen bei der Auswahl der Strategie f\u00fcr den geplanten Rechtsnachfolgeprozess und bei der Vorbereitung des Unternehmens und der an der Umwandlung beteiligten Familienmitgliedern auf die geplanten \u00c4nderungen.<\/li>\n<li>Wir setzen in Abstimmung mit Steuer- und Finanzberatern das festgelegte Konzept um.<\/li>\n<li>Wir nehmen Umwandlungen, Teilungen und Verbindungen von Gesellschaften vor.<\/li>\n<li>Wir handeln \u00c4nderungen in Gesellschafts- und Investitionsvertr\u00e4gen aus und nehmen diese vor.<\/li>\n<li>Wir betreuen die gesamte Dokumentation im Zusammenhang mit der Rechtsnachfolge, analysieren und bereiten sie vor, u. a. Kauf- und Schenkungsvertr\u00e4ge, Vollmachten, Vereinbarungen zwischen Gesellschaftern und aktuellen bzw. potentiellen Rechtsnachfolgern, Testamente der Familienmitglieder und Erbvertr\u00e4ge.<\/li>\n<li>Wir f\u00fchren s\u00e4mtliche gerichtliche und au\u00dfergerichtliche Handlungen im Zusammenhang mit der Rechtsnachfolge durch.<\/li>\n<\/ul>    <\/div>\n<\/div>\n<!-- \/module text -->\t\t\t\t<\/div><!-- .tb-column-inner -->\n\t\t\t\t\t\t<\/div><!-- .module_column -->\n\t\t\t\t\t\t<\/div><!-- .row_inner -->\n\t\t<\/div><!-- .module_row -->\n\t\t\t\t\t\t\t\t<!-- module_row -->\n\t\t<div  data-css_id=\"399r607\" data-lazy=\"1\" class=\"module_row themify_builder_row fullwidth tb_399r607 tf_w tf_clearfix\">\n\t\t\t\t\t<div class=\"row_inner col_align_top tb_col_count_1 tf_box tf_rel\">\n\t\t\t\t\t<div  data-lazy=\"1\" class=\"module_column tb-column col-full tb_wwsw607 first\">\n\t\t\t\t\t\t\t\t\t<div class=\"tb-column-inner tf_box tf_w\">\n\t\t\t\t<!-- module template_part -->\n<div  class=\"module module-layout-part tb_yurt607 \">\n    <div class=\"tb_layout_part_wrap tf_w\"><!--themify_builder_content-->\n    <div  class=\"themify_builder_content themify_builder_content-4421 themify_builder not_editable_builder in_the_loop\" data-postid=\"4421\">\n        \t\t\t\t<!-- module_row -->\n\t\t<div  data-lazy=\"1\" class=\"module_row themify_builder_row tb_wp5s243 tf_w tf_clearfix\">\n\t\t\t\t\t<div class=\"row_inner col_align_top tb_col_count_1 tf_box tf_rel\">\n\t\t\t\t\t<div  data-lazy=\"1\" class=\"module_column tb-column col-full tb_fnzh243 first\">\n\t\t\t\t\t\t\t\t\t<div class=\"tb-column-inner tf_box tf_w\">\n\t\t\t\t<!-- module text -->\n<div  class=\"module module-text tb_6xvi964    wow\" data-tf-animation=\"slideInUp\" data-lazy=\"1\">\n        <div  class=\"tb_text_wrap\">\n    <p style=\"text-align: center;\"><strong>WIE K\u00d6NNEN SIE SICH MIT UNS IN VERBINDUNG SETZEN?<\/strong><\/p>    <\/div>\n<\/div>\n<!-- \/module text -->\t\t<div  data-lazy=\"1\" class=\"module_subrow themify_builder_sub_row tb_in59692 tf_w tf_clearfix\">\n\t\t\t\t\t<div class=\"subrow_inner col_align_top tb_col_count_3 tf_box tf_w\">\n\t\t\t\t\t<div  data-lazy=\"1\" class=\"module_column sub_column col3-1 tb_k5mb693 first\">\n\t\t\t\t\t\t\t\t\t<div class=\"tb-column-inner tf_box tf_w\">\n\t\t\t\t<!-- module text -->\n<div  class=\"module module-text tb_ybzu301    wow\" data-tf-animation=\"slideInUp\" data-lazy=\"1\">\n        <div  class=\"tb_text_wrap\">\n    <p style=\"text-align: center;\"><strong>WARSCHAU<\/strong><\/p><p style=\"text-align: center;\">Wsp\u00f3lna Str. 70<\/p><p style=\"text-align: center;\">00-687 Warszawa<\/p><p style=\"text-align: center;\"><a href=\"mailto:warszawa@mkpartner.com.pl\">warszawa@mkpartner.com.pl<\/a><\/p>    <\/div>\n<\/div>\n<!-- \/module text -->\t\t\t\t<\/div><!-- .tb-column-inner -->\n\t\t\t\t\t\t<\/div><!-- .module_column -->\n\t\t\t\t\t<div  data-lazy=\"1\" class=\"module_column sub_column col3-1 tb_2ktv693\">\n\t\t\t\t\t\t\t\t\t<div class=\"tb-column-inner tf_box tf_w\">\n\t\t\t\t<!-- module text -->\n<div  class=\"module module-text tb_1bhr695    wow\" data-tf-animation=\"slideInUp\" data-lazy=\"1\">\n        <div  class=\"tb_text_wrap\">\n    <p style=\"text-align: center;\"><strong>POSEN<\/strong><\/p>\n<p style=\"text-align: center;\">Wolszty\u0144ska Str. 5, 60-361 Pozna\u0144<\/p>\n<p style=\"text-align: center;\">+48\u00a0798\u00a0607\u00a0482<\/p>\n<p style=\"text-align: center;\"><a href=\"mailto:poznan@mkpartner.com.pl\">poznan@mkpartner.com.pl<\/a><\/p>    <\/div>\n<\/div>\n<!-- \/module text -->\t\t\t\t<\/div><!-- .tb-column-inner -->\n\t\t\t\t\t\t<\/div><!-- .module_column -->\n\t\t\t\t\t<div  data-lazy=\"1\" class=\"module_column sub_column col3-1 tb_67dv693 last\">\n\t\t\t\t\t\t\t\t\t<div class=\"tb-column-inner tf_box tf_w\">\n\t\t\t\t<!-- module text -->\n<div  class=\"module module-text tb_xelv7    wow\" data-tf-animation=\"slideInUp\" data-lazy=\"1\">\n        <div  class=\"tb_text_wrap\">\n    <p style=\"text-align: center;\"><strong>BERLIN<\/strong><\/p><p style=\"text-align: center;\">Dietzgenstra\u00dfe 85<\/p><p style=\"text-align: center;\">13156 Berlin<\/p><p style=\"text-align: center;\"><a href=\"mailto:berlin@mkpartner.com.pl\">berlin@mkpartner.com.pl<\/a><\/p>    <\/div>\n<\/div>\n<!-- \/module text -->\t\t\t\t<\/div><!-- .tb-column-inner -->\n\t\t\t\t\t\t<\/div><!-- .module_column -->\n\t\t\t\t\t\t<\/div><!-- .subrow_inner -->\n\t\t<\/div><!-- .themify_builder_sub_row -->\n\t\t\t\t\t\t\t\t<\/div><!-- .tb-column-inner -->\n\t\t\t\t\t\t<\/div><!-- .module_column -->\n\t\t\t\t\t\t<\/div><!-- .row_inner -->\n\t\t<\/div><!-- .module_row -->\n\t\t\t\t    <\/div>\n<!--\/themify_builder_content--><\/div>\n<\/div>\n<!-- \/module template_part -->\t\t\t\t<\/div><!-- .tb-column-inner -->\n\t\t\t\t\t\t<\/div><!-- .module_column -->\n\t\t\t\t\t\t<\/div><!-- .row_inner -->\n\t\t<\/div><!-- .module_row -->\n\t\t\t\t<\/div>\n<!--\/themify_builder_content-->","protected":false},"excerpt":{"rendered":"<p>RECHTSNACHFOLGE IN FIRMEN -Fachgebiete- Zum Kundenkreis der Kanzlei MKK geh\u00f6ren viele Familienunternehmen. Wir sind uns dessen bewusst, wie wichtig hier die Problematik der Rechtsnachfolge ist. Es gibt sehr viele Formen der Rechtsnachfolge und Vorstellungen dar\u00fcber, wie diese Angelegenheit geregelt werden kann. Wir gehen auf die Bed\u00fcrfnisse unserer Kunden ein und im Rahmen der von uns [&hellip;]<\/p>\n","protected":false},"author":45,"featured_media":0,"parent":0,"menu_order":0,"comment_status":"closed","ping_status":"closed","template":"","meta":{"om_disable_all_campaigns":false,"inline_featured_image":false,"_uf_show_specific_survey":0,"_uf_disable_surveys":false,"footnotes":""},"class_list":["post-4688","page","type-page","status-publish","hentry","has-post-title","has-post-date","has-post-category","has-post-tag","has-post-comment","has-post-author",""],"featured_image_src":null,"yoast_head":"<!-- This site is optimized with the Yoast SEO plugin v27.4 - https:\/\/yoast.com\/product\/yoast-seo-wordpress\/ -->\n<title>Rechtsnachfolge in Firmen - Die Kanzlei MKK &amp; Partner<\/title>\n<meta name=\"description\" content=\"Rechtsnachfolge in Firmen - Die Kanzlei MKK &amp; Partner\" \/>\n<meta name=\"robots\" content=\"index, follow, max-snippet:-1, max-image-preview:large, max-video-preview:-1\" \/>\n<link rel=\"canonical\" href=\"https:\/\/mkpartner.com.pl\/de\/rechtsnachfolge-in-firmen\/\" \/>\n<meta property=\"og:locale\" content=\"de_DE\" \/>\n<meta property=\"og:type\" content=\"article\" \/>\n<meta property=\"og:title\" content=\"Rechtsnachfolge in Firmen - Die Kanzlei MKK &amp; Partner\" \/>\n<meta property=\"og:description\" content=\"Rechtsnachfolge in Firmen - Die Kanzlei MKK &amp; Partner\" \/>\n<meta property=\"og:url\" content=\"https:\/\/mkpartner.com.pl\/de\/rechtsnachfolge-in-firmen\/\" \/>\n<meta property=\"og:site_name\" content=\"Kancelaria Prawna - Meissner Kozio\u0142 Kaczmarek &amp; Partner\" \/>\n<meta property=\"article:publisher\" content=\"https:\/\/www.facebook.com\/mkpartnerPL\" \/>\n<meta property=\"article:modified_time\" content=\"2024-04-09T19:12:39+00:00\" \/>\n<meta property=\"og:image\" content=\"https:\/\/mkpartner.com.pl\/wp-content\/uploads\/2021\/12\/logo-mk-partner.png\" \/>\n\t<meta property=\"og:image:width\" content=\"180\" \/>\n\t<meta property=\"og:image:height\" content=\"33\" \/>\n\t<meta property=\"og:image:type\" content=\"image\/png\" \/>\n<meta name=\"twitter:card\" content=\"summary_large_image\" \/>\n<meta name=\"twitter:site\" content=\"@MKK_Partner\" \/>\n<script type=\"application\/ld+json\" class=\"yoast-schema-graph\">{\"@context\":\"https:\\\/\\\/schema.org\",\"@graph\":[{\"@type\":\"WebPage\",\"@id\":\"https:\\\/\\\/mkpartner.com.pl\\\/de\\\/rechtsnachfolge-in-firmen\\\/\",\"url\":\"https:\\\/\\\/mkpartner.com.pl\\\/de\\\/rechtsnachfolge-in-firmen\\\/\",\"name\":\"Rechtsnachfolge in Firmen - Die Kanzlei MKK & Partner\",\"isPartOf\":{\"@id\":\"https:\\\/\\\/mkpartner.com.pl\\\/#website\"},\"datePublished\":\"2019-06-11T13:26:43+00:00\",\"dateModified\":\"2024-04-09T19:12:39+00:00\",\"description\":\"Rechtsnachfolge in Firmen - Die Kanzlei MKK & Partner\",\"inLanguage\":\"de\",\"potentialAction\":[{\"@type\":\"ReadAction\",\"target\":[\"https:\\\/\\\/mkpartner.com.pl\\\/de\\\/rechtsnachfolge-in-firmen\\\/\"]}]},{\"@type\":\"WebSite\",\"@id\":\"https:\\\/\\\/mkpartner.com.pl\\\/#website\",\"url\":\"https:\\\/\\\/mkpartner.com.pl\\\/\",\"name\":\"Kancelaria Prawna - Meissner Kozio\u0142 Kaczmarek &amp; Partner\",\"description\":\"Kancelaria Prawna\",\"publisher\":{\"@id\":\"https:\\\/\\\/mkpartner.com.pl\\\/#organization\"},\"potentialAction\":[{\"@type\":\"SearchAction\",\"target\":{\"@type\":\"EntryPoint\",\"urlTemplate\":\"https:\\\/\\\/mkpartner.com.pl\\\/?s={search_term_string}\"},\"query-input\":{\"@type\":\"PropertyValueSpecification\",\"valueRequired\":true,\"valueName\":\"search_term_string\"}}],\"inLanguage\":\"de\"},{\"@type\":\"Organization\",\"@id\":\"https:\\\/\\\/mkpartner.com.pl\\\/#organization\",\"name\":\"Kancelaria Prawna Meissner Kozio\u0142 Kaczmarek & Partner\",\"url\":\"https:\\\/\\\/mkpartner.com.pl\\\/\",\"logo\":{\"@type\":\"ImageObject\",\"inLanguage\":\"de\",\"@id\":\"https:\\\/\\\/mkpartner.com.pl\\\/#\\\/schema\\\/logo\\\/image\\\/\",\"url\":\"http:\\\/\\\/wrdcxdb.cluster028.hosting.ovh.net\\\/wp-content\\\/uploads\\\/2021\\\/12\\\/logo-mk-partner.png\",\"contentUrl\":\"http:\\\/\\\/wrdcxdb.cluster028.hosting.ovh.net\\\/wp-content\\\/uploads\\\/2021\\\/12\\\/logo-mk-partner.png\",\"width\":180,\"height\":33,\"caption\":\"Kancelaria Prawna Meissner Kozio\u0142 Kaczmarek & Partner\"},\"image\":{\"@id\":\"https:\\\/\\\/mkpartner.com.pl\\\/#\\\/schema\\\/logo\\\/image\\\/\"},\"sameAs\":[\"https:\\\/\\\/www.facebook.com\\\/mkpartnerPL\",\"https:\\\/\\\/x.com\\\/MKK_Partner\"]}]}<\/script>\n<!-- \/ Yoast SEO plugin. -->","yoast_head_json":{"title":"Rechtsnachfolge in Firmen - Die Kanzlei MKK & Partner","description":"Rechtsnachfolge in Firmen - Die Kanzlei MKK & Partner","robots":{"index":"index","follow":"follow","max-snippet":"max-snippet:-1","max-image-preview":"max-image-preview:large","max-video-preview":"max-video-preview:-1"},"canonical":"https:\/\/mkpartner.com.pl\/de\/rechtsnachfolge-in-firmen\/","og_locale":"de_DE","og_type":"article","og_title":"Rechtsnachfolge in Firmen - Die Kanzlei MKK & Partner","og_description":"Rechtsnachfolge in Firmen - Die Kanzlei MKK & Partner","og_url":"https:\/\/mkpartner.com.pl\/de\/rechtsnachfolge-in-firmen\/","og_site_name":"Kancelaria Prawna - Meissner Kozio\u0142 Kaczmarek &amp; Partner","article_publisher":"https:\/\/www.facebook.com\/mkpartnerPL","article_modified_time":"2024-04-09T19:12:39+00:00","og_image":[{"width":180,"height":33,"url":"https:\/\/mkpartner.com.pl\/wp-content\/uploads\/2021\/12\/logo-mk-partner.png","type":"image\/png"}],"twitter_card":"summary_large_image","twitter_site":"@MKK_Partner","schema":{"@context":"https:\/\/schema.org","@graph":[{"@type":"WebPage","@id":"https:\/\/mkpartner.com.pl\/de\/rechtsnachfolge-in-firmen\/","url":"https:\/\/mkpartner.com.pl\/de\/rechtsnachfolge-in-firmen\/","name":"Rechtsnachfolge in Firmen - Die Kanzlei MKK & Partner","isPartOf":{"@id":"https:\/\/mkpartner.com.pl\/#website"},"datePublished":"2019-06-11T13:26:43+00:00","dateModified":"2024-04-09T19:12:39+00:00","description":"Rechtsnachfolge in Firmen - Die Kanzlei MKK & Partner","inLanguage":"de","potentialAction":[{"@type":"ReadAction","target":["https:\/\/mkpartner.com.pl\/de\/rechtsnachfolge-in-firmen\/"]}]},{"@type":"WebSite","@id":"https:\/\/mkpartner.com.pl\/#website","url":"https:\/\/mkpartner.com.pl\/","name":"Kancelaria Prawna - Meissner Kozio\u0142 Kaczmarek &amp; Partner","description":"Kancelaria Prawna","publisher":{"@id":"https:\/\/mkpartner.com.pl\/#organization"},"potentialAction":[{"@type":"SearchAction","target":{"@type":"EntryPoint","urlTemplate":"https:\/\/mkpartner.com.pl\/?s={search_term_string}"},"query-input":{"@type":"PropertyValueSpecification","valueRequired":true,"valueName":"search_term_string"}}],"inLanguage":"de"},{"@type":"Organization","@id":"https:\/\/mkpartner.com.pl\/#organization","name":"Kancelaria Prawna Meissner Kozio\u0142 Kaczmarek & Partner","url":"https:\/\/mkpartner.com.pl\/","logo":{"@type":"ImageObject","inLanguage":"de","@id":"https:\/\/mkpartner.com.pl\/#\/schema\/logo\/image\/","url":"http:\/\/wrdcxdb.cluster028.hosting.ovh.net\/wp-content\/uploads\/2021\/12\/logo-mk-partner.png","contentUrl":"http:\/\/wrdcxdb.cluster028.hosting.ovh.net\/wp-content\/uploads\/2021\/12\/logo-mk-partner.png","width":180,"height":33,"caption":"Kancelaria Prawna Meissner Kozio\u0142 Kaczmarek & Partner"},"image":{"@id":"https:\/\/mkpartner.com.pl\/#\/schema\/logo\/image\/"},"sameAs":["https:\/\/www.facebook.com\/mkpartnerPL","https:\/\/x.com\/MKK_Partner"]}]}},"builder_content":"<h1 style=\"text-align: center;\">RECHTSNACHFOLGE IN FIRMEN<\/h1><p style=\"text-align: center;\">-Fachgebiete-<\/p>\n<p>Zum Kundenkreis der Kanzlei MKK geh\u00f6ren viele Familienunternehmen. Wir sind uns dessen bewusst, wie wichtig hier die Problematik der Rechtsnachfolge ist. Es gibt sehr viele Formen der Rechtsnachfolge und Vorstellungen dar\u00fcber, wie diese Angelegenheit geregelt werden kann. Wir gehen auf die Bed\u00fcrfnisse unserer Kunden ein und im Rahmen der von uns gebotenen Rechtsunterst\u00fctzung handeln bzw. empfehlen wir Handlungen mit dem Ziel, eine m\u00f6glichst sichere \u00dcbergabe des Verm\u00f6gens und der F\u00fchrung sowie Vermittlung von Kenntnissen zwischen Generationen in Familienunternehmen zu gew\u00e4hrleisten.\u00a0<\/p> <p>Bei der Vorbereitung eines Rechtsnachfolgeplans \u2013 sehr oft in Zusammenarbeit mit Steuerberatern \u2013 ber\u00fccksichtigen wir vor allem einen sicheren Ausstieg der gegebenen Person bzw. Personen aus der Gesch\u00e4ftst\u00e4tigkeit bei paralleler Absicherung des Unternehmens und der Familie.<\/p> <p>Viele neue M\u00f6glichkeiten f\u00fcr Einzelunternehmer bietet das polnische Gesetz \u00fcber die Rechtsnachfolge in Unternehmen nat\u00fcrlicher Personen vom 05. Juli 2018. Doch nach wie vor geht dieses Gesetz nicht auf alle Bed\u00fcrfnisse unserer Kunden im Zusammenhang mit der Rechtsnachfolge ein.<\/p> <p>Wir sind uns dessen bewusst, wie heikel die Problematik der Rechtsnachfolge sein kann. Ein wesentlicher Aspekt der Rechtsnachfolge ist die Kommunikation und Kl\u00e4rung s\u00e4mtlicher Fragestellungen, die bei der Ausarbeitung einer individuellen, optimalen Planung der Rechtsnachfolge in einem Familienunternehmen von Bedeutung sind, und deren Besprechung mit den interessierten Familienmitgliedern. Wir heben immer hervor, dass die Rechtsnachfolge in Familienunternehmen oft ein langer Prozess ist, der aus mehreren Etappen besteht, viele Aspekte mit einbezieht und nicht selten den Rahmen einer schlichten Rechtsbetreuung \u00fcberschreitet.<\/p> <p>Im Rahmen der Rechtsbetreuung hinsichtlich der Rechtsnachfolge in Unternehmen erbringen wir insbesondere die folgenden Dienstleistungen:<\/p> <ul> <li>Wir helfen bei der Auswahl der Strategie f\u00fcr den geplanten Rechtsnachfolgeprozess und bei der Vorbereitung des Unternehmens und der an der Umwandlung beteiligten Familienmitgliedern auf die geplanten \u00c4nderungen.<\/li> <li>Wir setzen in Abstimmung mit Steuer- und Finanzberatern das festgelegte Konzept um.<\/li> <li>Wir nehmen Umwandlungen, Teilungen und Verbindungen von Gesellschaften vor.<\/li> <li>Wir handeln \u00c4nderungen in Gesellschafts- und Investitionsvertr\u00e4gen aus und nehmen diese vor.<\/li> <li>Wir betreuen die gesamte Dokumentation im Zusammenhang mit der Rechtsnachfolge, analysieren und bereiten sie vor, u. a. Kauf- und Schenkungsvertr\u00e4ge, Vollmachten, Vereinbarungen zwischen Gesellschaftern und aktuellen bzw. potentiellen Rechtsnachfolgern, Testamente der Familienmitglieder und Erbvertr\u00e4ge.<\/li> <li>Wir f\u00fchren s\u00e4mtliche gerichtliche und au\u00dfergerichtliche Handlungen im Zusammenhang mit der Rechtsnachfolge durch.<\/li> <\/ul>\n<p style=\"text-align: center;\"><strong>WIE K\u00d6NNEN SIE SICH MIT UNS IN VERBINDUNG SETZEN?<\/strong><\/p> \n \n <p style=\"text-align: center;\"><strong>WARSCHAU<\/strong><\/p><p style=\"text-align: center;\">Wsp\u00f3lna Str. 70<\/p><p style=\"text-align: center;\">00-687 Warszawa<\/p><p style=\"text-align: center;\"><a href=\"mailto:warszawa@mkpartner.com.pl\">warszawa@mkpartner.com.pl<\/a><\/p> \n \n <p style=\"text-align: center;\"><strong>POSEN<\/strong><\/p> <p style=\"text-align: center;\">Wolszty\u0144ska Str. 5, 60-361 Pozna\u0144<\/p> <p style=\"text-align: center;\">+48\u00a0798\u00a0607\u00a0482<\/p> <p style=\"text-align: center;\"><a href=\"mailto:poznan@mkpartner.com.pl\">poznan@mkpartner.com.pl<\/a><\/p> \n \n <p style=\"text-align: center;\"><strong>BERLIN<\/strong><\/p><p style=\"text-align: center;\">Dietzgenstra\u00dfe 85<\/p><p style=\"text-align: center;\">13156 Berlin<\/p><p style=\"text-align: center;\"><a href=\"mailto:berlin@mkpartner.com.pl\">berlin@mkpartner.com.pl<\/a><\/p>","_links":{"self":[{"href":"https:\/\/mkpartner.com.pl\/de\/wp-json\/wp\/v2\/pages\/4688","targetHints":{"allow":["GET"]}}],"collection":[{"href":"https:\/\/mkpartner.com.pl\/de\/wp-json\/wp\/v2\/pages"}],"about":[{"href":"https:\/\/mkpartner.com.pl\/de\/wp-json\/wp\/v2\/types\/page"}],"author":[{"embeddable":true,"href":"https:\/\/mkpartner.com.pl\/de\/wp-json\/wp\/v2\/users\/45"}],"replies":[{"embeddable":true,"href":"https:\/\/mkpartner.com.pl\/de\/wp-json\/wp\/v2\/comments?post=4688"}],"version-history":[{"count":0,"href":"https:\/\/mkpartner.com.pl\/de\/wp-json\/wp\/v2\/pages\/4688\/revisions"}],"wp:attachment":[{"href":"https:\/\/mkpartner.com.pl\/de\/wp-json\/wp\/v2\/media?parent=4688"}],"curies":[{"name":"wp","href":"https:\/\/api.w.org\/{rel}","templated":true}]}}