{"id":4695,"date":"2019-06-11T15:18:11","date_gmt":"2019-06-11T13:18:11","guid":{"rendered":"http:\/\/wrdcxdb.cluster028.hosting.ovh.net\/rechtsstreitigkeiten-vor-gerichten\/"},"modified":"2024-04-09T21:11:06","modified_gmt":"2024-04-09T19:11:06","slug":"rechtsstreitigkeiten-vor-gerichten","status":"publish","type":"page","link":"https:\/\/mkpartner.com.pl\/de\/rechtsstreitigkeiten-vor-gerichten\/","title":{"rendered":"Rechtsstreitigkeiten vor Gerichten"},"content":{"rendered":"<!--themify_builder_content-->\n<div id=\"themify_builder_content-4695\" data-postid=\"4695\" class=\"themify_builder_content themify_builder_content-4695 themify_builder tf_clear\">\n    \t\t\t\t<!-- module_row -->\n\t\t<div  data-css_id=\"c8jd660\" id=\"baner\" data-lazy=\"1\" class=\"module_row themify_builder_row fullwidth tb_c8jd660 tb_first tf_w tf_clearfix wow\" data-tf-animation=\"fadeIn\">\n\t\t\t\t\t<div class=\"row_inner col_align_top tb_col_count_1 tf_box tf_rel\">\n\t\t\t\t\t<div  data-lazy=\"1\" class=\"module_column tb-column col-full tb_j5ih663 first\">\n\t\t\t\t\t\t\t\t\t<div class=\"tb-column-inner tf_box tf_w\">\n\t\t\t\t<!-- module text -->\n<div  class=\"module module-text tb_spq1665   \" data-lazy=\"1\">\n        <div  class=\"tb_text_wrap\">\n    <h1 style=\"text-align: center;\">RECHTSSTREITIGKEITEN VOR GERICHTEN<\/h1><p style=\"text-align: center;\">-Fachgebiete-<\/p>    <\/div>\n<\/div>\n<!-- \/module text -->\t\t\t\t<\/div><!-- .tb-column-inner -->\n\t\t\t\t\t\t<\/div><!-- .module_column -->\n\t\t\t\t\t\t<\/div><!-- .row_inner -->\n\t\t<\/div><!-- .module_row -->\n\t\t\t\t\t\t\t\t<!-- module_row -->\n\t\t<div  data-css_id=\"030d661\" data-lazy=\"1\" class=\"module_row themify_builder_row fullwidth_row_container tb_030d661 tf_w tf_clearfix\">\n\t\t\t\t\t<div class=\"row_inner col_align_top tb_col_count_1 tf_box tf_rel\">\n\t\t\t\t\t<div  data-lazy=\"1\" class=\"module_column tb-column col-full tb_vxpf670 first\">\n\t\t\t\t\t\t\t\t\t<div class=\"tb-column-inner tf_box tf_w\">\n\t\t\t\t<!-- module text -->\n<div  class=\"module module-text tb_emcr671   \" data-lazy=\"1\">\n        <div  class=\"tb_text_wrap\">\n    <p>Die Mitarbeiter des Prozessdezernats der Kanzlei MKK bieten umfassende Rechtsbetreuung bei Gerichtsverfahren in Zivil-, Verwaltungs- und Strafsachen sowie beim Abschluss von Zivilvertr\u00e4gen. Sie bieten auch Unterst\u00fctzung bei Verhandlungen in der vorgerichtlichen Etappe.<\/p>\n<p>Die Kanzlei MKK bietet ihren Kunden auch eine Prozessvertretung vor Gerichten aller Instanzen, dem Obersten Gericht, Verwaltungsgerichten, \u00c4mtern und Gerichtsh\u00f6fen.<\/p>\n<p>Bei der Zuteilung der jeweiligen Sachen an die entsprechenden Rechtsanw\u00e4lte ber\u00fccksichtigen wir deren Fachgebiete und Branchenkenntnisse. Deswegen k\u00f6nnen sowohl Gro\u00dfunternehmen als auch Einzelunternehmer mit Rechtsbetreuung auf h\u00f6chstem Niveau rechnen, insbesondere mit professioneller und individueller Herangehensweise an jede uns anvertraute Sache unter Ber\u00fccksichtigung der Berufsethik.<\/p>\n<p>Unsere Prozessrechtsanw\u00e4lte haben vor allem bei den folgenden Angelegenheiten Erfahrung gesammelt:<\/p>\n<ul>\n<li>bei der F\u00fchrung von Verhandlungen und Erstellung von Vertr\u00e4gen und au\u00dfergerichtlichen Vergleichen,<\/li>\n<li>bei der Erstellung von Klagen, Widerspr\u00fcchen, Vorw\u00fcrfen, formalen Antr\u00e4gen, Berufungen, Beschwerden und sonstigen Prozessschrifts\u00e4tzen,<\/li>\n<li>bei der Vertretung vor Gerichten, insbesondere in Zivil-, Handels- und Wirtschafts- und Arbeitsrechtssachen sowie in Rechtsstreitigkeiten wegen des gewerblichen Eigentums,<\/li>\n<li>bei der Vorbereitung umfassender Prozessstrategien,<\/li>\n<li>bei der Vorbereitung von Rechtsaudits, Gutachten und Expertisen, darunter die Einsch\u00e4tzung von Rechtsrisiken f\u00fcr Kunden.<\/li>\n<\/ul>    <\/div>\n<\/div>\n<!-- \/module text -->\t\t\t\t<\/div><!-- .tb-column-inner -->\n\t\t\t\t\t\t<\/div><!-- .module_column -->\n\t\t\t\t\t\t<\/div><!-- .row_inner -->\n\t\t<\/div><!-- .module_row -->\n\t\t\t\t\t\t\t\t<!-- module_row -->\n\t\t<div  data-css_id=\"vn0u988\" data-lazy=\"1\" class=\"module_row themify_builder_row fullwidth tb_vn0u988 tf_w tf_clearfix\">\n\t\t\t\t\t<div class=\"row_inner col_align_top tb_col_count_1 tf_box tf_rel\">\n\t\t\t\t\t<div  data-lazy=\"1\" class=\"module_column tb-column col-full tb_iej3988 first\">\n\t\t\t\t\t\t\t\t\t<div class=\"tb-column-inner tf_box tf_w\">\n\t\t\t\t<!-- module template_part -->\n<div  class=\"module module-layout-part tb_cf31988 \">\n    <div class=\"tb_layout_part_wrap tf_w\"><!--themify_builder_content-->\n    <div  class=\"themify_builder_content themify_builder_content-4421 themify_builder not_editable_builder in_the_loop\" data-postid=\"4421\">\n        \t\t\t\t<!-- module_row -->\n\t\t<div  data-lazy=\"1\" class=\"module_row themify_builder_row tb_wp5s243 tf_w tf_clearfix\">\n\t\t\t\t\t<div class=\"row_inner col_align_top tb_col_count_1 tf_box tf_rel\">\n\t\t\t\t\t<div  data-lazy=\"1\" class=\"module_column tb-column col-full tb_fnzh243 first\">\n\t\t\t\t\t\t\t\t\t<div class=\"tb-column-inner tf_box tf_w\">\n\t\t\t\t<!-- module text -->\n<div  class=\"module module-text tb_6xvi964    wow\" data-tf-animation=\"slideInUp\" data-lazy=\"1\">\n        <div  class=\"tb_text_wrap\">\n    <p style=\"text-align: center;\"><strong>WIE K\u00d6NNEN SIE SICH MIT UNS IN VERBINDUNG SETZEN?<\/strong><\/p>    <\/div>\n<\/div>\n<!-- \/module text -->\t\t<div  data-lazy=\"1\" class=\"module_subrow themify_builder_sub_row tb_in59692 tf_w tf_clearfix\">\n\t\t\t\t\t<div class=\"subrow_inner col_align_top tb_col_count_3 tf_box tf_w\">\n\t\t\t\t\t<div  data-lazy=\"1\" class=\"module_column sub_column col3-1 tb_k5mb693 first\">\n\t\t\t\t\t\t\t\t\t<div class=\"tb-column-inner tf_box tf_w\">\n\t\t\t\t<!-- module text -->\n<div  class=\"module module-text tb_ybzu301    wow\" data-tf-animation=\"slideInUp\" data-lazy=\"1\">\n        <div  class=\"tb_text_wrap\">\n    <p style=\"text-align: center;\"><strong>WARSCHAU<\/strong><\/p><p style=\"text-align: center;\">Wsp\u00f3lna Str. 70<\/p><p style=\"text-align: center;\">00-687 Warszawa<\/p><p style=\"text-align: center;\"><a href=\"mailto:warszawa@mkpartner.com.pl\">warszawa@mkpartner.com.pl<\/a><\/p>    <\/div>\n<\/div>\n<!-- \/module text -->\t\t\t\t<\/div><!-- .tb-column-inner -->\n\t\t\t\t\t\t<\/div><!-- .module_column -->\n\t\t\t\t\t<div  data-lazy=\"1\" class=\"module_column sub_column col3-1 tb_2ktv693\">\n\t\t\t\t\t\t\t\t\t<div class=\"tb-column-inner tf_box tf_w\">\n\t\t\t\t<!-- module text -->\n<div  class=\"module module-text tb_1bhr695    wow\" data-tf-animation=\"slideInUp\" data-lazy=\"1\">\n        <div  class=\"tb_text_wrap\">\n    <p style=\"text-align: center;\"><strong>POSEN<\/strong><\/p>\n<p style=\"text-align: center;\">Wolszty\u0144ska Str. 5, 60-361 Pozna\u0144<\/p>\n<p style=\"text-align: center;\">+48\u00a0798\u00a0607\u00a0482<\/p>\n<p style=\"text-align: center;\"><a href=\"mailto:poznan@mkpartner.com.pl\">poznan@mkpartner.com.pl<\/a><\/p>    <\/div>\n<\/div>\n<!-- \/module text -->\t\t\t\t<\/div><!-- .tb-column-inner -->\n\t\t\t\t\t\t<\/div><!-- .module_column -->\n\t\t\t\t\t<div  data-lazy=\"1\" class=\"module_column sub_column col3-1 tb_67dv693 last\">\n\t\t\t\t\t\t\t\t\t<div class=\"tb-column-inner tf_box tf_w\">\n\t\t\t\t<!-- module text -->\n<div  class=\"module module-text tb_xelv7    wow\" data-tf-animation=\"slideInUp\" data-lazy=\"1\">\n        <div  class=\"tb_text_wrap\">\n    <p style=\"text-align: center;\"><strong>BERLIN<\/strong><\/p><p style=\"text-align: center;\">Dietzgenstra\u00dfe 85<\/p><p style=\"text-align: center;\">13156 Berlin<\/p><p style=\"text-align: center;\"><a href=\"mailto:berlin@mkpartner.com.pl\">berlin@mkpartner.com.pl<\/a><\/p>    <\/div>\n<\/div>\n<!-- \/module text -->\t\t\t\t<\/div><!-- .tb-column-inner -->\n\t\t\t\t\t\t<\/div><!-- .module_column -->\n\t\t\t\t\t\t<\/div><!-- .subrow_inner -->\n\t\t<\/div><!-- .themify_builder_sub_row -->\n\t\t\t\t\t\t\t\t<\/div><!-- .tb-column-inner -->\n\t\t\t\t\t\t<\/div><!-- .module_column -->\n\t\t\t\t\t\t<\/div><!-- .row_inner -->\n\t\t<\/div><!-- .module_row -->\n\t\t\t\t    <\/div>\n<!--\/themify_builder_content--><\/div>\n<\/div>\n<!-- \/module template_part -->\t\t\t\t<\/div><!-- .tb-column-inner -->\n\t\t\t\t\t\t<\/div><!-- .module_column -->\n\t\t\t\t\t\t<\/div><!-- .row_inner -->\n\t\t<\/div><!-- .module_row -->\n\t\t\t\t<\/div>\n<!--\/themify_builder_content-->","protected":false},"excerpt":{"rendered":"<p>RECHTSSTREITIGKEITEN VOR GERICHTEN -Fachgebiete- Die Mitarbeiter des Prozessdezernats der Kanzlei MKK bieten umfassende Rechtsbetreuung bei Gerichtsverfahren in Zivil-, Verwaltungs- und Strafsachen sowie beim Abschluss von Zivilvertr\u00e4gen. Sie bieten auch Unterst\u00fctzung bei Verhandlungen in der vorgerichtlichen Etappe. Die Kanzlei MKK bietet ihren Kunden auch eine Prozessvertretung vor Gerichten aller Instanzen, dem Obersten Gericht, Verwaltungsgerichten, \u00c4mtern und [&hellip;]<\/p>\n","protected":false},"author":45,"featured_media":0,"parent":0,"menu_order":0,"comment_status":"closed","ping_status":"closed","template":"","meta":{"om_disable_all_campaigns":false,"inline_featured_image":false,"_uf_show_specific_survey":0,"_uf_disable_surveys":false,"footnotes":""},"class_list":["post-4695","page","type-page","status-publish","hentry","has-post-title","has-post-date","has-post-category","has-post-tag","has-post-comment","has-post-author",""],"featured_image_src":null,"yoast_head":"<!-- This site is optimized with the Yoast SEO plugin v27.4 - https:\/\/yoast.com\/product\/yoast-seo-wordpress\/ -->\n<title>Rechtsstreitigkeiten vor Gerichten - Die Kanzlei MKK &amp; Partner<\/title>\n<meta name=\"description\" content=\"Rechtsstreitigkeiten vor Gerichten - Die Kanzlei MKK &amp; Partner\" \/>\n<meta name=\"robots\" content=\"index, follow, max-snippet:-1, max-image-preview:large, max-video-preview:-1\" \/>\n<link rel=\"canonical\" href=\"https:\/\/mkpartner.com.pl\/de\/rechtsstreitigkeiten-vor-gerichten\/\" \/>\n<meta property=\"og:locale\" content=\"de_DE\" \/>\n<meta property=\"og:type\" content=\"article\" \/>\n<meta property=\"og:title\" content=\"Rechtsstreitigkeiten vor Gerichten - Die Kanzlei MKK &amp; Partner\" \/>\n<meta property=\"og:description\" content=\"Rechtsstreitigkeiten vor Gerichten - Die Kanzlei MKK &amp; Partner\" \/>\n<meta property=\"og:url\" content=\"https:\/\/mkpartner.com.pl\/de\/rechtsstreitigkeiten-vor-gerichten\/\" \/>\n<meta property=\"og:site_name\" content=\"Kancelaria Prawna - Meissner Kozio\u0142 Kaczmarek &amp; Partner\" \/>\n<meta property=\"article:publisher\" content=\"https:\/\/www.facebook.com\/mkpartnerPL\" \/>\n<meta property=\"article:modified_time\" content=\"2024-04-09T19:11:06+00:00\" \/>\n<meta property=\"og:image\" content=\"https:\/\/mkpartner.com.pl\/wp-content\/uploads\/2021\/12\/logo-mk-partner.png\" \/>\n\t<meta property=\"og:image:width\" content=\"180\" \/>\n\t<meta property=\"og:image:height\" content=\"33\" \/>\n\t<meta property=\"og:image:type\" content=\"image\/png\" \/>\n<meta name=\"twitter:card\" content=\"summary_large_image\" \/>\n<meta name=\"twitter:site\" content=\"@MKK_Partner\" \/>\n<script type=\"application\/ld+json\" class=\"yoast-schema-graph\">{\"@context\":\"https:\\\/\\\/schema.org\",\"@graph\":[{\"@type\":\"WebPage\",\"@id\":\"https:\\\/\\\/mkpartner.com.pl\\\/de\\\/rechtsstreitigkeiten-vor-gerichten\\\/\",\"url\":\"https:\\\/\\\/mkpartner.com.pl\\\/de\\\/rechtsstreitigkeiten-vor-gerichten\\\/\",\"name\":\"Rechtsstreitigkeiten vor Gerichten - Die Kanzlei MKK & Partner\",\"isPartOf\":{\"@id\":\"https:\\\/\\\/mkpartner.com.pl\\\/#website\"},\"datePublished\":\"2019-06-11T13:18:11+00:00\",\"dateModified\":\"2024-04-09T19:11:06+00:00\",\"description\":\"Rechtsstreitigkeiten vor Gerichten - Die Kanzlei MKK & Partner\",\"inLanguage\":\"de\",\"potentialAction\":[{\"@type\":\"ReadAction\",\"target\":[\"https:\\\/\\\/mkpartner.com.pl\\\/de\\\/rechtsstreitigkeiten-vor-gerichten\\\/\"]}]},{\"@type\":\"WebSite\",\"@id\":\"https:\\\/\\\/mkpartner.com.pl\\\/#website\",\"url\":\"https:\\\/\\\/mkpartner.com.pl\\\/\",\"name\":\"Kancelaria Prawna - Meissner Kozio\u0142 Kaczmarek &amp; Partner\",\"description\":\"Kancelaria Prawna\",\"publisher\":{\"@id\":\"https:\\\/\\\/mkpartner.com.pl\\\/#organization\"},\"potentialAction\":[{\"@type\":\"SearchAction\",\"target\":{\"@type\":\"EntryPoint\",\"urlTemplate\":\"https:\\\/\\\/mkpartner.com.pl\\\/?s={search_term_string}\"},\"query-input\":{\"@type\":\"PropertyValueSpecification\",\"valueRequired\":true,\"valueName\":\"search_term_string\"}}],\"inLanguage\":\"de\"},{\"@type\":\"Organization\",\"@id\":\"https:\\\/\\\/mkpartner.com.pl\\\/#organization\",\"name\":\"Kancelaria Prawna Meissner Kozio\u0142 Kaczmarek & Partner\",\"url\":\"https:\\\/\\\/mkpartner.com.pl\\\/\",\"logo\":{\"@type\":\"ImageObject\",\"inLanguage\":\"de\",\"@id\":\"https:\\\/\\\/mkpartner.com.pl\\\/#\\\/schema\\\/logo\\\/image\\\/\",\"url\":\"http:\\\/\\\/wrdcxdb.cluster028.hosting.ovh.net\\\/wp-content\\\/uploads\\\/2021\\\/12\\\/logo-mk-partner.png\",\"contentUrl\":\"http:\\\/\\\/wrdcxdb.cluster028.hosting.ovh.net\\\/wp-content\\\/uploads\\\/2021\\\/12\\\/logo-mk-partner.png\",\"width\":180,\"height\":33,\"caption\":\"Kancelaria Prawna Meissner Kozio\u0142 Kaczmarek & Partner\"},\"image\":{\"@id\":\"https:\\\/\\\/mkpartner.com.pl\\\/#\\\/schema\\\/logo\\\/image\\\/\"},\"sameAs\":[\"https:\\\/\\\/www.facebook.com\\\/mkpartnerPL\",\"https:\\\/\\\/x.com\\\/MKK_Partner\"]}]}<\/script>\n<!-- \/ Yoast SEO plugin. -->","yoast_head_json":{"title":"Rechtsstreitigkeiten vor Gerichten - Die Kanzlei MKK & Partner","description":"Rechtsstreitigkeiten vor Gerichten - Die Kanzlei MKK & Partner","robots":{"index":"index","follow":"follow","max-snippet":"max-snippet:-1","max-image-preview":"max-image-preview:large","max-video-preview":"max-video-preview:-1"},"canonical":"https:\/\/mkpartner.com.pl\/de\/rechtsstreitigkeiten-vor-gerichten\/","og_locale":"de_DE","og_type":"article","og_title":"Rechtsstreitigkeiten vor Gerichten - Die Kanzlei MKK & Partner","og_description":"Rechtsstreitigkeiten vor Gerichten - Die Kanzlei MKK & Partner","og_url":"https:\/\/mkpartner.com.pl\/de\/rechtsstreitigkeiten-vor-gerichten\/","og_site_name":"Kancelaria Prawna - Meissner Kozio\u0142 Kaczmarek &amp; Partner","article_publisher":"https:\/\/www.facebook.com\/mkpartnerPL","article_modified_time":"2024-04-09T19:11:06+00:00","og_image":[{"width":180,"height":33,"url":"https:\/\/mkpartner.com.pl\/wp-content\/uploads\/2021\/12\/logo-mk-partner.png","type":"image\/png"}],"twitter_card":"summary_large_image","twitter_site":"@MKK_Partner","schema":{"@context":"https:\/\/schema.org","@graph":[{"@type":"WebPage","@id":"https:\/\/mkpartner.com.pl\/de\/rechtsstreitigkeiten-vor-gerichten\/","url":"https:\/\/mkpartner.com.pl\/de\/rechtsstreitigkeiten-vor-gerichten\/","name":"Rechtsstreitigkeiten vor Gerichten - Die Kanzlei MKK & Partner","isPartOf":{"@id":"https:\/\/mkpartner.com.pl\/#website"},"datePublished":"2019-06-11T13:18:11+00:00","dateModified":"2024-04-09T19:11:06+00:00","description":"Rechtsstreitigkeiten vor Gerichten - Die Kanzlei MKK & Partner","inLanguage":"de","potentialAction":[{"@type":"ReadAction","target":["https:\/\/mkpartner.com.pl\/de\/rechtsstreitigkeiten-vor-gerichten\/"]}]},{"@type":"WebSite","@id":"https:\/\/mkpartner.com.pl\/#website","url":"https:\/\/mkpartner.com.pl\/","name":"Kancelaria Prawna - Meissner Kozio\u0142 Kaczmarek &amp; Partner","description":"Kancelaria Prawna","publisher":{"@id":"https:\/\/mkpartner.com.pl\/#organization"},"potentialAction":[{"@type":"SearchAction","target":{"@type":"EntryPoint","urlTemplate":"https:\/\/mkpartner.com.pl\/?s={search_term_string}"},"query-input":{"@type":"PropertyValueSpecification","valueRequired":true,"valueName":"search_term_string"}}],"inLanguage":"de"},{"@type":"Organization","@id":"https:\/\/mkpartner.com.pl\/#organization","name":"Kancelaria Prawna Meissner Kozio\u0142 Kaczmarek & Partner","url":"https:\/\/mkpartner.com.pl\/","logo":{"@type":"ImageObject","inLanguage":"de","@id":"https:\/\/mkpartner.com.pl\/#\/schema\/logo\/image\/","url":"http:\/\/wrdcxdb.cluster028.hosting.ovh.net\/wp-content\/uploads\/2021\/12\/logo-mk-partner.png","contentUrl":"http:\/\/wrdcxdb.cluster028.hosting.ovh.net\/wp-content\/uploads\/2021\/12\/logo-mk-partner.png","width":180,"height":33,"caption":"Kancelaria Prawna Meissner Kozio\u0142 Kaczmarek & Partner"},"image":{"@id":"https:\/\/mkpartner.com.pl\/#\/schema\/logo\/image\/"},"sameAs":["https:\/\/www.facebook.com\/mkpartnerPL","https:\/\/x.com\/MKK_Partner"]}]}},"builder_content":"<h1 style=\"text-align: center;\">RECHTSSTREITIGKEITEN VOR GERICHTEN<\/h1><p style=\"text-align: center;\">-Fachgebiete-<\/p>\n<p>Die Mitarbeiter des Prozessdezernats der Kanzlei MKK bieten umfassende Rechtsbetreuung bei Gerichtsverfahren in Zivil-, Verwaltungs- und Strafsachen sowie beim Abschluss von Zivilvertr\u00e4gen. Sie bieten auch Unterst\u00fctzung bei Verhandlungen in der vorgerichtlichen Etappe.<\/p> <p>Die Kanzlei MKK bietet ihren Kunden auch eine Prozessvertretung vor Gerichten aller Instanzen, dem Obersten Gericht, Verwaltungsgerichten, \u00c4mtern und Gerichtsh\u00f6fen.<\/p> <p>Bei der Zuteilung der jeweiligen Sachen an die entsprechenden Rechtsanw\u00e4lte ber\u00fccksichtigen wir deren Fachgebiete und Branchenkenntnisse. Deswegen k\u00f6nnen sowohl Gro\u00dfunternehmen als auch Einzelunternehmer mit Rechtsbetreuung auf h\u00f6chstem Niveau rechnen, insbesondere mit professioneller und individueller Herangehensweise an jede uns anvertraute Sache unter Ber\u00fccksichtigung der Berufsethik.<\/p> <p>Unsere Prozessrechtsanw\u00e4lte haben vor allem bei den folgenden Angelegenheiten Erfahrung gesammelt:<\/p> <ul> <li>bei der F\u00fchrung von Verhandlungen und Erstellung von Vertr\u00e4gen und au\u00dfergerichtlichen Vergleichen,<\/li> <li>bei der Erstellung von Klagen, Widerspr\u00fcchen, Vorw\u00fcrfen, formalen Antr\u00e4gen, Berufungen, Beschwerden und sonstigen Prozessschrifts\u00e4tzen,<\/li> <li>bei der Vertretung vor Gerichten, insbesondere in Zivil-, Handels- und Wirtschafts- und Arbeitsrechtssachen sowie in Rechtsstreitigkeiten wegen des gewerblichen Eigentums,<\/li> <li>bei der Vorbereitung umfassender Prozessstrategien,<\/li> <li>bei der Vorbereitung von Rechtsaudits, Gutachten und Expertisen, darunter die Einsch\u00e4tzung von Rechtsrisiken f\u00fcr Kunden.<\/li> <\/ul>\n<p style=\"text-align: center;\"><strong>WIE K\u00d6NNEN SIE SICH MIT UNS IN VERBINDUNG SETZEN?<\/strong><\/p> \n \n <p style=\"text-align: center;\"><strong>WARSCHAU<\/strong><\/p><p style=\"text-align: center;\">Wsp\u00f3lna Str. 70<\/p><p style=\"text-align: center;\">00-687 Warszawa<\/p><p style=\"text-align: center;\"><a href=\"mailto:warszawa@mkpartner.com.pl\">warszawa@mkpartner.com.pl<\/a><\/p> \n \n <p style=\"text-align: center;\"><strong>POSEN<\/strong><\/p> <p style=\"text-align: center;\">Wolszty\u0144ska Str. 5, 60-361 Pozna\u0144<\/p> <p style=\"text-align: center;\">+48\u00a0798\u00a0607\u00a0482<\/p> <p style=\"text-align: center;\"><a href=\"mailto:poznan@mkpartner.com.pl\">poznan@mkpartner.com.pl<\/a><\/p> \n \n <p style=\"text-align: center;\"><strong>BERLIN<\/strong><\/p><p style=\"text-align: center;\">Dietzgenstra\u00dfe 85<\/p><p style=\"text-align: center;\">13156 Berlin<\/p><p style=\"text-align: center;\"><a href=\"mailto:berlin@mkpartner.com.pl\">berlin@mkpartner.com.pl<\/a><\/p>","_links":{"self":[{"href":"https:\/\/mkpartner.com.pl\/de\/wp-json\/wp\/v2\/pages\/4695","targetHints":{"allow":["GET"]}}],"collection":[{"href":"https:\/\/mkpartner.com.pl\/de\/wp-json\/wp\/v2\/pages"}],"about":[{"href":"https:\/\/mkpartner.com.pl\/de\/wp-json\/wp\/v2\/types\/page"}],"author":[{"embeddable":true,"href":"https:\/\/mkpartner.com.pl\/de\/wp-json\/wp\/v2\/users\/45"}],"replies":[{"embeddable":true,"href":"https:\/\/mkpartner.com.pl\/de\/wp-json\/wp\/v2\/comments?post=4695"}],"version-history":[{"count":0,"href":"https:\/\/mkpartner.com.pl\/de\/wp-json\/wp\/v2\/pages\/4695\/revisions"}],"wp:attachment":[{"href":"https:\/\/mkpartner.com.pl\/de\/wp-json\/wp\/v2\/media?parent=4695"}],"curies":[{"name":"wp","href":"https:\/\/api.w.org\/{rel}","templated":true}]}}