{"id":4721,"date":"2019-06-11T14:59:08","date_gmt":"2019-06-11T12:59:08","guid":{"rendered":"http:\/\/wrdcxdb.cluster028.hosting.ovh.net\/arbeitsrecht\/"},"modified":"2024-04-09T21:09:44","modified_gmt":"2024-04-09T19:09:44","slug":"arbeitsrecht","status":"publish","type":"page","link":"https:\/\/mkpartner.com.pl\/de\/arbeitsrecht\/","title":{"rendered":"Arbeitsrecht"},"content":{"rendered":"<!--themify_builder_content-->\n<div id=\"themify_builder_content-4721\" data-postid=\"4721\" class=\"themify_builder_content themify_builder_content-4721 themify_builder tf_clear\">\n    \t\t\t\t<!-- module_row -->\n\t\t<div  data-css_id=\"0p8w879\" id=\"baner\" data-lazy=\"1\" class=\"module_row themify_builder_row fullwidth tb_0p8w879 tb_first tf_w tf_clearfix wow\" data-tf-animation=\"fadeIn\">\n\t\t\t\t\t<div class=\"row_inner col_align_top tb_col_count_1 tf_box tf_rel\">\n\t\t\t\t\t<div  data-lazy=\"1\" class=\"module_column tb-column col-full tb_k9x0881 first\">\n\t\t\t\t\t\t\t\t\t<div class=\"tb-column-inner tf_box tf_w\">\n\t\t\t\t<!-- module text -->\n<div  class=\"module module-text tb_xfd6883   \" data-lazy=\"1\">\n        <div  class=\"tb_text_wrap\">\n    <h1 style=\"text-align: center;\">ARBEITSRECHT<\/h1><p style=\"text-align: center;\">-Fachgebiete-<\/p>    <\/div>\n<\/div>\n<!-- \/module text -->\t\t\t\t<\/div><!-- .tb-column-inner -->\n\t\t\t\t\t\t<\/div><!-- .module_column -->\n\t\t\t\t\t\t<\/div><!-- .row_inner -->\n\t\t<\/div><!-- .module_row -->\n\t\t\t\t\t\t\t\t<!-- module_row -->\n\t\t<div  data-css_id=\"um4o879\" data-lazy=\"1\" class=\"module_row themify_builder_row fullwidth_row_container tb_um4o879 tf_w tf_clearfix\">\n\t\t\t\t\t<div class=\"row_inner col_align_top tb_col_count_1 tf_box tf_rel\">\n\t\t\t\t\t<div  data-lazy=\"1\" class=\"module_column tb-column col-full tb_hy7u887 first\">\n\t\t\t\t\t\t\t\t\t<div class=\"tb-column-inner tf_box tf_w\">\n\t\t\t\t<!-- module text -->\n<div  class=\"module module-text tb_644s888   \" data-lazy=\"1\">\n        <div  class=\"tb_text_wrap\">\n    <p>Die Expansion auf ausl\u00e4ndische M\u00e4rkte zieht die Notwendigkeit der Mitarbeitereinstellung oder -entsendung zur Arbeit im Ausland nach sich. Wir verf\u00fcgen \u00fcber weitreichende Erfahrung im Bereich des polnischen, deutschen und internationalen Arbeitsrechts. Im Rahmen der von uns gebotenen Dienstleistungen unterst\u00fctzen wir unsere Kunden und ihre Buchhaltungs- und Personalabteilungen bei der laufenden T\u00e4tigkeit, wir vertreten sie in Verfahren vor Gerichten und Staatsorganen sowie in Verhandlungen mit Mitarbeiterorganisationen. Im Bereich des Arbeitsrechts unterst\u00fctzen wir Unternehmen, die in Polen und Deutschland Mutter- und Tochtergesellschaften sowie Niederlassungen f\u00fchren, sowie Unternehmer, die grenz\u00fcberschreitende Dienstleistungen erbringen. Wir bieten komplexe Beratungsdienstleistungen bez\u00fcglich der Entsendung von Mitarbeitern unter Ber\u00fccksichtigung der sich aus dem polnischen und deutschen Gesetz ergebenden Besonderheiten (in rechtlicher, steuerlicher und buchhalterischer Hinsicht).<\/p><p>Wir verf\u00fcgen \u00fcber weitreichende Erfahrung, gesammelt u. a. :<\/p><ul><li>bei der st\u00e4ndigen umfassenden Rechtsberatung f\u00fcr Personal- und Verg\u00fctungsabteilungen von gro\u00dfen, mittleren und kleinen Unternehmen,<\/li><li>bei der Vertretung in Rechtsstreitigkeiten vor Gerichten zwischen Arbeitgebern, Arbeitnehmern und der polnischen Sozialversicherungsanstalt,<\/li><li>bei der Vertretung in Verwaltungs- und Steuerverfahren,<\/li><li>bei der Beratung hinsichtlich der Auswahl der geeignetsten Besch\u00e4ftigungsformen und deren Strukturierung,<\/li><li>bei der Vorbereitung von Arbeitnehmerunterlagen, darunter Arbeitsvertr\u00e4ge, Ordnungen und Verfahren,<\/li><li>bei der Beratung im Zusammenhang mit der Entsendung von Arbeitnehmern zur Arbeit im Ausland, insbesondere nach Deutschland, und mit der Vorbereitung umfassender Entsendungsunterlagen,<\/li><li>bei der Vertretung und Beratung bei Verfahren und Verhandlungen zwischen Arbeitgebern und Gewerkschaften,<\/li><li>bei der Beratung im Bereich der Einzel- und Massenentlassungen,<\/li><li>bei Audits und der Umsetzung der Vorschriften zum Personendatenschutz bei Mitarbeiterangelegenheiten,<\/li><li>bei der Beratung im Zusammenhang mit der Besch\u00e4ftigung von Ausl\u00e4ndern, Vertr\u00e4gen von Zeitarbeitsagenturen, die Arbeitskr\u00e4fte suchen und Dienstleistungen des Mitarbeiter-Outsourcings erbringen.<\/li><\/ul>    <\/div>\n<\/div>\n<!-- \/module text -->\t\t\t\t<\/div><!-- .tb-column-inner -->\n\t\t\t\t\t\t<\/div><!-- .module_column -->\n\t\t\t\t\t\t<\/div><!-- .row_inner -->\n\t\t<\/div><!-- .module_row -->\n\t\t\t\t\t\t\t\t<!-- module_row -->\n\t\t<div  data-css_id=\"n3lc485\" data-lazy=\"1\" class=\"module_row themify_builder_row fullwidth tb_n3lc485 tf_w tf_clearfix\">\n\t\t\t\t\t<div class=\"row_inner col_align_top tb_col_count_1 tf_box tf_rel\">\n\t\t\t\t\t<div  data-lazy=\"1\" class=\"module_column tb-column col-full tb_fafv485 first\">\n\t\t\t\t\t\t\t\t\t<div class=\"tb-column-inner tf_box tf_w\">\n\t\t\t\t<!-- module template_part -->\n<div  class=\"module module-layout-part tb_b5kz485 \">\n    <div class=\"tb_layout_part_wrap tf_w\"><!--themify_builder_content-->\n    <div  class=\"themify_builder_content themify_builder_content-4421 themify_builder not_editable_builder in_the_loop\" data-postid=\"4421\">\n        \t\t\t\t<!-- module_row -->\n\t\t<div  data-lazy=\"1\" class=\"module_row themify_builder_row tb_wp5s243 tf_w tf_clearfix\">\n\t\t\t\t\t<div class=\"row_inner col_align_top tb_col_count_1 tf_box tf_rel\">\n\t\t\t\t\t<div  data-lazy=\"1\" class=\"module_column tb-column col-full tb_fnzh243 first\">\n\t\t\t\t\t\t\t\t\t<div class=\"tb-column-inner tf_box tf_w\">\n\t\t\t\t<!-- module text -->\n<div  class=\"module module-text tb_6xvi964    wow\" data-tf-animation=\"slideInUp\" data-lazy=\"1\">\n        <div  class=\"tb_text_wrap\">\n    <p style=\"text-align: center;\"><strong>WIE K\u00d6NNEN SIE SICH MIT UNS IN VERBINDUNG SETZEN?<\/strong><\/p>    <\/div>\n<\/div>\n<!-- \/module text -->\t\t<div  data-lazy=\"1\" class=\"module_subrow themify_builder_sub_row tb_in59692 tf_w tf_clearfix\">\n\t\t\t\t\t<div class=\"subrow_inner col_align_top tb_col_count_3 tf_box tf_w\">\n\t\t\t\t\t<div  data-lazy=\"1\" class=\"module_column sub_column col3-1 tb_k5mb693 first\">\n\t\t\t\t\t\t\t\t\t<div class=\"tb-column-inner tf_box tf_w\">\n\t\t\t\t<!-- module text -->\n<div  class=\"module module-text tb_ybzu301    wow\" data-tf-animation=\"slideInUp\" data-lazy=\"1\">\n        <div  class=\"tb_text_wrap\">\n    <p style=\"text-align: center;\"><strong>WARSCHAU<\/strong><\/p><p style=\"text-align: center;\">Wsp\u00f3lna Str. 70<\/p><p style=\"text-align: center;\">00-687 Warszawa<\/p><p style=\"text-align: center;\"><a href=\"mailto:warszawa@mkpartner.com.pl\">warszawa@mkpartner.com.pl<\/a><\/p>    <\/div>\n<\/div>\n<!-- \/module text -->\t\t\t\t<\/div><!-- .tb-column-inner -->\n\t\t\t\t\t\t<\/div><!-- .module_column -->\n\t\t\t\t\t<div  data-lazy=\"1\" class=\"module_column sub_column col3-1 tb_2ktv693\">\n\t\t\t\t\t\t\t\t\t<div class=\"tb-column-inner tf_box tf_w\">\n\t\t\t\t<!-- module text -->\n<div  class=\"module module-text tb_1bhr695    wow\" data-tf-animation=\"slideInUp\" data-lazy=\"1\">\n        <div  class=\"tb_text_wrap\">\n    <p style=\"text-align: center;\"><strong>POSEN<\/strong><\/p>\n<p style=\"text-align: center;\">Wolszty\u0144ska Str. 5, 60-361 Pozna\u0144<\/p>\n<p style=\"text-align: center;\">+48\u00a0798\u00a0607\u00a0482<\/p>\n<p style=\"text-align: center;\"><a href=\"mailto:poznan@mkpartner.com.pl\">poznan@mkpartner.com.pl<\/a><\/p>    <\/div>\n<\/div>\n<!-- \/module text -->\t\t\t\t<\/div><!-- .tb-column-inner -->\n\t\t\t\t\t\t<\/div><!-- .module_column -->\n\t\t\t\t\t<div  data-lazy=\"1\" class=\"module_column sub_column col3-1 tb_67dv693 last\">\n\t\t\t\t\t\t\t\t\t<div class=\"tb-column-inner tf_box tf_w\">\n\t\t\t\t<!-- module text -->\n<div  class=\"module module-text tb_xelv7    wow\" data-tf-animation=\"slideInUp\" data-lazy=\"1\">\n        <div  class=\"tb_text_wrap\">\n    <p style=\"text-align: center;\"><strong>BERLIN<\/strong><\/p><p style=\"text-align: center;\">Dietzgenstra\u00dfe 85<\/p><p style=\"text-align: center;\">13156 Berlin<\/p><p style=\"text-align: center;\"><a href=\"mailto:berlin@mkpartner.com.pl\">berlin@mkpartner.com.pl<\/a><\/p>    <\/div>\n<\/div>\n<!-- \/module text -->\t\t\t\t<\/div><!-- .tb-column-inner -->\n\t\t\t\t\t\t<\/div><!-- .module_column -->\n\t\t\t\t\t\t<\/div><!-- .subrow_inner -->\n\t\t<\/div><!-- .themify_builder_sub_row -->\n\t\t\t\t\t\t\t\t<\/div><!-- .tb-column-inner -->\n\t\t\t\t\t\t<\/div><!-- .module_column -->\n\t\t\t\t\t\t<\/div><!-- .row_inner -->\n\t\t<\/div><!-- .module_row -->\n\t\t\t\t    <\/div>\n<!--\/themify_builder_content--><\/div>\n<\/div>\n<!-- \/module template_part -->\t\t\t\t<\/div><!-- .tb-column-inner -->\n\t\t\t\t\t\t<\/div><!-- .module_column -->\n\t\t\t\t\t\t<\/div><!-- .row_inner -->\n\t\t<\/div><!-- .module_row -->\n\t\t\t\t<\/div>\n<!--\/themify_builder_content-->","protected":false},"excerpt":{"rendered":"<p>ARBEITSRECHT -Fachgebiete- Die Expansion auf ausl\u00e4ndische M\u00e4rkte zieht die Notwendigkeit der Mitarbeitereinstellung oder -entsendung zur Arbeit im Ausland nach sich. Wir verf\u00fcgen \u00fcber weitreichende Erfahrung im Bereich des polnischen, deutschen und internationalen Arbeitsrechts. Im Rahmen der von uns gebotenen Dienstleistungen unterst\u00fctzen wir unsere Kunden und ihre Buchhaltungs- und Personalabteilungen bei der laufenden T\u00e4tigkeit, wir vertreten [&hellip;]<\/p>\n","protected":false},"author":45,"featured_media":0,"parent":0,"menu_order":0,"comment_status":"closed","ping_status":"closed","template":"","meta":{"om_disable_all_campaigns":false,"inline_featured_image":false,"_uf_show_specific_survey":0,"_uf_disable_surveys":false,"footnotes":""},"class_list":["post-4721","page","type-page","status-publish","hentry","has-post-title","has-post-date","has-post-category","has-post-tag","has-post-comment","has-post-author",""],"featured_image_src":null,"yoast_head":"<!-- This site is optimized with the Yoast SEO plugin v27.4 - https:\/\/yoast.com\/product\/yoast-seo-wordpress\/ -->\n<title>Arbeitsrecht - Die Kanzlei MKK &amp; Partner<\/title>\n<meta name=\"description\" content=\"Arbeitsrecht - Die Kanzlei MKK &amp; Partner\" \/>\n<meta name=\"robots\" content=\"index, follow, max-snippet:-1, max-image-preview:large, max-video-preview:-1\" \/>\n<link rel=\"canonical\" href=\"https:\/\/mkpartner.com.pl\/de\/arbeitsrecht\/\" \/>\n<meta property=\"og:locale\" content=\"de_DE\" \/>\n<meta property=\"og:type\" content=\"article\" \/>\n<meta property=\"og:title\" content=\"Arbeitsrecht - Die Kanzlei MKK &amp; Partner\" \/>\n<meta property=\"og:description\" content=\"Arbeitsrecht - Die Kanzlei MKK &amp; Partner\" \/>\n<meta property=\"og:url\" content=\"https:\/\/mkpartner.com.pl\/de\/arbeitsrecht\/\" \/>\n<meta property=\"og:site_name\" content=\"Kancelaria Prawna - Meissner Kozio\u0142 Kaczmarek &amp; Partner\" \/>\n<meta property=\"article:publisher\" content=\"https:\/\/www.facebook.com\/mkpartnerPL\" \/>\n<meta property=\"article:modified_time\" content=\"2024-04-09T19:09:44+00:00\" \/>\n<meta property=\"og:image\" content=\"https:\/\/mkpartner.com.pl\/wp-content\/uploads\/2021\/12\/logo-mk-partner.png\" \/>\n\t<meta property=\"og:image:width\" content=\"180\" \/>\n\t<meta property=\"og:image:height\" content=\"33\" \/>\n\t<meta property=\"og:image:type\" content=\"image\/png\" \/>\n<meta name=\"twitter:card\" content=\"summary_large_image\" \/>\n<meta name=\"twitter:site\" content=\"@MKK_Partner\" \/>\n<script type=\"application\/ld+json\" class=\"yoast-schema-graph\">{\"@context\":\"https:\\\/\\\/schema.org\",\"@graph\":[{\"@type\":\"WebPage\",\"@id\":\"https:\\\/\\\/mkpartner.com.pl\\\/de\\\/arbeitsrecht\\\/\",\"url\":\"https:\\\/\\\/mkpartner.com.pl\\\/de\\\/arbeitsrecht\\\/\",\"name\":\"Arbeitsrecht - Die Kanzlei MKK & Partner\",\"isPartOf\":{\"@id\":\"https:\\\/\\\/mkpartner.com.pl\\\/#website\"},\"datePublished\":\"2019-06-11T12:59:08+00:00\",\"dateModified\":\"2024-04-09T19:09:44+00:00\",\"description\":\"Arbeitsrecht - Die Kanzlei MKK & Partner\",\"inLanguage\":\"de\",\"potentialAction\":[{\"@type\":\"ReadAction\",\"target\":[\"https:\\\/\\\/mkpartner.com.pl\\\/de\\\/arbeitsrecht\\\/\"]}]},{\"@type\":\"WebSite\",\"@id\":\"https:\\\/\\\/mkpartner.com.pl\\\/#website\",\"url\":\"https:\\\/\\\/mkpartner.com.pl\\\/\",\"name\":\"Kancelaria Prawna - Meissner Kozio\u0142 Kaczmarek &amp; Partner\",\"description\":\"Kancelaria Prawna\",\"publisher\":{\"@id\":\"https:\\\/\\\/mkpartner.com.pl\\\/#organization\"},\"potentialAction\":[{\"@type\":\"SearchAction\",\"target\":{\"@type\":\"EntryPoint\",\"urlTemplate\":\"https:\\\/\\\/mkpartner.com.pl\\\/?s={search_term_string}\"},\"query-input\":{\"@type\":\"PropertyValueSpecification\",\"valueRequired\":true,\"valueName\":\"search_term_string\"}}],\"inLanguage\":\"de\"},{\"@type\":\"Organization\",\"@id\":\"https:\\\/\\\/mkpartner.com.pl\\\/#organization\",\"name\":\"Kancelaria Prawna Meissner Kozio\u0142 Kaczmarek & Partner\",\"url\":\"https:\\\/\\\/mkpartner.com.pl\\\/\",\"logo\":{\"@type\":\"ImageObject\",\"inLanguage\":\"de\",\"@id\":\"https:\\\/\\\/mkpartner.com.pl\\\/#\\\/schema\\\/logo\\\/image\\\/\",\"url\":\"http:\\\/\\\/wrdcxdb.cluster028.hosting.ovh.net\\\/wp-content\\\/uploads\\\/2021\\\/12\\\/logo-mk-partner.png\",\"contentUrl\":\"http:\\\/\\\/wrdcxdb.cluster028.hosting.ovh.net\\\/wp-content\\\/uploads\\\/2021\\\/12\\\/logo-mk-partner.png\",\"width\":180,\"height\":33,\"caption\":\"Kancelaria Prawna Meissner Kozio\u0142 Kaczmarek & Partner\"},\"image\":{\"@id\":\"https:\\\/\\\/mkpartner.com.pl\\\/#\\\/schema\\\/logo\\\/image\\\/\"},\"sameAs\":[\"https:\\\/\\\/www.facebook.com\\\/mkpartnerPL\",\"https:\\\/\\\/x.com\\\/MKK_Partner\"]}]}<\/script>\n<!-- \/ Yoast SEO plugin. -->","yoast_head_json":{"title":"Arbeitsrecht - Die Kanzlei MKK & Partner","description":"Arbeitsrecht - Die Kanzlei MKK & Partner","robots":{"index":"index","follow":"follow","max-snippet":"max-snippet:-1","max-image-preview":"max-image-preview:large","max-video-preview":"max-video-preview:-1"},"canonical":"https:\/\/mkpartner.com.pl\/de\/arbeitsrecht\/","og_locale":"de_DE","og_type":"article","og_title":"Arbeitsrecht - Die Kanzlei MKK & Partner","og_description":"Arbeitsrecht - Die Kanzlei MKK & Partner","og_url":"https:\/\/mkpartner.com.pl\/de\/arbeitsrecht\/","og_site_name":"Kancelaria Prawna - Meissner Kozio\u0142 Kaczmarek &amp; Partner","article_publisher":"https:\/\/www.facebook.com\/mkpartnerPL","article_modified_time":"2024-04-09T19:09:44+00:00","og_image":[{"width":180,"height":33,"url":"https:\/\/mkpartner.com.pl\/wp-content\/uploads\/2021\/12\/logo-mk-partner.png","type":"image\/png"}],"twitter_card":"summary_large_image","twitter_site":"@MKK_Partner","schema":{"@context":"https:\/\/schema.org","@graph":[{"@type":"WebPage","@id":"https:\/\/mkpartner.com.pl\/de\/arbeitsrecht\/","url":"https:\/\/mkpartner.com.pl\/de\/arbeitsrecht\/","name":"Arbeitsrecht - Die Kanzlei MKK & Partner","isPartOf":{"@id":"https:\/\/mkpartner.com.pl\/#website"},"datePublished":"2019-06-11T12:59:08+00:00","dateModified":"2024-04-09T19:09:44+00:00","description":"Arbeitsrecht - Die Kanzlei MKK & Partner","inLanguage":"de","potentialAction":[{"@type":"ReadAction","target":["https:\/\/mkpartner.com.pl\/de\/arbeitsrecht\/"]}]},{"@type":"WebSite","@id":"https:\/\/mkpartner.com.pl\/#website","url":"https:\/\/mkpartner.com.pl\/","name":"Kancelaria Prawna - Meissner Kozio\u0142 Kaczmarek &amp; Partner","description":"Kancelaria Prawna","publisher":{"@id":"https:\/\/mkpartner.com.pl\/#organization"},"potentialAction":[{"@type":"SearchAction","target":{"@type":"EntryPoint","urlTemplate":"https:\/\/mkpartner.com.pl\/?s={search_term_string}"},"query-input":{"@type":"PropertyValueSpecification","valueRequired":true,"valueName":"search_term_string"}}],"inLanguage":"de"},{"@type":"Organization","@id":"https:\/\/mkpartner.com.pl\/#organization","name":"Kancelaria Prawna Meissner Kozio\u0142 Kaczmarek & Partner","url":"https:\/\/mkpartner.com.pl\/","logo":{"@type":"ImageObject","inLanguage":"de","@id":"https:\/\/mkpartner.com.pl\/#\/schema\/logo\/image\/","url":"http:\/\/wrdcxdb.cluster028.hosting.ovh.net\/wp-content\/uploads\/2021\/12\/logo-mk-partner.png","contentUrl":"http:\/\/wrdcxdb.cluster028.hosting.ovh.net\/wp-content\/uploads\/2021\/12\/logo-mk-partner.png","width":180,"height":33,"caption":"Kancelaria Prawna Meissner Kozio\u0142 Kaczmarek & Partner"},"image":{"@id":"https:\/\/mkpartner.com.pl\/#\/schema\/logo\/image\/"},"sameAs":["https:\/\/www.facebook.com\/mkpartnerPL","https:\/\/x.com\/MKK_Partner"]}]}},"builder_content":"<h1 style=\"text-align: center;\">ARBEITSRECHT<\/h1><p style=\"text-align: center;\">-Fachgebiete-<\/p>\n<p>Die Expansion auf ausl\u00e4ndische M\u00e4rkte zieht die Notwendigkeit der Mitarbeitereinstellung oder -entsendung zur Arbeit im Ausland nach sich. Wir verf\u00fcgen \u00fcber weitreichende Erfahrung im Bereich des polnischen, deutschen und internationalen Arbeitsrechts. Im Rahmen der von uns gebotenen Dienstleistungen unterst\u00fctzen wir unsere Kunden und ihre Buchhaltungs- und Personalabteilungen bei der laufenden T\u00e4tigkeit, wir vertreten sie in Verfahren vor Gerichten und Staatsorganen sowie in Verhandlungen mit Mitarbeiterorganisationen. Im Bereich des Arbeitsrechts unterst\u00fctzen wir Unternehmen, die in Polen und Deutschland Mutter- und Tochtergesellschaften sowie Niederlassungen f\u00fchren, sowie Unternehmer, die grenz\u00fcberschreitende Dienstleistungen erbringen. Wir bieten komplexe Beratungsdienstleistungen bez\u00fcglich der Entsendung von Mitarbeitern unter Ber\u00fccksichtigung der sich aus dem polnischen und deutschen Gesetz ergebenden Besonderheiten (in rechtlicher, steuerlicher und buchhalterischer Hinsicht).<\/p><p>Wir verf\u00fcgen \u00fcber weitreichende Erfahrung, gesammelt u. a. :<\/p><ul><li>bei der st\u00e4ndigen umfassenden Rechtsberatung f\u00fcr Personal- und Verg\u00fctungsabteilungen von gro\u00dfen, mittleren und kleinen Unternehmen,<\/li><li>bei der Vertretung in Rechtsstreitigkeiten vor Gerichten zwischen Arbeitgebern, Arbeitnehmern und der polnischen Sozialversicherungsanstalt,<\/li><li>bei der Vertretung in Verwaltungs- und Steuerverfahren,<\/li><li>bei der Beratung hinsichtlich der Auswahl der geeignetsten Besch\u00e4ftigungsformen und deren Strukturierung,<\/li><li>bei der Vorbereitung von Arbeitnehmerunterlagen, darunter Arbeitsvertr\u00e4ge, Ordnungen und Verfahren,<\/li><li>bei der Beratung im Zusammenhang mit der Entsendung von Arbeitnehmern zur Arbeit im Ausland, insbesondere nach Deutschland, und mit der Vorbereitung umfassender Entsendungsunterlagen,<\/li><li>bei der Vertretung und Beratung bei Verfahren und Verhandlungen zwischen Arbeitgebern und Gewerkschaften,<\/li><li>bei der Beratung im Bereich der Einzel- und Massenentlassungen,<\/li><li>bei Audits und der Umsetzung der Vorschriften zum Personendatenschutz bei Mitarbeiterangelegenheiten,<\/li><li>bei der Beratung im Zusammenhang mit der Besch\u00e4ftigung von Ausl\u00e4ndern, Vertr\u00e4gen von Zeitarbeitsagenturen, die Arbeitskr\u00e4fte suchen und Dienstleistungen des Mitarbeiter-Outsourcings erbringen.<\/li><\/ul>\n<p style=\"text-align: center;\"><strong>WIE K\u00d6NNEN SIE SICH MIT UNS IN VERBINDUNG SETZEN?<\/strong><\/p> \n \n <p style=\"text-align: center;\"><strong>WARSCHAU<\/strong><\/p><p style=\"text-align: center;\">Wsp\u00f3lna Str. 70<\/p><p style=\"text-align: center;\">00-687 Warszawa<\/p><p style=\"text-align: center;\"><a href=\"mailto:warszawa@mkpartner.com.pl\">warszawa@mkpartner.com.pl<\/a><\/p> \n \n <p style=\"text-align: center;\"><strong>POSEN<\/strong><\/p> <p style=\"text-align: center;\">Wolszty\u0144ska Str. 5, 60-361 Pozna\u0144<\/p> <p style=\"text-align: center;\">+48\u00a0798\u00a0607\u00a0482<\/p> <p style=\"text-align: center;\"><a href=\"mailto:poznan@mkpartner.com.pl\">poznan@mkpartner.com.pl<\/a><\/p> \n \n <p style=\"text-align: center;\"><strong>BERLIN<\/strong><\/p><p style=\"text-align: center;\">Dietzgenstra\u00dfe 85<\/p><p style=\"text-align: center;\">13156 Berlin<\/p><p style=\"text-align: center;\"><a href=\"mailto:berlin@mkpartner.com.pl\">berlin@mkpartner.com.pl<\/a><\/p>","_links":{"self":[{"href":"https:\/\/mkpartner.com.pl\/de\/wp-json\/wp\/v2\/pages\/4721","targetHints":{"allow":["GET"]}}],"collection":[{"href":"https:\/\/mkpartner.com.pl\/de\/wp-json\/wp\/v2\/pages"}],"about":[{"href":"https:\/\/mkpartner.com.pl\/de\/wp-json\/wp\/v2\/types\/page"}],"author":[{"embeddable":true,"href":"https:\/\/mkpartner.com.pl\/de\/wp-json\/wp\/v2\/users\/45"}],"replies":[{"embeddable":true,"href":"https:\/\/mkpartner.com.pl\/de\/wp-json\/wp\/v2\/comments?post=4721"}],"version-history":[{"count":0,"href":"https:\/\/mkpartner.com.pl\/de\/wp-json\/wp\/v2\/pages\/4721\/revisions"}],"wp:attachment":[{"href":"https:\/\/mkpartner.com.pl\/de\/wp-json\/wp\/v2\/media?parent=4721"}],"curies":[{"name":"wp","href":"https:\/\/api.w.org\/{rel}","templated":true}]}}