{"id":4728,"date":"2019-06-11T15:25:59","date_gmt":"2019-06-11T13:25:59","guid":{"rendered":"http:\/\/wrdcxdb.cluster028.hosting.ovh.net\/medizinrecht\/"},"modified":"2024-04-09T21:12:22","modified_gmt":"2024-04-09T19:12:22","slug":"medizinrecht","status":"publish","type":"page","link":"https:\/\/mkpartner.com.pl\/de\/medizinrecht\/","title":{"rendered":"Medizinrecht"},"content":{"rendered":"<!--themify_builder_content-->\n<div id=\"themify_builder_content-4728\" data-postid=\"4728\" class=\"themify_builder_content themify_builder_content-4728 themify_builder tf_clear\">\n    \t\t\t\t<!-- module_row -->\n\t\t<div  data-css_id=\"nci2459\" id=\"baner\" data-lazy=\"1\" class=\"module_row themify_builder_row fullwidth tb_nci2459 tb_first tf_w tf_clearfix wow\" data-tf-animation=\"fadeIn\">\n\t\t\t\t\t<div class=\"row_inner col_align_top tb_col_count_1 tf_box tf_rel\">\n\t\t\t\t\t<div  data-lazy=\"1\" class=\"module_column tb-column col-full tb_393y461 first\">\n\t\t\t\t\t\t\t\t\t<div class=\"tb-column-inner tf_box tf_w\">\n\t\t\t\t<!-- module text -->\n<div  class=\"module module-text tb_m7t7462   \" data-lazy=\"1\">\n        <div  class=\"tb_text_wrap\">\n    <h1 style=\"text-align: center;\">MEDIZINRECHT<\/h1><p style=\"text-align: center;\">-Fachgebiete-<\/p>    <\/div>\n<\/div>\n<!-- \/module text -->\t\t\t\t<\/div><!-- .tb-column-inner -->\n\t\t\t\t\t\t<\/div><!-- .module_column -->\n\t\t\t\t\t\t<\/div><!-- .row_inner -->\n\t\t<\/div><!-- .module_row -->\n\t\t\t\t\t\t\t\t<!-- module_row -->\n\t\t<div  data-css_id=\"f9sy459\" data-lazy=\"1\" class=\"module_row themify_builder_row fullwidth_row_container tb_f9sy459 tf_w tf_clearfix\">\n\t\t\t\t\t<div class=\"row_inner col_align_top tb_col_count_1 tf_box tf_rel\">\n\t\t\t\t\t<div  data-lazy=\"1\" class=\"module_column tb-column col-full tb_zkk9467 first\">\n\t\t\t\t\t\t\t\t\t<div class=\"tb-column-inner tf_box tf_w\">\n\t\t\t\t<!-- module text -->\n<div  class=\"module module-text tb_8tzw467   \" data-lazy=\"1\">\n        <div  class=\"tb_text_wrap\">\n    <p>Im Rahmen der Betreuung unserer Kunden aus der Medizinbranche, vor allem Privatkliniken sowie Arzt- und Zahnarztpraxen, f\u00fchren wir deren komplexe Angelegenheiten in Bereichen wie Patientenrechte und \u00e4rztliche Pflichten, Pflichten der Gesundheitsvorsorgeeinrichtungen, des Nationalen Gesundheitsfonds und sonstiger Einrichtungen, die Medizindienstleistungen erbringen. Die Priorit\u00e4t des Menschenlebens und die menschliche Gesundheit als h\u00f6chster Wert und zugleich Schutzgegenstand fordert von uns bei der Erbringung von Dienstleistungen f\u00fcr die Medizinbranche eine besondere Aufmerksamkeit und Herangehensweise.<\/p><p>Die Kanzlei MKK bietet umfassende Rechtsunterst\u00fctzung f\u00fcr Gesundheitsvorsorgeeinrichtungen bei der Gew\u00e4hrleistung der Ordnungsm\u00e4\u00dfigkeit deren Dienstleistungen, Beachtung von Patientenrechten und medizinischen Verfahren, F\u00fchrung von Patientenakten sowie beim Abschluss und bei der Ausf\u00fchrung der Vertr\u00e4ge mit dem Nationalen Gesundheitsfond.<\/p><p>Wir verf\u00fcgen \u00fcber weitreichende Erfahrung mit der Erstellung von Rechtsgutachten \u00fcber das Verbot der Werbung f\u00fcr medizinische Dienstleistungen und gesetzlich zugelassene Formen der F\u00f6rderung und Information \u00fcber diese Dienstleistungen im Fernsehen, in der Presse und in den sozialen Medien.<\/p><p>Im Rahmen der Rechtsberatung f\u00fcr Kunden aus der Medizinbranche befassen wir uns auch mit der allt\u00e4glichen, st\u00e4ndigen umfassenden Beratung f\u00fcr die Gesellschaften aus dieser Branche bei Angelegenheiten, die nicht ausschlie\u00dflich mit dem Medizinrecht zusammenh\u00e4ngen, z. B. bei der Aushandlung von Vertr\u00e4gen \u00fcber Anmietung und Erwerb bzw. Ver\u00e4u\u00dferung von Immobilien, bei gesellschaftsrechtlichen Angelegenheiten und Streitigkeiten zwischen Gesellschaftern.<\/p>    <\/div>\n<\/div>\n<!-- \/module text -->\t\t\t\t<\/div><!-- .tb-column-inner -->\n\t\t\t\t\t\t<\/div><!-- .module_column -->\n\t\t\t\t\t\t<\/div><!-- .row_inner -->\n\t\t<\/div><!-- .module_row -->\n\t\t\t\t\t\t\t\t<!-- module_row -->\n\t\t<div  data-css_id=\"mf5h171\" data-lazy=\"1\" class=\"module_row themify_builder_row fullwidth tb_mf5h171 tf_w tf_clearfix\">\n\t\t\t\t\t<div class=\"row_inner col_align_top tb_col_count_1 tf_box tf_rel\">\n\t\t\t\t\t<div  data-lazy=\"1\" class=\"module_column tb-column col-full tb_sub1172 first\">\n\t\t\t\t\t\t\t\t\t<div class=\"tb-column-inner tf_box tf_w\">\n\t\t\t\t<!-- module template_part -->\n<div  class=\"module module-layout-part tb_fohz172 \">\n    <div class=\"tb_layout_part_wrap tf_w\"><!--themify_builder_content-->\n    <div  class=\"themify_builder_content themify_builder_content-4421 themify_builder not_editable_builder in_the_loop\" data-postid=\"4421\">\n        \t\t\t\t<!-- module_row -->\n\t\t<div  data-lazy=\"1\" class=\"module_row themify_builder_row tb_wp5s243 tf_w tf_clearfix\">\n\t\t\t\t\t<div class=\"row_inner col_align_top tb_col_count_1 tf_box tf_rel\">\n\t\t\t\t\t<div  data-lazy=\"1\" class=\"module_column tb-column col-full tb_fnzh243 first\">\n\t\t\t\t\t\t\t\t\t<div class=\"tb-column-inner tf_box tf_w\">\n\t\t\t\t<!-- module text -->\n<div  class=\"module module-text tb_6xvi964    wow\" data-tf-animation=\"slideInUp\" data-lazy=\"1\">\n        <div  class=\"tb_text_wrap\">\n    <p style=\"text-align: center;\"><strong>WIE K\u00d6NNEN SIE SICH MIT UNS IN VERBINDUNG SETZEN?<\/strong><\/p>    <\/div>\n<\/div>\n<!-- \/module text -->\t\t<div  data-lazy=\"1\" class=\"module_subrow themify_builder_sub_row tb_in59692 tf_w tf_clearfix\">\n\t\t\t\t\t<div class=\"subrow_inner col_align_top tb_col_count_3 tf_box tf_w\">\n\t\t\t\t\t<div  data-lazy=\"1\" class=\"module_column sub_column col3-1 tb_k5mb693 first\">\n\t\t\t\t\t\t\t\t\t<div class=\"tb-column-inner tf_box tf_w\">\n\t\t\t\t<!-- module text -->\n<div  class=\"module module-text tb_ybzu301    wow\" data-tf-animation=\"slideInUp\" data-lazy=\"1\">\n        <div  class=\"tb_text_wrap\">\n    <p style=\"text-align: center;\"><strong>WARSCHAU<\/strong><\/p><p style=\"text-align: center;\">Wsp\u00f3lna Str. 70<\/p><p style=\"text-align: center;\">00-687 Warszawa<\/p><p style=\"text-align: center;\"><a href=\"mailto:warszawa@mkpartner.com.pl\">warszawa@mkpartner.com.pl<\/a><\/p>    <\/div>\n<\/div>\n<!-- \/module text -->\t\t\t\t<\/div><!-- .tb-column-inner -->\n\t\t\t\t\t\t<\/div><!-- .module_column -->\n\t\t\t\t\t<div  data-lazy=\"1\" class=\"module_column sub_column col3-1 tb_2ktv693\">\n\t\t\t\t\t\t\t\t\t<div class=\"tb-column-inner tf_box tf_w\">\n\t\t\t\t<!-- module text -->\n<div  class=\"module module-text tb_1bhr695    wow\" data-tf-animation=\"slideInUp\" data-lazy=\"1\">\n        <div  class=\"tb_text_wrap\">\n    <p style=\"text-align: center;\"><strong>POSEN<\/strong><\/p>\n<p style=\"text-align: center;\">Wolszty\u0144ska Str. 5, 60-361 Pozna\u0144<\/p>\n<p style=\"text-align: center;\">+48\u00a0798\u00a0607\u00a0482<\/p>\n<p style=\"text-align: center;\"><a href=\"mailto:poznan@mkpartner.com.pl\">poznan@mkpartner.com.pl<\/a><\/p>    <\/div>\n<\/div>\n<!-- \/module text -->\t\t\t\t<\/div><!-- .tb-column-inner -->\n\t\t\t\t\t\t<\/div><!-- .module_column -->\n\t\t\t\t\t<div  data-lazy=\"1\" class=\"module_column sub_column col3-1 tb_67dv693 last\">\n\t\t\t\t\t\t\t\t\t<div class=\"tb-column-inner tf_box tf_w\">\n\t\t\t\t<!-- module text -->\n<div  class=\"module module-text tb_xelv7    wow\" data-tf-animation=\"slideInUp\" data-lazy=\"1\">\n        <div  class=\"tb_text_wrap\">\n    <p style=\"text-align: center;\"><strong>BERLIN<\/strong><\/p><p style=\"text-align: center;\">Dietzgenstra\u00dfe 85<\/p><p style=\"text-align: center;\">13156 Berlin<\/p><p style=\"text-align: center;\"><a href=\"mailto:berlin@mkpartner.com.pl\">berlin@mkpartner.com.pl<\/a><\/p>    <\/div>\n<\/div>\n<!-- \/module text -->\t\t\t\t<\/div><!-- .tb-column-inner -->\n\t\t\t\t\t\t<\/div><!-- .module_column -->\n\t\t\t\t\t\t<\/div><!-- .subrow_inner -->\n\t\t<\/div><!-- .themify_builder_sub_row -->\n\t\t\t\t\t\t\t\t<\/div><!-- .tb-column-inner -->\n\t\t\t\t\t\t<\/div><!-- .module_column -->\n\t\t\t\t\t\t<\/div><!-- .row_inner -->\n\t\t<\/div><!-- .module_row -->\n\t\t\t\t    <\/div>\n<!--\/themify_builder_content--><\/div>\n<\/div>\n<!-- \/module template_part -->\t\t\t\t<\/div><!-- .tb-column-inner -->\n\t\t\t\t\t\t<\/div><!-- .module_column -->\n\t\t\t\t\t\t<\/div><!-- .row_inner -->\n\t\t<\/div><!-- .module_row -->\n\t\t\t\t<\/div>\n<!--\/themify_builder_content-->","protected":false},"excerpt":{"rendered":"<p>MEDIZINRECHT -Fachgebiete- Im Rahmen der Betreuung unserer Kunden aus der Medizinbranche, vor allem Privatkliniken sowie Arzt- und Zahnarztpraxen, f\u00fchren wir deren komplexe Angelegenheiten in Bereichen wie Patientenrechte und \u00e4rztliche Pflichten, Pflichten der Gesundheitsvorsorgeeinrichtungen, des Nationalen Gesundheitsfonds und sonstiger Einrichtungen, die Medizindienstleistungen erbringen. Die Priorit\u00e4t des Menschenlebens und die menschliche Gesundheit als h\u00f6chster Wert und zugleich [&hellip;]<\/p>\n","protected":false},"author":45,"featured_media":0,"parent":0,"menu_order":0,"comment_status":"closed","ping_status":"closed","template":"","meta":{"om_disable_all_campaigns":false,"inline_featured_image":false,"_uf_show_specific_survey":0,"_uf_disable_surveys":false,"footnotes":""},"class_list":["post-4728","page","type-page","status-publish","hentry","has-post-title","has-post-date","has-post-category","has-post-tag","has-post-comment","has-post-author",""],"featured_image_src":null,"yoast_head":"<!-- This site is optimized with the Yoast SEO plugin v27.4 - https:\/\/yoast.com\/product\/yoast-seo-wordpress\/ -->\n<title>Medizinrecht - Die Kanzlei MKK &amp; Partner<\/title>\n<meta name=\"description\" content=\"Medizinrecht - Die Kanzlei MKK &amp; Partner\" \/>\n<meta name=\"robots\" content=\"index, follow, max-snippet:-1, max-image-preview:large, max-video-preview:-1\" \/>\n<link rel=\"canonical\" href=\"https:\/\/mkpartner.com.pl\/de\/medizinrecht\/\" \/>\n<meta property=\"og:locale\" content=\"de_DE\" \/>\n<meta property=\"og:type\" content=\"article\" \/>\n<meta property=\"og:title\" content=\"Medizinrecht - Die Kanzlei MKK &amp; Partner\" \/>\n<meta property=\"og:description\" content=\"Medizinrecht - Die Kanzlei MKK &amp; Partner\" \/>\n<meta property=\"og:url\" content=\"https:\/\/mkpartner.com.pl\/de\/medizinrecht\/\" \/>\n<meta property=\"og:site_name\" content=\"Kancelaria Prawna - Meissner Kozio\u0142 Kaczmarek &amp; Partner\" \/>\n<meta property=\"article:publisher\" content=\"https:\/\/www.facebook.com\/mkpartnerPL\" \/>\n<meta property=\"article:modified_time\" content=\"2024-04-09T19:12:22+00:00\" \/>\n<meta property=\"og:image\" content=\"https:\/\/mkpartner.com.pl\/wp-content\/uploads\/2021\/12\/logo-mk-partner.png\" \/>\n\t<meta property=\"og:image:width\" content=\"180\" \/>\n\t<meta property=\"og:image:height\" content=\"33\" \/>\n\t<meta property=\"og:image:type\" content=\"image\/png\" \/>\n<meta name=\"twitter:card\" content=\"summary_large_image\" \/>\n<meta name=\"twitter:site\" content=\"@MKK_Partner\" \/>\n<script type=\"application\/ld+json\" class=\"yoast-schema-graph\">{\"@context\":\"https:\\\/\\\/schema.org\",\"@graph\":[{\"@type\":\"WebPage\",\"@id\":\"https:\\\/\\\/mkpartner.com.pl\\\/de\\\/medizinrecht\\\/\",\"url\":\"https:\\\/\\\/mkpartner.com.pl\\\/de\\\/medizinrecht\\\/\",\"name\":\"Medizinrecht - Die Kanzlei MKK & Partner\",\"isPartOf\":{\"@id\":\"https:\\\/\\\/mkpartner.com.pl\\\/#website\"},\"datePublished\":\"2019-06-11T13:25:59+00:00\",\"dateModified\":\"2024-04-09T19:12:22+00:00\",\"description\":\"Medizinrecht - Die Kanzlei MKK & Partner\",\"inLanguage\":\"de\",\"potentialAction\":[{\"@type\":\"ReadAction\",\"target\":[\"https:\\\/\\\/mkpartner.com.pl\\\/de\\\/medizinrecht\\\/\"]}]},{\"@type\":\"WebSite\",\"@id\":\"https:\\\/\\\/mkpartner.com.pl\\\/#website\",\"url\":\"https:\\\/\\\/mkpartner.com.pl\\\/\",\"name\":\"Kancelaria Prawna - Meissner Kozio\u0142 Kaczmarek &amp; Partner\",\"description\":\"Kancelaria Prawna\",\"publisher\":{\"@id\":\"https:\\\/\\\/mkpartner.com.pl\\\/#organization\"},\"potentialAction\":[{\"@type\":\"SearchAction\",\"target\":{\"@type\":\"EntryPoint\",\"urlTemplate\":\"https:\\\/\\\/mkpartner.com.pl\\\/?s={search_term_string}\"},\"query-input\":{\"@type\":\"PropertyValueSpecification\",\"valueRequired\":true,\"valueName\":\"search_term_string\"}}],\"inLanguage\":\"de\"},{\"@type\":\"Organization\",\"@id\":\"https:\\\/\\\/mkpartner.com.pl\\\/#organization\",\"name\":\"Kancelaria Prawna Meissner Kozio\u0142 Kaczmarek & Partner\",\"url\":\"https:\\\/\\\/mkpartner.com.pl\\\/\",\"logo\":{\"@type\":\"ImageObject\",\"inLanguage\":\"de\",\"@id\":\"https:\\\/\\\/mkpartner.com.pl\\\/#\\\/schema\\\/logo\\\/image\\\/\",\"url\":\"http:\\\/\\\/wrdcxdb.cluster028.hosting.ovh.net\\\/wp-content\\\/uploads\\\/2021\\\/12\\\/logo-mk-partner.png\",\"contentUrl\":\"http:\\\/\\\/wrdcxdb.cluster028.hosting.ovh.net\\\/wp-content\\\/uploads\\\/2021\\\/12\\\/logo-mk-partner.png\",\"width\":180,\"height\":33,\"caption\":\"Kancelaria Prawna Meissner Kozio\u0142 Kaczmarek & Partner\"},\"image\":{\"@id\":\"https:\\\/\\\/mkpartner.com.pl\\\/#\\\/schema\\\/logo\\\/image\\\/\"},\"sameAs\":[\"https:\\\/\\\/www.facebook.com\\\/mkpartnerPL\",\"https:\\\/\\\/x.com\\\/MKK_Partner\"]}]}<\/script>\n<!-- \/ Yoast SEO plugin. -->","yoast_head_json":{"title":"Medizinrecht - Die Kanzlei MKK & Partner","description":"Medizinrecht - Die Kanzlei MKK & Partner","robots":{"index":"index","follow":"follow","max-snippet":"max-snippet:-1","max-image-preview":"max-image-preview:large","max-video-preview":"max-video-preview:-1"},"canonical":"https:\/\/mkpartner.com.pl\/de\/medizinrecht\/","og_locale":"de_DE","og_type":"article","og_title":"Medizinrecht - Die Kanzlei MKK & Partner","og_description":"Medizinrecht - Die Kanzlei MKK & Partner","og_url":"https:\/\/mkpartner.com.pl\/de\/medizinrecht\/","og_site_name":"Kancelaria Prawna - Meissner Kozio\u0142 Kaczmarek &amp; Partner","article_publisher":"https:\/\/www.facebook.com\/mkpartnerPL","article_modified_time":"2024-04-09T19:12:22+00:00","og_image":[{"width":180,"height":33,"url":"https:\/\/mkpartner.com.pl\/wp-content\/uploads\/2021\/12\/logo-mk-partner.png","type":"image\/png"}],"twitter_card":"summary_large_image","twitter_site":"@MKK_Partner","schema":{"@context":"https:\/\/schema.org","@graph":[{"@type":"WebPage","@id":"https:\/\/mkpartner.com.pl\/de\/medizinrecht\/","url":"https:\/\/mkpartner.com.pl\/de\/medizinrecht\/","name":"Medizinrecht - Die Kanzlei MKK & Partner","isPartOf":{"@id":"https:\/\/mkpartner.com.pl\/#website"},"datePublished":"2019-06-11T13:25:59+00:00","dateModified":"2024-04-09T19:12:22+00:00","description":"Medizinrecht - Die Kanzlei MKK & Partner","inLanguage":"de","potentialAction":[{"@type":"ReadAction","target":["https:\/\/mkpartner.com.pl\/de\/medizinrecht\/"]}]},{"@type":"WebSite","@id":"https:\/\/mkpartner.com.pl\/#website","url":"https:\/\/mkpartner.com.pl\/","name":"Kancelaria Prawna - Meissner Kozio\u0142 Kaczmarek &amp; Partner","description":"Kancelaria Prawna","publisher":{"@id":"https:\/\/mkpartner.com.pl\/#organization"},"potentialAction":[{"@type":"SearchAction","target":{"@type":"EntryPoint","urlTemplate":"https:\/\/mkpartner.com.pl\/?s={search_term_string}"},"query-input":{"@type":"PropertyValueSpecification","valueRequired":true,"valueName":"search_term_string"}}],"inLanguage":"de"},{"@type":"Organization","@id":"https:\/\/mkpartner.com.pl\/#organization","name":"Kancelaria Prawna Meissner Kozio\u0142 Kaczmarek & Partner","url":"https:\/\/mkpartner.com.pl\/","logo":{"@type":"ImageObject","inLanguage":"de","@id":"https:\/\/mkpartner.com.pl\/#\/schema\/logo\/image\/","url":"http:\/\/wrdcxdb.cluster028.hosting.ovh.net\/wp-content\/uploads\/2021\/12\/logo-mk-partner.png","contentUrl":"http:\/\/wrdcxdb.cluster028.hosting.ovh.net\/wp-content\/uploads\/2021\/12\/logo-mk-partner.png","width":180,"height":33,"caption":"Kancelaria Prawna Meissner Kozio\u0142 Kaczmarek & Partner"},"image":{"@id":"https:\/\/mkpartner.com.pl\/#\/schema\/logo\/image\/"},"sameAs":["https:\/\/www.facebook.com\/mkpartnerPL","https:\/\/x.com\/MKK_Partner"]}]}},"builder_content":"<h1 style=\"text-align: center;\">MEDIZINRECHT<\/h1><p style=\"text-align: center;\">-Fachgebiete-<\/p>\n<p>Im Rahmen der Betreuung unserer Kunden aus der Medizinbranche, vor allem Privatkliniken sowie Arzt- und Zahnarztpraxen, f\u00fchren wir deren komplexe Angelegenheiten in Bereichen wie Patientenrechte und \u00e4rztliche Pflichten, Pflichten der Gesundheitsvorsorgeeinrichtungen, des Nationalen Gesundheitsfonds und sonstiger Einrichtungen, die Medizindienstleistungen erbringen. Die Priorit\u00e4t des Menschenlebens und die menschliche Gesundheit als h\u00f6chster Wert und zugleich Schutzgegenstand fordert von uns bei der Erbringung von Dienstleistungen f\u00fcr die Medizinbranche eine besondere Aufmerksamkeit und Herangehensweise.<\/p><p>Die Kanzlei MKK bietet umfassende Rechtsunterst\u00fctzung f\u00fcr Gesundheitsvorsorgeeinrichtungen bei der Gew\u00e4hrleistung der Ordnungsm\u00e4\u00dfigkeit deren Dienstleistungen, Beachtung von Patientenrechten und medizinischen Verfahren, F\u00fchrung von Patientenakten sowie beim Abschluss und bei der Ausf\u00fchrung der Vertr\u00e4ge mit dem Nationalen Gesundheitsfond.<\/p><p>Wir verf\u00fcgen \u00fcber weitreichende Erfahrung mit der Erstellung von Rechtsgutachten \u00fcber das Verbot der Werbung f\u00fcr medizinische Dienstleistungen und gesetzlich zugelassene Formen der F\u00f6rderung und Information \u00fcber diese Dienstleistungen im Fernsehen, in der Presse und in den sozialen Medien.<\/p><p>Im Rahmen der Rechtsberatung f\u00fcr Kunden aus der Medizinbranche befassen wir uns auch mit der allt\u00e4glichen, st\u00e4ndigen umfassenden Beratung f\u00fcr die Gesellschaften aus dieser Branche bei Angelegenheiten, die nicht ausschlie\u00dflich mit dem Medizinrecht zusammenh\u00e4ngen, z. B. bei der Aushandlung von Vertr\u00e4gen \u00fcber Anmietung und Erwerb bzw. Ver\u00e4u\u00dferung von Immobilien, bei gesellschaftsrechtlichen Angelegenheiten und Streitigkeiten zwischen Gesellschaftern.<\/p>\n<p style=\"text-align: center;\"><strong>WIE K\u00d6NNEN SIE SICH MIT UNS IN VERBINDUNG SETZEN?<\/strong><\/p> \n \n <p style=\"text-align: center;\"><strong>WARSCHAU<\/strong><\/p><p style=\"text-align: center;\">Wsp\u00f3lna Str. 70<\/p><p style=\"text-align: center;\">00-687 Warszawa<\/p><p style=\"text-align: center;\"><a href=\"mailto:warszawa@mkpartner.com.pl\">warszawa@mkpartner.com.pl<\/a><\/p> \n \n <p style=\"text-align: center;\"><strong>POSEN<\/strong><\/p> <p style=\"text-align: center;\">Wolszty\u0144ska Str. 5, 60-361 Pozna\u0144<\/p> <p style=\"text-align: center;\">+48\u00a0798\u00a0607\u00a0482<\/p> <p style=\"text-align: center;\"><a href=\"mailto:poznan@mkpartner.com.pl\">poznan@mkpartner.com.pl<\/a><\/p> \n \n <p style=\"text-align: center;\"><strong>BERLIN<\/strong><\/p><p style=\"text-align: center;\">Dietzgenstra\u00dfe 85<\/p><p style=\"text-align: center;\">13156 Berlin<\/p><p style=\"text-align: center;\"><a href=\"mailto:berlin@mkpartner.com.pl\">berlin@mkpartner.com.pl<\/a><\/p>","_links":{"self":[{"href":"https:\/\/mkpartner.com.pl\/de\/wp-json\/wp\/v2\/pages\/4728","targetHints":{"allow":["GET"]}}],"collection":[{"href":"https:\/\/mkpartner.com.pl\/de\/wp-json\/wp\/v2\/pages"}],"about":[{"href":"https:\/\/mkpartner.com.pl\/de\/wp-json\/wp\/v2\/types\/page"}],"author":[{"embeddable":true,"href":"https:\/\/mkpartner.com.pl\/de\/wp-json\/wp\/v2\/users\/45"}],"replies":[{"embeddable":true,"href":"https:\/\/mkpartner.com.pl\/de\/wp-json\/wp\/v2\/comments?post=4728"}],"version-history":[{"count":0,"href":"https:\/\/mkpartner.com.pl\/de\/wp-json\/wp\/v2\/pages\/4728\/revisions"}],"wp:attachment":[{"href":"https:\/\/mkpartner.com.pl\/de\/wp-json\/wp\/v2\/media?parent=4728"}],"curies":[{"name":"wp","href":"https:\/\/api.w.org\/{rel}","templated":true}]}}