{"id":4732,"date":"2019-06-11T15:16:18","date_gmt":"2019-06-11T13:16:18","guid":{"rendered":"http:\/\/wrdcxdb.cluster028.hosting.ovh.net\/urheberrecht-e-commerce-und-das-recht-neuer-technologien\/"},"modified":"2024-04-09T21:10:50","modified_gmt":"2024-04-09T19:10:50","slug":"urheberrecht-e-commerce-und-das-recht-neuer-technologien","status":"publish","type":"page","link":"https:\/\/mkpartner.com.pl\/de\/urheberrecht-e-commerce-und-das-recht-neuer-technologien\/","title":{"rendered":"Urheberrecht, E-commerce und das Recht neuer Technologien"},"content":{"rendered":"<!--themify_builder_content-->\n<div id=\"themify_builder_content-4732\" data-postid=\"4732\" class=\"themify_builder_content themify_builder_content-4732 themify_builder tf_clear\">\n    \t\t\t\t<!-- module_row -->\n\t\t<div  data-css_id=\"wii1574\" id=\"baner\" data-lazy=\"1\" class=\"module_row themify_builder_row fullwidth tb_wii1574 tb_first tf_w tf_clearfix wow\" data-tf-animation=\"fadeIn\">\n\t\t\t\t\t<div class=\"row_inner col_align_top tb_col_count_1 tf_box tf_rel\">\n\t\t\t\t\t<div  data-lazy=\"1\" class=\"module_column tb-column col-full tb_idir576 first\">\n\t\t\t\t\t\t\t\t\t<div class=\"tb-column-inner tf_box tf_w\">\n\t\t\t\t<!-- module text -->\n<div  class=\"module module-text tb_yt68576   \" data-lazy=\"1\">\n        <div  class=\"tb_text_wrap\">\n    <h1 style=\"text-align: center;\">URHEBERRECHT, E-COMMERCE UND DAS RECHT NEUER TECHNOLOGIEN<\/h1>\n<p style=\"text-align: center;\">-Fachgebiete-<\/p>    <\/div>\n<\/div>\n<!-- \/module text -->\t\t\t\t<\/div><!-- .tb-column-inner -->\n\t\t\t\t\t\t<\/div><!-- .module_column -->\n\t\t\t\t\t\t<\/div><!-- .row_inner -->\n\t\t<\/div><!-- .module_row -->\n\t\t\t\t\t\t\t\t<!-- module_row -->\n\t\t<div  data-css_id=\"yqxe574\" data-lazy=\"1\" class=\"module_row themify_builder_row fullwidth_row_container tb_yqxe574 tf_w tf_clearfix\">\n\t\t\t\t\t<div class=\"row_inner col_align_top tb_col_count_1 tf_box tf_rel\">\n\t\t\t\t\t<div  data-lazy=\"1\" class=\"module_column tb-column col-full tb_w3uw577 first\">\n\t\t\t\t\t\t\t\t\t<div class=\"tb-column-inner tf_box tf_w\">\n\t\t\t\t<!-- module text -->\n<div  class=\"module module-text tb_azue577   \" data-lazy=\"1\">\n        <div  class=\"tb_text_wrap\">\n    <p>Wir k\u00fcmmern uns um die Urheberrechte unserer Kunden. Wir sind uns dessen bewusst, welche Bedeutung heutzutage die Regelung der Rechte an den sogenannten immateriellen Werten spielt. Die Nutzung der Ergebnisse der Arbeit von Dritten ist eine komplexe Angelegenheit, welche die Vornahme entsprechender Rechtsma\u00dfnahmen erforderlich macht. Es geht hierbei um eine Analyse der Rechtslage aus der Perspektive der dem Autor zustehenden Verm\u00f6gensrechte am Werk, der H\u00f6he der Verg\u00fctung f\u00fcr die Nutzung des Werkes und der Besonderheiten des Rechtsverh\u00e4ltnisses zwischen dem Autor und Dritten, welches zwischen ihnen entsteht bzw. sie bindet. Aus der Perspektive des Nutzers des Werkes sind vor allem die Fragestellungen der Best\u00e4ndigkeit der Zusammenarbeit mit dem Autor, die M\u00f6glichkeiten einer Modifikation des Werkes und die Nutzung des Werkes in den bestm\u00f6glichen Gebieten von Bedeutung.<\/p>\n<p>Unsere Kanzlei arbeitet eng mit Patentanw\u00e4lten in ganz Polen zusammen, welche uns bei der Erbringung umfassender Rechtsdienstleistungen im Hinblick auf das geistige Eigentum unterst\u00fctzen, vor allem in Hinsicht auf Patente, Markenzeichen und Verfahren im Zusammenhang mit dem Erlangen des gewerblichen Rechtsschutzes durch Registrierung bei zust\u00e4ndigen Institutionen: Patent\u00e4mtern sowie inl\u00e4ndischen und internationalen Markenzeichenregistern.<\/p>\n<p>Wir verf\u00fcgen \u00fcber langj\u00e4hrige Erfahrung mit der Aushandlung und dem Abschluss von Vertr\u00e4gen \u00fcber die \u00dcbertragung von Urheberrechten und von Lizenzvertr\u00e4gen. Wir analysieren und begutachten Vertr\u00e4ge \u00fcber die \u00dcbertragung von Urheberrechten und Lizenzvertr\u00e4ge sowie erstellen solche Vertr\u00e4ge f\u00fcr unsere Kunden unter Ber\u00fccksichtigung deren Weisungen und Interessen. Wir verfassen auch vorgefertigte Vertragsabschnitte zu Urheberrechten, die in Vertr\u00e4ge aufgenommen werden k\u00f6nnen, helfen bei der Auswahl der geeignetsten Vertragsform und zeigen auf, wie die Interessen von Autoren der Werke und deren Nutzern korrekt abzusichern sind.<\/p>    <\/div>\n<\/div>\n<!-- \/module text -->\t\t\t\t<\/div><!-- .tb-column-inner -->\n\t\t\t\t\t\t<\/div><!-- .module_column -->\n\t\t\t\t\t\t<\/div><!-- .row_inner -->\n\t\t<\/div><!-- .module_row -->\n\t\t\t\t\t\t\t\t<!-- module_row -->\n\t\t<div  data-css_id=\"su5p402\" data-lazy=\"1\" class=\"module_row themify_builder_row fullwidth tb_su5p402 tf_w tf_clearfix\">\n\t\t\t\t\t<div class=\"row_inner col_align_top tb_col_count_1 tf_box tf_rel\">\n\t\t\t\t\t<div  data-lazy=\"1\" class=\"module_column tb-column col-full tb_t32k402 first\">\n\t\t\t\t\t\t\t\t\t<div class=\"tb-column-inner tf_box tf_w\">\n\t\t\t\t<!-- module template_part -->\n<div  class=\"module module-layout-part tb_a7zu402 \">\n    <div class=\"tb_layout_part_wrap tf_w\"><!--themify_builder_content-->\n    <div  class=\"themify_builder_content themify_builder_content-4421 themify_builder not_editable_builder in_the_loop\" data-postid=\"4421\">\n        \t\t\t\t<!-- module_row -->\n\t\t<div  data-lazy=\"1\" class=\"module_row themify_builder_row tb_wp5s243 tf_w tf_clearfix\">\n\t\t\t\t\t<div class=\"row_inner col_align_top tb_col_count_1 tf_box tf_rel\">\n\t\t\t\t\t<div  data-lazy=\"1\" class=\"module_column tb-column col-full tb_fnzh243 first\">\n\t\t\t\t\t\t\t\t\t<div class=\"tb-column-inner tf_box tf_w\">\n\t\t\t\t<!-- module text -->\n<div  class=\"module module-text tb_6xvi964    wow\" data-tf-animation=\"slideInUp\" data-lazy=\"1\">\n        <div  class=\"tb_text_wrap\">\n    <p style=\"text-align: center;\"><strong>WIE K\u00d6NNEN SIE SICH MIT UNS IN VERBINDUNG SETZEN?<\/strong><\/p>    <\/div>\n<\/div>\n<!-- \/module text -->\t\t<div  data-lazy=\"1\" class=\"module_subrow themify_builder_sub_row tb_in59692 tf_w tf_clearfix\">\n\t\t\t\t\t<div class=\"subrow_inner col_align_top tb_col_count_3 tf_box tf_w\">\n\t\t\t\t\t<div  data-lazy=\"1\" class=\"module_column sub_column col3-1 tb_k5mb693 first\">\n\t\t\t\t\t\t\t\t\t<div class=\"tb-column-inner tf_box tf_w\">\n\t\t\t\t<!-- module text -->\n<div  class=\"module module-text tb_ybzu301    wow\" data-tf-animation=\"slideInUp\" data-lazy=\"1\">\n        <div  class=\"tb_text_wrap\">\n    <p style=\"text-align: center;\"><strong>WARSCHAU<\/strong><\/p><p style=\"text-align: center;\">Wsp\u00f3lna Str. 70<\/p><p style=\"text-align: center;\">00-687 Warszawa<\/p><p style=\"text-align: center;\"><a href=\"mailto:warszawa@mkpartner.com.pl\">warszawa@mkpartner.com.pl<\/a><\/p>    <\/div>\n<\/div>\n<!-- \/module text -->\t\t\t\t<\/div><!-- .tb-column-inner -->\n\t\t\t\t\t\t<\/div><!-- .module_column -->\n\t\t\t\t\t<div  data-lazy=\"1\" class=\"module_column sub_column col3-1 tb_2ktv693\">\n\t\t\t\t\t\t\t\t\t<div class=\"tb-column-inner tf_box tf_w\">\n\t\t\t\t<!-- module text -->\n<div  class=\"module module-text tb_1bhr695    wow\" data-tf-animation=\"slideInUp\" data-lazy=\"1\">\n        <div  class=\"tb_text_wrap\">\n    <p style=\"text-align: center;\"><strong>POSEN<\/strong><\/p>\n<p style=\"text-align: center;\">Wolszty\u0144ska Str. 5, 60-361 Pozna\u0144<\/p>\n<p style=\"text-align: center;\">+48\u00a0798\u00a0607\u00a0482<\/p>\n<p style=\"text-align: center;\"><a href=\"mailto:poznan@mkpartner.com.pl\">poznan@mkpartner.com.pl<\/a><\/p>    <\/div>\n<\/div>\n<!-- \/module text -->\t\t\t\t<\/div><!-- .tb-column-inner -->\n\t\t\t\t\t\t<\/div><!-- .module_column -->\n\t\t\t\t\t<div  data-lazy=\"1\" class=\"module_column sub_column col3-1 tb_67dv693 last\">\n\t\t\t\t\t\t\t\t\t<div class=\"tb-column-inner tf_box tf_w\">\n\t\t\t\t<!-- module text -->\n<div  class=\"module module-text tb_xelv7    wow\" data-tf-animation=\"slideInUp\" data-lazy=\"1\">\n        <div  class=\"tb_text_wrap\">\n    <p style=\"text-align: center;\"><strong>BERLIN<\/strong><\/p><p style=\"text-align: center;\">Dietzgenstra\u00dfe 85<\/p><p style=\"text-align: center;\">13156 Berlin<\/p><p style=\"text-align: center;\"><a href=\"mailto:berlin@mkpartner.com.pl\">berlin@mkpartner.com.pl<\/a><\/p>    <\/div>\n<\/div>\n<!-- \/module text -->\t\t\t\t<\/div><!-- .tb-column-inner -->\n\t\t\t\t\t\t<\/div><!-- .module_column -->\n\t\t\t\t\t\t<\/div><!-- .subrow_inner -->\n\t\t<\/div><!-- .themify_builder_sub_row -->\n\t\t\t\t\t\t\t\t<\/div><!-- .tb-column-inner -->\n\t\t\t\t\t\t<\/div><!-- .module_column -->\n\t\t\t\t\t\t<\/div><!-- .row_inner -->\n\t\t<\/div><!-- .module_row -->\n\t\t\t\t    <\/div>\n<!--\/themify_builder_content--><\/div>\n<\/div>\n<!-- \/module template_part -->\t\t\t\t<\/div><!-- .tb-column-inner -->\n\t\t\t\t\t\t<\/div><!-- .module_column -->\n\t\t\t\t\t\t<\/div><!-- .row_inner -->\n\t\t<\/div><!-- .module_row -->\n\t\t\t\t<\/div>\n<!--\/themify_builder_content-->","protected":false},"excerpt":{"rendered":"<p>URHEBERRECHT, E-COMMERCE UND DAS RECHT NEUER TECHNOLOGIEN -Fachgebiete- Wir k\u00fcmmern uns um die Urheberrechte unserer Kunden. Wir sind uns dessen bewusst, welche Bedeutung heutzutage die Regelung der Rechte an den sogenannten immateriellen Werten spielt. Die Nutzung der Ergebnisse der Arbeit von Dritten ist eine komplexe Angelegenheit, welche die Vornahme entsprechender Rechtsma\u00dfnahmen erforderlich macht. Es geht [&hellip;]<\/p>\n","protected":false},"author":45,"featured_media":0,"parent":0,"menu_order":0,"comment_status":"closed","ping_status":"closed","template":"","meta":{"om_disable_all_campaigns":false,"inline_featured_image":false,"_uf_show_specific_survey":0,"_uf_disable_surveys":false,"footnotes":""},"class_list":["post-4732","page","type-page","status-publish","hentry","has-post-title","has-post-date","has-post-category","has-post-tag","has-post-comment","has-post-author",""],"featured_image_src":null,"yoast_head":"<!-- This site is optimized with the Yoast SEO plugin v27.5 - https:\/\/yoast.com\/product\/yoast-seo-wordpress\/ -->\n<title>Urheberrecht, E-commerce und das Recht neuer Technologien - Die Kanzlei MKK &amp; Partner<\/title>\n<meta name=\"description\" content=\"Urheberrecht, E-commerce und das Recht neuer Technologien - Die Kanzlei MKK &amp; Partner\" \/>\n<meta name=\"robots\" content=\"index, follow, max-snippet:-1, max-image-preview:large, max-video-preview:-1\" \/>\n<link rel=\"canonical\" href=\"https:\/\/mkpartner.com.pl\/de\/urheberrecht-e-commerce-und-das-recht-neuer-technologien\/\" \/>\n<meta property=\"og:locale\" content=\"de_DE\" \/>\n<meta property=\"og:type\" content=\"article\" \/>\n<meta property=\"og:title\" content=\"Urheberrecht, E-commerce und das Recht neuer Technologien - Die Kanzlei MKK &amp; Partner\" \/>\n<meta property=\"og:description\" content=\"Urheberrecht, E-commerce und das Recht neuer Technologien - Die Kanzlei MKK &amp; Partner\" \/>\n<meta property=\"og:url\" content=\"https:\/\/mkpartner.com.pl\/de\/urheberrecht-e-commerce-und-das-recht-neuer-technologien\/\" \/>\n<meta property=\"og:site_name\" content=\"Kancelaria Prawna - Meissner Kozio\u0142 Kaczmarek &amp; Partner\" \/>\n<meta property=\"article:publisher\" content=\"https:\/\/www.facebook.com\/mkpartnerPL\" \/>\n<meta property=\"article:modified_time\" content=\"2024-04-09T19:10:50+00:00\" \/>\n<meta property=\"og:image\" content=\"https:\/\/mkpartner.com.pl\/wp-content\/uploads\/2021\/12\/logo-mk-partner.png\" \/>\n\t<meta property=\"og:image:width\" content=\"180\" \/>\n\t<meta property=\"og:image:height\" content=\"33\" \/>\n\t<meta property=\"og:image:type\" content=\"image\/png\" \/>\n<meta name=\"twitter:card\" content=\"summary_large_image\" \/>\n<meta name=\"twitter:site\" content=\"@MKK_Partner\" \/>\n<script type=\"application\/ld+json\" class=\"yoast-schema-graph\">{\"@context\":\"https:\\\/\\\/schema.org\",\"@graph\":[{\"@type\":\"WebPage\",\"@id\":\"https:\\\/\\\/mkpartner.com.pl\\\/de\\\/urheberrecht-e-commerce-und-das-recht-neuer-technologien\\\/\",\"url\":\"https:\\\/\\\/mkpartner.com.pl\\\/de\\\/urheberrecht-e-commerce-und-das-recht-neuer-technologien\\\/\",\"name\":\"Urheberrecht, E-commerce und das Recht neuer Technologien - Die Kanzlei MKK & Partner\",\"isPartOf\":{\"@id\":\"https:\\\/\\\/mkpartner.com.pl\\\/#website\"},\"datePublished\":\"2019-06-11T13:16:18+00:00\",\"dateModified\":\"2024-04-09T19:10:50+00:00\",\"description\":\"Urheberrecht, E-commerce und das Recht neuer Technologien - Die Kanzlei MKK & Partner\",\"inLanguage\":\"de\",\"potentialAction\":[{\"@type\":\"ReadAction\",\"target\":[\"https:\\\/\\\/mkpartner.com.pl\\\/de\\\/urheberrecht-e-commerce-und-das-recht-neuer-technologien\\\/\"]}]},{\"@type\":\"WebSite\",\"@id\":\"https:\\\/\\\/mkpartner.com.pl\\\/#website\",\"url\":\"https:\\\/\\\/mkpartner.com.pl\\\/\",\"name\":\"Kancelaria Prawna - Meissner Kozio\u0142 Kaczmarek &amp; Partner\",\"description\":\"Kancelaria Prawna\",\"publisher\":{\"@id\":\"https:\\\/\\\/mkpartner.com.pl\\\/#organization\"},\"potentialAction\":[{\"@type\":\"SearchAction\",\"target\":{\"@type\":\"EntryPoint\",\"urlTemplate\":\"https:\\\/\\\/mkpartner.com.pl\\\/?s={search_term_string}\"},\"query-input\":{\"@type\":\"PropertyValueSpecification\",\"valueRequired\":true,\"valueName\":\"search_term_string\"}}],\"inLanguage\":\"de\"},{\"@type\":\"Organization\",\"@id\":\"https:\\\/\\\/mkpartner.com.pl\\\/#organization\",\"name\":\"Kancelaria Prawna Meissner Kozio\u0142 Kaczmarek & Partner\",\"url\":\"https:\\\/\\\/mkpartner.com.pl\\\/\",\"logo\":{\"@type\":\"ImageObject\",\"inLanguage\":\"de\",\"@id\":\"https:\\\/\\\/mkpartner.com.pl\\\/#\\\/schema\\\/logo\\\/image\\\/\",\"url\":\"http:\\\/\\\/wrdcxdb.cluster028.hosting.ovh.net\\\/wp-content\\\/uploads\\\/2021\\\/12\\\/logo-mk-partner.png\",\"contentUrl\":\"http:\\\/\\\/wrdcxdb.cluster028.hosting.ovh.net\\\/wp-content\\\/uploads\\\/2021\\\/12\\\/logo-mk-partner.png\",\"width\":180,\"height\":33,\"caption\":\"Kancelaria Prawna Meissner Kozio\u0142 Kaczmarek & Partner\"},\"image\":{\"@id\":\"https:\\\/\\\/mkpartner.com.pl\\\/#\\\/schema\\\/logo\\\/image\\\/\"},\"sameAs\":[\"https:\\\/\\\/www.facebook.com\\\/mkpartnerPL\",\"https:\\\/\\\/x.com\\\/MKK_Partner\"]}]}<\/script>\n<!-- \/ Yoast SEO plugin. -->","yoast_head_json":{"title":"Urheberrecht, E-commerce und das Recht neuer Technologien - Die Kanzlei MKK & Partner","description":"Urheberrecht, E-commerce und das Recht neuer Technologien - Die Kanzlei MKK & Partner","robots":{"index":"index","follow":"follow","max-snippet":"max-snippet:-1","max-image-preview":"max-image-preview:large","max-video-preview":"max-video-preview:-1"},"canonical":"https:\/\/mkpartner.com.pl\/de\/urheberrecht-e-commerce-und-das-recht-neuer-technologien\/","og_locale":"de_DE","og_type":"article","og_title":"Urheberrecht, E-commerce und das Recht neuer Technologien - Die Kanzlei MKK & Partner","og_description":"Urheberrecht, E-commerce und das Recht neuer Technologien - Die Kanzlei MKK & Partner","og_url":"https:\/\/mkpartner.com.pl\/de\/urheberrecht-e-commerce-und-das-recht-neuer-technologien\/","og_site_name":"Kancelaria Prawna - Meissner Kozio\u0142 Kaczmarek &amp; Partner","article_publisher":"https:\/\/www.facebook.com\/mkpartnerPL","article_modified_time":"2024-04-09T19:10:50+00:00","og_image":[{"width":180,"height":33,"url":"https:\/\/mkpartner.com.pl\/wp-content\/uploads\/2021\/12\/logo-mk-partner.png","type":"image\/png"}],"twitter_card":"summary_large_image","twitter_site":"@MKK_Partner","schema":{"@context":"https:\/\/schema.org","@graph":[{"@type":"WebPage","@id":"https:\/\/mkpartner.com.pl\/de\/urheberrecht-e-commerce-und-das-recht-neuer-technologien\/","url":"https:\/\/mkpartner.com.pl\/de\/urheberrecht-e-commerce-und-das-recht-neuer-technologien\/","name":"Urheberrecht, E-commerce und das Recht neuer Technologien - Die Kanzlei MKK & Partner","isPartOf":{"@id":"https:\/\/mkpartner.com.pl\/#website"},"datePublished":"2019-06-11T13:16:18+00:00","dateModified":"2024-04-09T19:10:50+00:00","description":"Urheberrecht, E-commerce und das Recht neuer Technologien - Die Kanzlei MKK & Partner","inLanguage":"de","potentialAction":[{"@type":"ReadAction","target":["https:\/\/mkpartner.com.pl\/de\/urheberrecht-e-commerce-und-das-recht-neuer-technologien\/"]}]},{"@type":"WebSite","@id":"https:\/\/mkpartner.com.pl\/#website","url":"https:\/\/mkpartner.com.pl\/","name":"Kancelaria Prawna - Meissner Kozio\u0142 Kaczmarek &amp; Partner","description":"Kancelaria Prawna","publisher":{"@id":"https:\/\/mkpartner.com.pl\/#organization"},"potentialAction":[{"@type":"SearchAction","target":{"@type":"EntryPoint","urlTemplate":"https:\/\/mkpartner.com.pl\/?s={search_term_string}"},"query-input":{"@type":"PropertyValueSpecification","valueRequired":true,"valueName":"search_term_string"}}],"inLanguage":"de"},{"@type":"Organization","@id":"https:\/\/mkpartner.com.pl\/#organization","name":"Kancelaria Prawna Meissner Kozio\u0142 Kaczmarek & Partner","url":"https:\/\/mkpartner.com.pl\/","logo":{"@type":"ImageObject","inLanguage":"de","@id":"https:\/\/mkpartner.com.pl\/#\/schema\/logo\/image\/","url":"http:\/\/wrdcxdb.cluster028.hosting.ovh.net\/wp-content\/uploads\/2021\/12\/logo-mk-partner.png","contentUrl":"http:\/\/wrdcxdb.cluster028.hosting.ovh.net\/wp-content\/uploads\/2021\/12\/logo-mk-partner.png","width":180,"height":33,"caption":"Kancelaria Prawna Meissner Kozio\u0142 Kaczmarek & Partner"},"image":{"@id":"https:\/\/mkpartner.com.pl\/#\/schema\/logo\/image\/"},"sameAs":["https:\/\/www.facebook.com\/mkpartnerPL","https:\/\/x.com\/MKK_Partner"]}]}},"builder_content":"<h1 style=\"text-align: center;\">URHEBERRECHT, E-COMMERCE UND DAS RECHT NEUER TECHNOLOGIEN<\/h1> <p style=\"text-align: center;\">-Fachgebiete-<\/p>\n<p>Wir k\u00fcmmern uns um die Urheberrechte unserer Kunden. Wir sind uns dessen bewusst, welche Bedeutung heutzutage die Regelung der Rechte an den sogenannten immateriellen Werten spielt. Die Nutzung der Ergebnisse der Arbeit von Dritten ist eine komplexe Angelegenheit, welche die Vornahme entsprechender Rechtsma\u00dfnahmen erforderlich macht. Es geht hierbei um eine Analyse der Rechtslage aus der Perspektive der dem Autor zustehenden Verm\u00f6gensrechte am Werk, der H\u00f6he der Verg\u00fctung f\u00fcr die Nutzung des Werkes und der Besonderheiten des Rechtsverh\u00e4ltnisses zwischen dem Autor und Dritten, welches zwischen ihnen entsteht bzw. sie bindet. Aus der Perspektive des Nutzers des Werkes sind vor allem die Fragestellungen der Best\u00e4ndigkeit der Zusammenarbeit mit dem Autor, die M\u00f6glichkeiten einer Modifikation des Werkes und die Nutzung des Werkes in den bestm\u00f6glichen Gebieten von Bedeutung.<\/p> <p>Unsere Kanzlei arbeitet eng mit Patentanw\u00e4lten in ganz Polen zusammen, welche uns bei der Erbringung umfassender Rechtsdienstleistungen im Hinblick auf das geistige Eigentum unterst\u00fctzen, vor allem in Hinsicht auf Patente, Markenzeichen und Verfahren im Zusammenhang mit dem Erlangen des gewerblichen Rechtsschutzes durch Registrierung bei zust\u00e4ndigen Institutionen: Patent\u00e4mtern sowie inl\u00e4ndischen und internationalen Markenzeichenregistern.<\/p> <p>Wir verf\u00fcgen \u00fcber langj\u00e4hrige Erfahrung mit der Aushandlung und dem Abschluss von Vertr\u00e4gen \u00fcber die \u00dcbertragung von Urheberrechten und von Lizenzvertr\u00e4gen. Wir analysieren und begutachten Vertr\u00e4ge \u00fcber die \u00dcbertragung von Urheberrechten und Lizenzvertr\u00e4ge sowie erstellen solche Vertr\u00e4ge f\u00fcr unsere Kunden unter Ber\u00fccksichtigung deren Weisungen und Interessen. Wir verfassen auch vorgefertigte Vertragsabschnitte zu Urheberrechten, die in Vertr\u00e4ge aufgenommen werden k\u00f6nnen, helfen bei der Auswahl der geeignetsten Vertragsform und zeigen auf, wie die Interessen von Autoren der Werke und deren Nutzern korrekt abzusichern sind.<\/p>\n<p style=\"text-align: center;\"><strong>WIE K\u00d6NNEN SIE SICH MIT UNS IN VERBINDUNG SETZEN?<\/strong><\/p> \n \n <p style=\"text-align: center;\"><strong>WARSCHAU<\/strong><\/p><p style=\"text-align: center;\">Wsp\u00f3lna Str. 70<\/p><p style=\"text-align: center;\">00-687 Warszawa<\/p><p style=\"text-align: center;\"><a href=\"mailto:warszawa@mkpartner.com.pl\">warszawa@mkpartner.com.pl<\/a><\/p> \n \n <p style=\"text-align: center;\"><strong>POSEN<\/strong><\/p> <p style=\"text-align: center;\">Wolszty\u0144ska Str. 5, 60-361 Pozna\u0144<\/p> <p style=\"text-align: center;\">+48\u00a0798\u00a0607\u00a0482<\/p> <p style=\"text-align: center;\"><a href=\"mailto:poznan@mkpartner.com.pl\">poznan@mkpartner.com.pl<\/a><\/p> \n \n <p style=\"text-align: center;\"><strong>BERLIN<\/strong><\/p><p style=\"text-align: center;\">Dietzgenstra\u00dfe 85<\/p><p style=\"text-align: center;\">13156 Berlin<\/p><p style=\"text-align: center;\"><a href=\"mailto:berlin@mkpartner.com.pl\">berlin@mkpartner.com.pl<\/a><\/p>","_links":{"self":[{"href":"https:\/\/mkpartner.com.pl\/de\/wp-json\/wp\/v2\/pages\/4732","targetHints":{"allow":["GET"]}}],"collection":[{"href":"https:\/\/mkpartner.com.pl\/de\/wp-json\/wp\/v2\/pages"}],"about":[{"href":"https:\/\/mkpartner.com.pl\/de\/wp-json\/wp\/v2\/types\/page"}],"author":[{"embeddable":true,"href":"https:\/\/mkpartner.com.pl\/de\/wp-json\/wp\/v2\/users\/45"}],"replies":[{"embeddable":true,"href":"https:\/\/mkpartner.com.pl\/de\/wp-json\/wp\/v2\/comments?post=4732"}],"version-history":[{"count":0,"href":"https:\/\/mkpartner.com.pl\/de\/wp-json\/wp\/v2\/pages\/4732\/revisions"}],"wp:attachment":[{"href":"https:\/\/mkpartner.com.pl\/de\/wp-json\/wp\/v2\/media?parent=4732"}],"curies":[{"name":"wp","href":"https:\/\/api.w.org\/{rel}","templated":true}]}}