{"id":5968,"date":"2021-12-02T13:30:34","date_gmt":"2021-12-02T12:30:34","guid":{"rendered":"http:\/\/wrdcxdb.cluster028.hosting.ovh.net\/?page_id=5968"},"modified":"2022-05-11T15:49:19","modified_gmt":"2022-05-11T13:49:19","slug":"datenschutzrichtlinie-fuer-cookies","status":"publish","type":"page","link":"https:\/\/mkpartner.com.pl\/de\/datenschutzrichtlinie-fuer-cookies\/","title":{"rendered":"Datenschutzrichtlinie f\u00fcr Cookies"},"content":{"rendered":"<!--themify_builder_content-->\n<div id=\"themify_builder_content-5968\" data-postid=\"5968\" class=\"themify_builder_content themify_builder_content-5968 themify_builder tf_clear\">\n    <\/div>\n<!--\/themify_builder_content-->\n\n\n<h1 class=\"has-text-align-center wp-block-heading\" style=\"margin-top: 1em;\"><strong>DATENSCHUTZRICHTLINIE F\u00dcR COOKIES<\/strong><\/h1>\n\n\n\n<p class=\"has-text-align-center\"><strong>I. Allgemeine Bestimmungen<\/strong><\/p>\n\n\n\n<ol class=\"wp-block-list\"><li>Der Verantwortlicher Ihrer personenbezogenen Daten ist die Firma Meissner Kozio\u0142 Kaczmarek &amp; Partner sp\u00f3\u0142ka komandytowa mit Sitz in Pozna\u0144 (60-279), Palaczastr. 144, eingetragen im Unternehmerregister des Landesgerichtsregisters, das vom Amtsgericht Pozna\u0144 &#8211; Nowe Miasto und Wilda in Pozna\u0144, VIII. Handelsabteilung des Landesgerichtsregisters gef\u00fchrt wird, unter der KRS-Nummer: 0000529688, NIP: 7831718502, REGON: 302862245, E-Mail-Adresse: office@mkpartner.com.pl, Telefonnummer +48 798 607 482 (im Folgenden: &#8222;Verantwortlicher&#8220;).<\/li><li>Diese Datenschutzrichtlinie (im Folgenden als &#8222;Richtlinie&#8220; bezeichnet) legt die Grunds\u00e4tze der Verarbeitung und des Schutzes der personenbezogenen Daten der Nutzer durch den Verantwortlicher in Bezug auf Cookies fest. Die Regeln f\u00fcr die Verarbeitung personenbezogener Daten gelten auch f\u00fcr Daten, die mit Hilfe von Cookies verarbeitet werden.<\/li><li>Der Verantwortlicher unternimmt alle Anstrengungen, um die personenbezogenen Daten der Nutzer davor zu sch\u00fctzen, dass sie Unbefugten zug\u00e4nglich gemacht werden, dass sie von Unbefugten entwendet werden, dass sie unter Verletzung der geltenden Rechtsvorschriften verarbeitet werden und dass sie ver\u00e4ndert, verloren, besch\u00e4digt oder zerst\u00f6rt werden, und um die Privatsph\u00e4re jedes Nutzers zu wahren.<\/li><\/ol>\n\n\n\n<p class=\"has-text-align-center\"><strong>II. Sicherheit der personenbezogenen Daten<\/strong><\/p>\n\n\n\n<ol class=\"wp-block-list\"><li>Die Verarbeitung der personenbezogenen Daten der Nutzerinnen und Nutzer erfolgt im Einklang mit den Anforderungen des allgemein geltenden Rechts, insbesondere der Verordnung (EU) 2016\/679 des Europ\u00e4ischen Parlaments und des Rates vom 27. April 2016 zum Schutz nat\u00fcrlicher Personen bei der Verarbeitung personenbezogener Daten, zum freien Datenverkehr und zur Aufhebung der Richtlinie 95\/46\/EG (Datenschutz-Grundverordnung).<\/li><li>Der Verantwortlicher garantiert ein H\u00f6chstma\u00df an Sicherheit f\u00fcr die verarbeiteten personenbezogenen Daten und erkl\u00e4rt, dass er \u00fcber geeignete technische und organisatorische Ma\u00dfnahmen verf\u00fcgt, um Vorf\u00e4lle im Zusammenhang mit der Sicherheit personenbezogener Daten zu verhindern und die Privatsph\u00e4re der Nutzer zu sch\u00fctzen.<\/li><\/ol>\n\n\n\n<p class=\"has-text-align-center\"><strong>III. Umfang der Datenverarbeitung<\/strong><\/p>\n\n\n\n<ol class=\"wp-block-list\"><li>Im Zusammenhang mit der Nutzung der Website des Verantwortlichen durch den Nutzer verarbeitet der Verantwortlicher die folgenden Arten von personenbezogenen Daten:<ol type=\"a\"><li>Technische Informationen wie IP-Adresse, Browsertyp und -version (z. B. Internet Explorer, Mozilla Firefox, Safari), Zeitzoneneinstellungen, Browser-Plug-in, verwendetes Betriebssystem (z. B. Windows 10, Vista, Windows XP, macOS), Ger\u00e4tetyp, Hardwaremodell, MAC-Adresse, eindeutige Kennungen und Informationen zum Mobilfunknetz;<\/li><li>Online-Zugangsdaten wie: Informationen \u00fcber die besuchte Website, einschlie\u00dflich der URL, des Pfads des Website-Besuchs (einschlie\u00dflich Datum und Uhrzeit), Informationen \u00fcber das Netzwerk des Nutzers, wie Ger\u00e4tedaten, Knoten, Konfigurationen, Verbindungsgeschwindigkeit und Leistung der Netzwerkanwendung; besuchte oder durchsuchte Seiten, Antwortzeiten, Download-Fehler, Dauer der Besuche und Interaktionsinformationen (wie Scrollen, Klicks, Mouse-Overs) und Informationen dar\u00fcber, ob Links vom Nutzer ge\u00f6ffnet wurden.<\/li><\/ol><\/li><li>Die in Absatz 1 genannten Daten werden verarbeitet, um dem Nutzer die Nutzung der Website des Verantwortlichen zu erm\u00f6glichen und um:<ol type=\"a\"><li>den Inhalt der Website an die individuellen Pr\u00e4ferenzen des Nutzers anzupassen, erkennen diese Dateien in erster Linie das Ger\u00e4t des Nutzers, um die Website entsprechend seinen Pr\u00e4ferenzen anzuzeigen;<\/li><li>Erstellung von Statistiken, die dazu dienen, die Vorlieben und das Verhalten der Nutzer kennenzulernen; die Analyse dieser Statistiken ist anonym und erm\u00f6glicht es, den Inhalt und das Erscheinungsbild der Website an die aktuellen Trends anzupassen; die Statistiken werden auch verwendet, um die Beliebtheit der Website zu bewerten; die M\u00f6glichkeit, sich in die Website einzuloggen; die Aufmerksamkeit des Nutzers auf jeder Folgeseite der Website zu erhalten.<\/li><\/ol><\/li><li>Die Verarbeitung der ggf. mittels Cookies erhobenen personenbezogenen Daten erfolgt auf der Grundlage Ihrer ausdr\u00fccklichen Einwilligung oder \u00fcber Ihre Browsereinstellungen, d.h. auf der Grundlage von Artikel 6 Absatz 1 Buchstabe a der Datenschutzgrundverordnung in Verbindung mit \u00a7 173 Absatz 2 des Telekommunikationsgesetzes.<\/li><li>F\u00fcr die Nutzung der Website des Verantwortlichen ist es nicht erforderlich, sich anzumelden, ein Konto einzurichten oder Ihre Daten anzugeben.<\/li><li>Der Verantwortlicher kann zur \u00dcberwachung der Website Analysesoftware von Dritten, wie z. B. Google Analytics, verwenden. Die Deaktivierung des Google-Analytics-Dienstes ist mit einer Browsererweiterung m\u00f6glich, die unter https:\/\/tools.google.com\/dlpage\/gaoptout heruntergeladen werden kann.<\/li><li>Um dem Nutzer den Zugang zu zus\u00e4tzlichen Informationen zu erleichtern, kann die Website des Verantwortlichen Links zu Websites enthalten, die von vom Verantwortlichem unabh\u00e4ngigen Stellen verwaltet werden. Es k\u00f6nnen gesonderte Klauseln und Datenschutzbestimmungen gelten.<\/li><li>In Bezug auf Websites, die mit der Website des Verantwortlichen verlinkt sind und die nicht dem Verantwortlichem geh\u00f6ren oder von ihm kontrolliert werden, tr\u00e4gt der Verantwortlicher keine Verantwortung f\u00fcr deren Inhalt, die Nutzung solcher Websites durch die Nutzer oder die f\u00fcr sie geltenden Vertraulichkeitsschutzregeln.<\/li><li>Personenbezogene Daten werden aufbewahrt, bis die Einwilligung widerrufen wird.<\/li><li>Daten k\u00f6nnen auf der Grundlage einer mit dem Verantwortlichem geschlossenen Vereinbarung an IT-Dienstleister, Anbieter von Website-Diensten und Werbetreibende weitergegeben werden, wobei die Bestimmungen der Politik und der Grunds\u00e4tze der Verarbeitung personenbezogener Daten einzuhalten sind.<\/li><li>Ausf\u00fchrliche Informationen \u00fcber die Verarbeitung Ihrer personenbezogenen Daten finden Sie unter dieser Adresse: www.mkpartner.com.pl<\/li><\/ol>\n\n\n\n<p class=\"has-text-align-center\"><strong>IV. Cookies<\/strong><\/p>\n\n\n\n<ol class=\"wp-block-list\"><li>Ein Cookie ist eine kleine Datei, die aus einer Folge von Buchstaben und Zahlen besteht und beim Besuch der Website des Verantwortlichen im Internetbrowser auf der Festplatte des Computers oder Mobilger\u00e4ts des Nutzers abgelegt wird.<\/li><li>Cookies haben eine Reihe verschiedener Funktionen (u. a. Speicherung von Nutzerpr\u00e4ferenzen, schnellere und einfachere Funktionsweise von Websites und Anwendungen, Anpassung von Inhalten und Werbung an Ihre Erwartungen und Interessen und Sammlung anonymer, zusammengefasster Statistiken, die zur Verbesserung der Funktionalit\u00e4t und des Inhalts von Websites und Anwendungen beitragen) und sind ein wichtiges Element, das den Komfort bei der Nutzung der Website des Verantwortlichen erheblich verbessert. Cookies werden in der Regel nicht zur Speicherung personenbezogener Daten verwendet, k\u00f6nnen aber zur Speicherung von Benutzerpr\u00e4ferenzen und anderen Informationen genutzt werden.<\/li><li>In vielen F\u00e4llen erlaubt die Web-Browsing-Software (Webbrowser) standardm\u00e4\u00dfig die Speicherung von Cookies auf dem Endger\u00e4t des Nutzers. Der Browser kann so eingestellt werden, dass er Cookies ablehnt oder dass er Sie benachrichtigt, wenn Cookies gesendet werden. Um Cookies zu verhindern und zu l\u00f6schen, folgen Sie den Anweisungen in der Hilfefunktion Ihres Browsers. Detaillierte Informationen \u00fcber die M\u00f6glichkeit und die Methoden der Verwendung von Cookies sind in den Einstellungen der Software (Browser) verf\u00fcgbar.<\/li><li>die Annahme von Cookies ist keine notwendige Bedingung f\u00fcr die Nutzung der Website des Verantwortlichen, jedoch k\u00f6nnen einige Funktionen oder Dienste der Website ohne Cookies nicht richtig funktionieren, daher empfehlen wir deren Annahme, um die Website des Verantwortlichen vollst\u00e4ndig nutzen zu k\u00f6nnen und einen ordnungsgem\u00e4\u00dfen Zugang zu allen Funktionen zu haben<\/li><li>Cookies k\u00f6nnen auch von Einrichtungen verwendet werden, die mit dem Verantwortlichem zusammenarbeiten und an der Optimierung der Website und der Anpassung ihres Inhalts beteiligt sind.<\/li><\/ol>\n\n\n\n<p class=\"has-text-align-center\"><strong>V. Benutzerrechte<\/strong><\/p>\n\n\n\n<ol class=\"wp-block-list\"><li>Im Zusammenhang mit der Verarbeitung personenbezogener Daten durch den Verantwortlichen hat der Nutzer die folgenden Rechte:<ol type=\"a\"><li>das Recht auf Zugang zu den personenbezogenen Daten, die dem f\u00fcr die Verarbeitung Verantwortlichen zur Verf\u00fcgung gestellt wurden, und auf Erhalt einer Kopie dieser Daten,<\/li><li><a><\/a> das Recht, die Berichtigung personenbezogener Daten zu verlangen, wenn diese veraltet, unvollst\u00e4ndig oder unrichtig sind,<\/li><li>das Recht, die L\u00f6schung personenbezogener Daten aus der Datei des Verantwortlichen zu verlangen (so genanntes Recht auf Vergessenwerden),<\/li><li>das Recht, die Einschr\u00e4nkung der Verarbeitung personenbezogener Daten zu verlangen,<\/li><li>das Recht, sich beim Pr\u00e4sidenten des Amtes f\u00fcr den Schutz personenbezogener Daten zu beschweren, wenn die Verarbeitung personenbezogener Daten als Versto\u00df gegen die allgemein geltenden Vorschriften angesehen wird,<\/li><li>das Recht, die \u00dcbermittlung von personenbezogenen Daten zu verlangen.<\/li><\/ol><\/li><li>Unter bestimmten, gesetzlich vorgesehenen Umst\u00e4nden hat der Nutzer auch das Recht, der Verarbeitung der ihn betreffenden Daten zu widersprechen.<\/li><\/ol>\n\n\n\n<p class=\"has-text-align-center\"><strong>VI. Schlussbestimmungen<\/strong><\/p>\n\n\n\n<ol class=\"wp-block-list\"><li>Diese Richtlinie ist ab 5. Mai 2022 g\u00fcltig.<\/li><\/ol>\n\n\n\n<p>Der Verantwortlicher beh\u00e4lt sich das Recht vor, diese Politik jederzeit zu \u00e4ndern. Alle \u00c4nderungen werden unverz\u00fcglich auf der Website des Verantwortlichen ver\u00f6ffentlicht.<\/p>","protected":false},"excerpt":{"rendered":"<p>DATENSCHUTZRICHTLINIE F\u00dcR COOKIES I. Allgemeine Bestimmungen Der Verantwortlicher Ihrer personenbezogenen Daten ist die Firma Meissner Kozio\u0142 Kaczmarek &amp; Partner sp\u00f3\u0142ka komandytowa mit Sitz in Pozna\u0144 (60-279), Palaczastr. 144, eingetragen im Unternehmerregister des Landesgerichtsregisters, das vom Amtsgericht Pozna\u0144 &#8211; Nowe Miasto und Wilda in Pozna\u0144, VIII. Handelsabteilung des Landesgerichtsregisters gef\u00fchrt wird, unter der KRS-Nummer: 0000529688, NIP: [&hellip;]<\/p>\n","protected":false},"author":45,"featured_media":0,"parent":0,"menu_order":0,"comment_status":"closed","ping_status":"closed","template":"","meta":{"om_disable_all_campaigns":false,"inline_featured_image":false,"_uf_show_specific_survey":0,"_uf_disable_surveys":false,"footnotes":""},"class_list":["post-5968","page","type-page","status-publish","hentry","has-post-title","has-post-date","has-post-category","has-post-tag","has-post-comment","has-post-author",""],"featured_image_src":null,"yoast_head":"<!-- This site is optimized with the Yoast SEO plugin v27.3 - https:\/\/yoast.com\/product\/yoast-seo-wordpress\/ -->\n<title>Datenschutzrichtlinie f\u00fcr Cookies<\/title>\n<meta name=\"description\" content=\"Datenschutzrichtlinie f\u00fcr Cookies - Kancelaria Prawna - Meissner Kozio\u0142 Kaczmarek &amp; Partner\" \/>\n<meta name=\"robots\" content=\"index, follow, max-snippet:-1, max-image-preview:large, max-video-preview:-1\" \/>\n<link rel=\"canonical\" href=\"https:\/\/mkpartner.com.pl\/de\/datenschutzrichtlinie-fuer-cookies\/\" \/>\n<meta property=\"og:locale\" content=\"de_DE\" \/>\n<meta property=\"og:type\" content=\"article\" \/>\n<meta property=\"og:title\" content=\"Datenschutzrichtlinie f\u00fcr Cookies\" \/>\n<meta property=\"og:description\" content=\"Datenschutzrichtlinie f\u00fcr Cookies - Kancelaria Prawna - Meissner Kozio\u0142 Kaczmarek &amp; Partner\" \/>\n<meta property=\"og:url\" content=\"https:\/\/mkpartner.com.pl\/de\/datenschutzrichtlinie-fuer-cookies\/\" \/>\n<meta property=\"og:site_name\" content=\"Kancelaria Prawna - Meissner Kozio\u0142 Kaczmarek &amp; Partner\" \/>\n<meta property=\"article:publisher\" content=\"https:\/\/www.facebook.com\/mkpartnerPL\" \/>\n<meta property=\"article:modified_time\" content=\"2022-05-11T13:49:19+00:00\" \/>\n<meta property=\"og:image\" content=\"https:\/\/mkpartner.com.pl\/wp-content\/uploads\/2021\/12\/logo-mk-partner.png\" \/>\n\t<meta property=\"og:image:width\" content=\"180\" \/>\n\t<meta property=\"og:image:height\" content=\"33\" \/>\n\t<meta property=\"og:image:type\" content=\"image\/png\" \/>\n<meta name=\"twitter:card\" content=\"summary_large_image\" \/>\n<meta name=\"twitter:site\" content=\"@MKK_Partner\" \/>\n<meta name=\"twitter:label1\" content=\"Gesch\u00e4tzte Lesezeit\" \/>\n\t<meta name=\"twitter:data1\" content=\"8\u00a0Minuten\" \/>\n<script type=\"application\/ld+json\" class=\"yoast-schema-graph\">{\"@context\":\"https:\\\/\\\/schema.org\",\"@graph\":[{\"@type\":\"WebPage\",\"@id\":\"https:\\\/\\\/mkpartner.com.pl\\\/de\\\/datenschutzrichtlinie-fuer-cookies\\\/\",\"url\":\"https:\\\/\\\/mkpartner.com.pl\\\/de\\\/datenschutzrichtlinie-fuer-cookies\\\/\",\"name\":\"Datenschutzrichtlinie f\u00fcr Cookies\",\"isPartOf\":{\"@id\":\"https:\\\/\\\/mkpartner.com.pl\\\/#website\"},\"datePublished\":\"2021-12-02T12:30:34+00:00\",\"dateModified\":\"2022-05-11T13:49:19+00:00\",\"description\":\"Datenschutzrichtlinie f\u00fcr Cookies - Kancelaria Prawna - Meissner Kozio\u0142 Kaczmarek & Partner\",\"inLanguage\":\"de\",\"potentialAction\":[{\"@type\":\"ReadAction\",\"target\":[\"https:\\\/\\\/mkpartner.com.pl\\\/de\\\/datenschutzrichtlinie-fuer-cookies\\\/\"]}]},{\"@type\":\"WebSite\",\"@id\":\"https:\\\/\\\/mkpartner.com.pl\\\/#website\",\"url\":\"https:\\\/\\\/mkpartner.com.pl\\\/\",\"name\":\"Kancelaria Prawna - Meissner Kozio\u0142 Kaczmarek &amp; Partner\",\"description\":\"Kancelaria Prawna\",\"publisher\":{\"@id\":\"https:\\\/\\\/mkpartner.com.pl\\\/#organization\"},\"potentialAction\":[{\"@type\":\"SearchAction\",\"target\":{\"@type\":\"EntryPoint\",\"urlTemplate\":\"https:\\\/\\\/mkpartner.com.pl\\\/?s={search_term_string}\"},\"query-input\":{\"@type\":\"PropertyValueSpecification\",\"valueRequired\":true,\"valueName\":\"search_term_string\"}}],\"inLanguage\":\"de\"},{\"@type\":\"Organization\",\"@id\":\"https:\\\/\\\/mkpartner.com.pl\\\/#organization\",\"name\":\"Kancelaria Prawna Meissner Kozio\u0142 Kaczmarek & Partner\",\"url\":\"https:\\\/\\\/mkpartner.com.pl\\\/\",\"logo\":{\"@type\":\"ImageObject\",\"inLanguage\":\"de\",\"@id\":\"https:\\\/\\\/mkpartner.com.pl\\\/#\\\/schema\\\/logo\\\/image\\\/\",\"url\":\"http:\\\/\\\/wrdcxdb.cluster028.hosting.ovh.net\\\/wp-content\\\/uploads\\\/2021\\\/12\\\/logo-mk-partner.png\",\"contentUrl\":\"http:\\\/\\\/wrdcxdb.cluster028.hosting.ovh.net\\\/wp-content\\\/uploads\\\/2021\\\/12\\\/logo-mk-partner.png\",\"width\":180,\"height\":33,\"caption\":\"Kancelaria Prawna Meissner Kozio\u0142 Kaczmarek & Partner\"},\"image\":{\"@id\":\"https:\\\/\\\/mkpartner.com.pl\\\/#\\\/schema\\\/logo\\\/image\\\/\"},\"sameAs\":[\"https:\\\/\\\/www.facebook.com\\\/mkpartnerPL\",\"https:\\\/\\\/x.com\\\/MKK_Partner\"]}]}<\/script>\n<!-- \/ Yoast SEO plugin. -->","yoast_head_json":{"title":"Datenschutzrichtlinie f\u00fcr Cookies","description":"Datenschutzrichtlinie f\u00fcr Cookies - Kancelaria Prawna - Meissner Kozio\u0142 Kaczmarek & Partner","robots":{"index":"index","follow":"follow","max-snippet":"max-snippet:-1","max-image-preview":"max-image-preview:large","max-video-preview":"max-video-preview:-1"},"canonical":"https:\/\/mkpartner.com.pl\/de\/datenschutzrichtlinie-fuer-cookies\/","og_locale":"de_DE","og_type":"article","og_title":"Datenschutzrichtlinie f\u00fcr Cookies","og_description":"Datenschutzrichtlinie f\u00fcr Cookies - Kancelaria Prawna - Meissner Kozio\u0142 Kaczmarek & Partner","og_url":"https:\/\/mkpartner.com.pl\/de\/datenschutzrichtlinie-fuer-cookies\/","og_site_name":"Kancelaria Prawna - Meissner Kozio\u0142 Kaczmarek &amp; Partner","article_publisher":"https:\/\/www.facebook.com\/mkpartnerPL","article_modified_time":"2022-05-11T13:49:19+00:00","og_image":[{"width":180,"height":33,"url":"https:\/\/mkpartner.com.pl\/wp-content\/uploads\/2021\/12\/logo-mk-partner.png","type":"image\/png"}],"twitter_card":"summary_large_image","twitter_site":"@MKK_Partner","twitter_misc":{"Gesch\u00e4tzte Lesezeit":"8\u00a0Minuten"},"schema":{"@context":"https:\/\/schema.org","@graph":[{"@type":"WebPage","@id":"https:\/\/mkpartner.com.pl\/de\/datenschutzrichtlinie-fuer-cookies\/","url":"https:\/\/mkpartner.com.pl\/de\/datenschutzrichtlinie-fuer-cookies\/","name":"Datenschutzrichtlinie f\u00fcr Cookies","isPartOf":{"@id":"https:\/\/mkpartner.com.pl\/#website"},"datePublished":"2021-12-02T12:30:34+00:00","dateModified":"2022-05-11T13:49:19+00:00","description":"Datenschutzrichtlinie f\u00fcr Cookies - Kancelaria Prawna - Meissner Kozio\u0142 Kaczmarek & Partner","inLanguage":"de","potentialAction":[{"@type":"ReadAction","target":["https:\/\/mkpartner.com.pl\/de\/datenschutzrichtlinie-fuer-cookies\/"]}]},{"@type":"WebSite","@id":"https:\/\/mkpartner.com.pl\/#website","url":"https:\/\/mkpartner.com.pl\/","name":"Kancelaria Prawna - Meissner Kozio\u0142 Kaczmarek &amp; Partner","description":"Kancelaria Prawna","publisher":{"@id":"https:\/\/mkpartner.com.pl\/#organization"},"potentialAction":[{"@type":"SearchAction","target":{"@type":"EntryPoint","urlTemplate":"https:\/\/mkpartner.com.pl\/?s={search_term_string}"},"query-input":{"@type":"PropertyValueSpecification","valueRequired":true,"valueName":"search_term_string"}}],"inLanguage":"de"},{"@type":"Organization","@id":"https:\/\/mkpartner.com.pl\/#organization","name":"Kancelaria Prawna Meissner Kozio\u0142 Kaczmarek & Partner","url":"https:\/\/mkpartner.com.pl\/","logo":{"@type":"ImageObject","inLanguage":"de","@id":"https:\/\/mkpartner.com.pl\/#\/schema\/logo\/image\/","url":"http:\/\/wrdcxdb.cluster028.hosting.ovh.net\/wp-content\/uploads\/2021\/12\/logo-mk-partner.png","contentUrl":"http:\/\/wrdcxdb.cluster028.hosting.ovh.net\/wp-content\/uploads\/2021\/12\/logo-mk-partner.png","width":180,"height":33,"caption":"Kancelaria Prawna Meissner Kozio\u0142 Kaczmarek & Partner"},"image":{"@id":"https:\/\/mkpartner.com.pl\/#\/schema\/logo\/image\/"},"sameAs":["https:\/\/www.facebook.com\/mkpartnerPL","https:\/\/x.com\/MKK_Partner"]}]}},"builder_content":"","_links":{"self":[{"href":"https:\/\/mkpartner.com.pl\/de\/wp-json\/wp\/v2\/pages\/5968","targetHints":{"allow":["GET"]}}],"collection":[{"href":"https:\/\/mkpartner.com.pl\/de\/wp-json\/wp\/v2\/pages"}],"about":[{"href":"https:\/\/mkpartner.com.pl\/de\/wp-json\/wp\/v2\/types\/page"}],"author":[{"embeddable":true,"href":"https:\/\/mkpartner.com.pl\/de\/wp-json\/wp\/v2\/users\/45"}],"replies":[{"embeddable":true,"href":"https:\/\/mkpartner.com.pl\/de\/wp-json\/wp\/v2\/comments?post=5968"}],"version-history":[{"count":0,"href":"https:\/\/mkpartner.com.pl\/de\/wp-json\/wp\/v2\/pages\/5968\/revisions"}],"wp:attachment":[{"href":"https:\/\/mkpartner.com.pl\/de\/wp-json\/wp\/v2\/media?parent=5968"}],"curies":[{"name":"wp","href":"https:\/\/api.w.org\/{rel}","templated":true}]}}