{"id":5978,"date":"2022-05-11T16:07:46","date_gmt":"2022-05-11T14:07:46","guid":{"rendered":"http:\/\/wrdcxdb.cluster028.hosting.ovh.net\/?page_id=5978"},"modified":"2022-05-11T16:12:11","modified_gmt":"2022-05-11T14:12:11","slug":"informationsklausel","status":"publish","type":"page","link":"https:\/\/mkpartner.com.pl\/de\/informationsklausel\/","title":{"rendered":"Informationsklausel"},"content":{"rendered":"<!--themify_builder_content-->\n<div id=\"themify_builder_content-5978\" data-postid=\"5978\" class=\"themify_builder_content themify_builder_content-5978 themify_builder tf_clear\">\n    <\/div>\n<!--\/themify_builder_content-->\n\n\n<h1 class=\"has-text-align-center wp-block-heading\" style=\"margin-top: 1em;\">Informationsklausel<\/h1>\n\n\n\n<ol class=\"wp-block-list\"><li>Gem\u00e4\u00df Artikel 13 Absatz 1 der Verordnung (EU) 2016\/679<\/li><\/ol>\n\n\n\n<p>des Europ\u00e4ischen Parlaments und des Rates vom 27. April 2016. zum Schutz nat\u00fcrlicher Personen bei der Verarbeitung personenbezogener Daten, zum freien Datenverkehr und zur Aufhebung der Richtlinie 95\/46\/EG (im Folgenden: \u201eRODO\u201c) teilen wir Ihnen mit, dass der Verantwortlicher Ihrer personenbezogenen Daten Meissner Kozio\u0142 Kaczmarek &amp; Partner sp\u00f3\u0142ka komandytowa mit Sitz in Pozna\u0144 (60-279), Palaczastr. 144, eingetragen im Unternehmerregister unter der KRS-Nummer: 0000529688, REGON: 302862245, NIP: 7831718502, im Folgenden: der &#8222;Verantwortlicher&#8220;, ist.<\/p>\n\n\n\n<ol class=\"wp-block-list\" start=\"2\"><li>Der Verantwortlicher verarbeitet Ihre personenbezogenen Daten auf der Grundlage von:<ol type=\"a\"><li>Artikel 6 Absatz 1 Buchstabe a) der RODO &#8211; auf der Grundlage und im Umfang Ihrer etwaigen Einwilligung;<\/li><li><a><\/a> Artikel 6 Absatz 1 Buchstabe b) der RODO &#8211; zur ordnungsgem\u00e4\u00dfen Erf\u00fcllung des Vertrags, der Sie an den Verantwortlicher bindet;<\/li><li>Artikel 6 Absatz 1 Buchstabe c) der RODO &#8211; um einer rechtlichen Verpflichtung zu&nbsp;erf\u00fcllen, der der Verantwortlicher unterliegt, einschlie\u00dflich der Verpflichtung, Personen, deren Daten der Verantwortlicher von Dritten erhalten hat, Auskunft zu erteilen;<\/li><li>Artikel 6 Absatz 1 Buchstabe f) RODO &#8211; zur Verfolgung der berechtigten Interessen des Verantwortlichen, d. h. zur Sicherung von Beweisen, die eine Grundlage f\u00fcr Anspr\u00fcche des Verantwortlichen bilden k\u00f6nnten, oder zur Abwehr von an den Verantwortlicher gerichteten Anspr\u00fcchen<\/li><li>Artikel 9 Absatz 2 Buchstabe a) der RODO &#8211; auf der Grundlage und im Umfang Ihrer Einwilligung, wenn Sie Ihre Einwilligung gegeben haben und es sich bei den von Ihnen bereitgestellten Daten um sensible Daten handelt;<\/li><li>Artikel 9 Absatz 2 Buchstabe f) RODO &#8211; im Falle der \u00dcbermittlung sensibler Daten an den Verantwortlicher zur Geltendmachung Ihrer Anspr\u00fcche, soweit dies zur Feststellung, Geltendmachung oder Verteidigung dieser Anspr\u00fcche erforderlich ist.<\/li><\/ol><\/li><li>Der Verantwortlicher verarbeitet folgende personenbezogene Daten: Vor- und Nachname, Geburtsdatum, Wohnanschrift (Postanschrift), IdNr (PESEL). Je nach Art und Zweck des abgeschlossenen Vertrages kann der Verantwortlicher auch andere von Ihnen angegebene personenbezogene Daten verarbeiten, darunter: Nummer und Serie Ihres Personalausweises, Gesundheitsdaten (insbesondere in Bezug auf die erlittene Verletzung), Staatsangeh\u00f6rigkeit, Alter, Wohnanschrift, Steuer-Identifikationsnummer (NIP), <a href=\"https:\/\/de.pons.com\/%C3%BCbersetzung\/deutsch-polnisch\/Umsatzsteuer-Nummer\">Umsatzsteuer-Nummer<\/a> (REGON), Familienstandsdaten, Telefonnummer, E-Mail-Adresse sowie alle anderen Daten, die durch allgemein geltende Gesetze vorgeschrieben oder f\u00fcr die ordnungsgem\u00e4\u00dfe Erf\u00fcllung des von Ihnen mit dem Verantwortlicher abgeschlossenen Vertrages erforderlich sind.<\/li><li>Die von Ihnen zur Verf\u00fcgung gestellten personenbezogenen Daten werden gespeichert:<ol type=\"a\"><li>die Laufzeit des Vertrages, oder<\/li><li>den Zeitraum, der f\u00fcr die Erf\u00fcllung der gesetzlichen Verpflichtungen des Verantwortlichen erforderlich ist, oder<\/li><li>den Zeitraum, der zur Feststellung, Geltendmachung oder Verteidigung Ihrer Anspr\u00fcche erforderlich ist, oder<\/li><li>den Zeitraum, der f\u00fcr die Durchf\u00fchrung der T\u00e4tigkeiten erforderlich ist, f\u00fcr die Sie Ihre Zustimmung gegeben haben, oder;<\/li><li>den Zeitraum, der zur Verfolgung der berechtigten Interessen des Verantwortlichen erforderlich ist,<\/li><\/ol><\/li><\/ol>\n\n\n\n<p>und auch f\u00fcr den Zeitraum, den das allgemein geltende Recht vorschreibt.<\/p>\n\n\n\n<ol class=\"wp-block-list\" start=\"5\"><li>Der Empf\u00e4nger Ihrer personenbezogenen Daten ist der Verantwortlicher und die Personen, die befugt sind, personenbezogene Daten in seinem Namen zu verarbeiten, sowie die Einrichtungen, mit denen der Verantwortlicher eine Vereinbarung \u00fcber die Verarbeitung personenbezogener Daten getroffen hat.<\/li><li>Der Verantwortlicher kann Ihre personenbezogenen Daten den Einrichtungen zur Verf\u00fcgung stellen, mit denen er eine Vereinbarung \u00fcber die \u00dcbertragung der Verarbeitung personenbezogener Daten geschlossen hat, einschlie\u00dflich der Einrichtungen, die ihn im Bereich der Finanz- und Buchhaltungsdienste, der IT und der Kurierdienste unterst\u00fctzen. Im Zusammenhang mit der Gew\u00e4hrung von Rechtshilfe kann der Verantwortlicher Ihre personenbezogenen Daten Gerichten und \u00f6ffentlichen Verwaltungsstellen zur Verf\u00fcgung stellen, wenn dies f\u00fcr die ordnungsgem\u00e4\u00dfe Erf\u00fcllung des Vertrags erforderlich ist.<\/li><li>Wir informieren Sie dar\u00fcber, dass Sie das Recht auf Zugang zu den bereitgestellten personenbezogenen Daten, das Recht auf Berichtigung, Vervollst\u00e4ndigung, L\u00f6schung, Einschr\u00e4nkung der Verarbeitung, \u00dcbermittlung an einen anderen f\u00fcr die Verarbeitung Verantwortlichen (im Rahmen von Artikel 20 von RODO) sowie das Recht haben, der Verarbeitung personenbezogener Daten zu widersprechen und eine Beschwerde beim Pr\u00e4sidenten des Amtes f\u00fcr den Schutz personenbezogener Daten einzureichen, wenn Sie der Ansicht sind, dass die Verarbeitung personenbezogener Daten gegen die Bestimmungen von RODO verst\u00f6\u00dft. Sie haben au\u00dferdem das Recht, Ihre Einwilligung in die Verarbeitung personenbezogener Daten jederzeit zu widerrufen, ohne dass die Rechtm\u00e4\u00dfigkeit der Verarbeitung, die vor dem Widerruf auf der Grundlage der Einwilligung erfolgt ist, ber\u00fchrt wird.<\/li><li>Ihre personenbezogenen Daten werden nicht in ein Drittland im Sinne von RODO oder an eine internationale Organisation \u00fcbermittelt.<\/li><li>Ihre personenbezogenen Daten werden nicht automatisiert verarbeitet.<\/li><li>Die Bereitstellung Ihrer personenbezogenen Daten ist eine Voraussetzung f\u00fcr den Abschluss eines Vertrages mit dem Verantwortlicher und f\u00fcr dessen Durchf\u00fchrung erforderlich.<\/li><\/ol>","protected":false},"excerpt":{"rendered":"<p>Informationsklausel Gem\u00e4\u00df Artikel 13 Absatz 1 der Verordnung (EU) 2016\/679 des Europ\u00e4ischen Parlaments und des Rates vom 27. April 2016. zum Schutz nat\u00fcrlicher Personen bei der Verarbeitung personenbezogener Daten, zum freien Datenverkehr und zur Aufhebung der Richtlinie 95\/46\/EG (im Folgenden: \u201eRODO\u201c) teilen wir Ihnen mit, dass der Verantwortlicher Ihrer personenbezogenen Daten Meissner Kozio\u0142 Kaczmarek &amp; [&hellip;]<\/p>\n","protected":false},"author":45,"featured_media":0,"parent":0,"menu_order":0,"comment_status":"closed","ping_status":"closed","template":"","meta":{"om_disable_all_campaigns":false,"inline_featured_image":false,"_uf_show_specific_survey":0,"_uf_disable_surveys":false,"footnotes":""},"class_list":["post-5978","page","type-page","status-publish","hentry","has-post-title","has-post-date","has-post-category","has-post-tag","has-post-comment","has-post-author",""],"featured_image_src":null,"yoast_head":"<!-- This site is optimized with the Yoast SEO plugin v27.4 - https:\/\/yoast.com\/product\/yoast-seo-wordpress\/ -->\n<title>Informationsklausel<\/title>\n<meta name=\"description\" content=\"Informationsklausel - Kancelaria Prawna - Meissner Kozio\u0142 Kaczmarek &amp; Partner\" \/>\n<meta name=\"robots\" content=\"index, follow, max-snippet:-1, max-image-preview:large, max-video-preview:-1\" \/>\n<link rel=\"canonical\" href=\"https:\/\/mkpartner.com.pl\/de\/informationsklausel\/\" \/>\n<meta property=\"og:locale\" content=\"de_DE\" \/>\n<meta property=\"og:type\" content=\"article\" \/>\n<meta property=\"og:title\" content=\"Informationsklausel\" \/>\n<meta property=\"og:description\" content=\"Informationsklausel - Kancelaria Prawna - Meissner Kozio\u0142 Kaczmarek &amp; Partner\" \/>\n<meta property=\"og:url\" content=\"https:\/\/mkpartner.com.pl\/de\/informationsklausel\/\" \/>\n<meta property=\"og:site_name\" content=\"Kancelaria Prawna - Meissner Kozio\u0142 Kaczmarek &amp; Partner\" \/>\n<meta property=\"article:publisher\" content=\"https:\/\/www.facebook.com\/mkpartnerPL\" \/>\n<meta property=\"article:modified_time\" content=\"2022-05-11T14:12:11+00:00\" \/>\n<meta property=\"og:image\" content=\"https:\/\/mkpartner.com.pl\/wp-content\/uploads\/2021\/12\/logo-mk-partner.png\" \/>\n\t<meta property=\"og:image:width\" content=\"180\" \/>\n\t<meta property=\"og:image:height\" content=\"33\" \/>\n\t<meta property=\"og:image:type\" content=\"image\/png\" \/>\n<meta name=\"twitter:card\" content=\"summary_large_image\" \/>\n<meta name=\"twitter:site\" content=\"@MKK_Partner\" \/>\n<meta name=\"twitter:label1\" content=\"Gesch\u00e4tzte Lesezeit\" \/>\n\t<meta name=\"twitter:data1\" content=\"5\u00a0Minuten\" \/>\n<script type=\"application\/ld+json\" class=\"yoast-schema-graph\">{\"@context\":\"https:\\\/\\\/schema.org\",\"@graph\":[{\"@type\":\"WebPage\",\"@id\":\"https:\\\/\\\/mkpartner.com.pl\\\/de\\\/informationsklausel\\\/\",\"url\":\"https:\\\/\\\/mkpartner.com.pl\\\/de\\\/informationsklausel\\\/\",\"name\":\"Informationsklausel\",\"isPartOf\":{\"@id\":\"https:\\\/\\\/mkpartner.com.pl\\\/#website\"},\"datePublished\":\"2022-05-11T14:07:46+00:00\",\"dateModified\":\"2022-05-11T14:12:11+00:00\",\"description\":\"Informationsklausel - Kancelaria Prawna - Meissner Kozio\u0142 Kaczmarek & Partner\",\"inLanguage\":\"de\",\"potentialAction\":[{\"@type\":\"ReadAction\",\"target\":[\"https:\\\/\\\/mkpartner.com.pl\\\/de\\\/informationsklausel\\\/\"]}]},{\"@type\":\"WebSite\",\"@id\":\"https:\\\/\\\/mkpartner.com.pl\\\/#website\",\"url\":\"https:\\\/\\\/mkpartner.com.pl\\\/\",\"name\":\"Kancelaria Prawna - Meissner Kozio\u0142 Kaczmarek &amp; Partner\",\"description\":\"Kancelaria Prawna\",\"publisher\":{\"@id\":\"https:\\\/\\\/mkpartner.com.pl\\\/#organization\"},\"potentialAction\":[{\"@type\":\"SearchAction\",\"target\":{\"@type\":\"EntryPoint\",\"urlTemplate\":\"https:\\\/\\\/mkpartner.com.pl\\\/?s={search_term_string}\"},\"query-input\":{\"@type\":\"PropertyValueSpecification\",\"valueRequired\":true,\"valueName\":\"search_term_string\"}}],\"inLanguage\":\"de\"},{\"@type\":\"Organization\",\"@id\":\"https:\\\/\\\/mkpartner.com.pl\\\/#organization\",\"name\":\"Kancelaria Prawna Meissner Kozio\u0142 Kaczmarek & Partner\",\"url\":\"https:\\\/\\\/mkpartner.com.pl\\\/\",\"logo\":{\"@type\":\"ImageObject\",\"inLanguage\":\"de\",\"@id\":\"https:\\\/\\\/mkpartner.com.pl\\\/#\\\/schema\\\/logo\\\/image\\\/\",\"url\":\"http:\\\/\\\/wrdcxdb.cluster028.hosting.ovh.net\\\/wp-content\\\/uploads\\\/2021\\\/12\\\/logo-mk-partner.png\",\"contentUrl\":\"http:\\\/\\\/wrdcxdb.cluster028.hosting.ovh.net\\\/wp-content\\\/uploads\\\/2021\\\/12\\\/logo-mk-partner.png\",\"width\":180,\"height\":33,\"caption\":\"Kancelaria Prawna Meissner Kozio\u0142 Kaczmarek & Partner\"},\"image\":{\"@id\":\"https:\\\/\\\/mkpartner.com.pl\\\/#\\\/schema\\\/logo\\\/image\\\/\"},\"sameAs\":[\"https:\\\/\\\/www.facebook.com\\\/mkpartnerPL\",\"https:\\\/\\\/x.com\\\/MKK_Partner\"]}]}<\/script>\n<!-- \/ Yoast SEO plugin. -->","yoast_head_json":{"title":"Informationsklausel","description":"Informationsklausel - Kancelaria Prawna - Meissner Kozio\u0142 Kaczmarek & Partner","robots":{"index":"index","follow":"follow","max-snippet":"max-snippet:-1","max-image-preview":"max-image-preview:large","max-video-preview":"max-video-preview:-1"},"canonical":"https:\/\/mkpartner.com.pl\/de\/informationsklausel\/","og_locale":"de_DE","og_type":"article","og_title":"Informationsklausel","og_description":"Informationsklausel - Kancelaria Prawna - Meissner Kozio\u0142 Kaczmarek & Partner","og_url":"https:\/\/mkpartner.com.pl\/de\/informationsklausel\/","og_site_name":"Kancelaria Prawna - Meissner Kozio\u0142 Kaczmarek &amp; Partner","article_publisher":"https:\/\/www.facebook.com\/mkpartnerPL","article_modified_time":"2022-05-11T14:12:11+00:00","og_image":[{"width":180,"height":33,"url":"https:\/\/mkpartner.com.pl\/wp-content\/uploads\/2021\/12\/logo-mk-partner.png","type":"image\/png"}],"twitter_card":"summary_large_image","twitter_site":"@MKK_Partner","twitter_misc":{"Gesch\u00e4tzte Lesezeit":"5\u00a0Minuten"},"schema":{"@context":"https:\/\/schema.org","@graph":[{"@type":"WebPage","@id":"https:\/\/mkpartner.com.pl\/de\/informationsklausel\/","url":"https:\/\/mkpartner.com.pl\/de\/informationsklausel\/","name":"Informationsklausel","isPartOf":{"@id":"https:\/\/mkpartner.com.pl\/#website"},"datePublished":"2022-05-11T14:07:46+00:00","dateModified":"2022-05-11T14:12:11+00:00","description":"Informationsklausel - Kancelaria Prawna - Meissner Kozio\u0142 Kaczmarek & Partner","inLanguage":"de","potentialAction":[{"@type":"ReadAction","target":["https:\/\/mkpartner.com.pl\/de\/informationsklausel\/"]}]},{"@type":"WebSite","@id":"https:\/\/mkpartner.com.pl\/#website","url":"https:\/\/mkpartner.com.pl\/","name":"Kancelaria Prawna - Meissner Kozio\u0142 Kaczmarek &amp; Partner","description":"Kancelaria Prawna","publisher":{"@id":"https:\/\/mkpartner.com.pl\/#organization"},"potentialAction":[{"@type":"SearchAction","target":{"@type":"EntryPoint","urlTemplate":"https:\/\/mkpartner.com.pl\/?s={search_term_string}"},"query-input":{"@type":"PropertyValueSpecification","valueRequired":true,"valueName":"search_term_string"}}],"inLanguage":"de"},{"@type":"Organization","@id":"https:\/\/mkpartner.com.pl\/#organization","name":"Kancelaria Prawna Meissner Kozio\u0142 Kaczmarek & Partner","url":"https:\/\/mkpartner.com.pl\/","logo":{"@type":"ImageObject","inLanguage":"de","@id":"https:\/\/mkpartner.com.pl\/#\/schema\/logo\/image\/","url":"http:\/\/wrdcxdb.cluster028.hosting.ovh.net\/wp-content\/uploads\/2021\/12\/logo-mk-partner.png","contentUrl":"http:\/\/wrdcxdb.cluster028.hosting.ovh.net\/wp-content\/uploads\/2021\/12\/logo-mk-partner.png","width":180,"height":33,"caption":"Kancelaria Prawna Meissner Kozio\u0142 Kaczmarek & Partner"},"image":{"@id":"https:\/\/mkpartner.com.pl\/#\/schema\/logo\/image\/"},"sameAs":["https:\/\/www.facebook.com\/mkpartnerPL","https:\/\/x.com\/MKK_Partner"]}]}},"builder_content":"","_links":{"self":[{"href":"https:\/\/mkpartner.com.pl\/de\/wp-json\/wp\/v2\/pages\/5978","targetHints":{"allow":["GET"]}}],"collection":[{"href":"https:\/\/mkpartner.com.pl\/de\/wp-json\/wp\/v2\/pages"}],"about":[{"href":"https:\/\/mkpartner.com.pl\/de\/wp-json\/wp\/v2\/types\/page"}],"author":[{"embeddable":true,"href":"https:\/\/mkpartner.com.pl\/de\/wp-json\/wp\/v2\/users\/45"}],"replies":[{"embeddable":true,"href":"https:\/\/mkpartner.com.pl\/de\/wp-json\/wp\/v2\/comments?post=5978"}],"version-history":[{"count":0,"href":"https:\/\/mkpartner.com.pl\/de\/wp-json\/wp\/v2\/pages\/5978\/revisions"}],"wp:attachment":[{"href":"https:\/\/mkpartner.com.pl\/de\/wp-json\/wp\/v2\/media?parent=5978"}],"curies":[{"name":"wp","href":"https:\/\/api.w.org\/{rel}","templated":true}]}}