{"id":8172,"date":"2023-12-28T18:56:14","date_gmt":"2023-12-28T17:56:14","guid":{"rendered":"https:\/\/mkpartner.com.pl\/teams\/"},"modified":"2025-03-04T16:22:13","modified_gmt":"2025-03-04T15:22:13","slug":"teams","status":"publish","type":"page","link":"https:\/\/mkpartner.com.pl\/de\/teams\/","title":{"rendered":"TEAMS"},"content":{"rendered":"<!--themify_builder_content-->\n<div id=\"themify_builder_content-8172\" data-postid=\"8172\" class=\"themify_builder_content themify_builder_content-8172 themify_builder tf_clear\">\n    \t\t\t\t<!-- module_row -->\n\t\t<div  data-css_id=\"d12t895\" data-lazy=\"1\" class=\"module_row themify_builder_row baner fullwidth tb_d12t895 tb_first tf_w tf_clearfix\">\n\t\t\t\t\t<div class=\"row_inner col_align_top tb_col_count_1 tf_box tf_rel\">\n\t\t\t\t\t<div  data-lazy=\"1\" class=\"module_column tb-column col-full tb_xgvl895 first\">\n\t\t\t\t\t\t\t\t\t<div class=\"tb-column-inner tf_box tf_w\">\n\t\t\t\t<!-- module fancy heading -->\n<div  class=\"module module-fancy-heading tb_fxmk895  tb_hide_divider\" data-lazy=\"1\">\n\t    <h1 class=\"fancy-heading tf_textc\">\n    <span class=\"main-head tf_block\">\n\t\t\t\t\tUNSERE TEAMS\t\t    <\/span>\n\n\t\n    <span class=\"sub-head tf_block tf_rel\">\n\t\t\t\t\t\t\t    <\/span>\n    <\/h1>\n<\/div>\n<!-- \/module fancy heading -->\n\t\t\t\t<\/div><!-- .tb-column-inner -->\n\t\t\t\t\t\t<\/div><!-- .module_column -->\n\t\t\t\t\t\t<\/div><!-- .row_inner -->\n\t\t<\/div><!-- .module_row -->\n\t\t\t\t\t\t\t\t<!-- module_row -->\n\t\t<div  data-lazy=\"1\" class=\"module_row themify_builder_row tb_vh23561 tf_w tf_clearfix\">\n\t\t\t\t\t<div class=\"row_inner col_align_top tb_col_count_3 tf_box tf_rel\">\n\t\t\t\t\t<div  data-lazy=\"1\" class=\"module_column tb-column col3-1 tb_hs6e561 first\">\n\t\t\t\t\t\t\t\t\t<div class=\"tb-column-inner tf_box tf_w\">\n\t\t\t\t<!-- module image -->\n<div  class=\"module module-image tb_et40561  my-img image-center tf_mw\" data-lazy=\"1\">\n        <div class=\"image-wrap tf_rel tf_mw\">\n\t\t    <a href=\"\/de\/team-posen\/\"\n\t       \t       >\n\t\t   \t\t<img decoding=\"async\" src=\"https:\/\/mkpartner.com.pl\/wp-content\/uploads\/2025\/03\/poznan-168x168.png\" width=\"168\" height=\"168\" class=\"wp-post-image wp-image-9021\" title=\"Posen\" alt=\"Posen\" srcset=\"https:\/\/mkpartner.com.pl\/wp-content\/uploads\/2025\/03\/poznan-168x168.png 168w, https:\/\/mkpartner.com.pl\/wp-content\/uploads\/2025\/03\/poznan-300x300.png 300w, https:\/\/mkpartner.com.pl\/wp-content\/uploads\/2025\/03\/poznan-150x150.png 150w, https:\/\/mkpartner.com.pl\/wp-content\/uploads\/2025\/03\/poznan.png 612w\" sizes=\"(max-width: 168px) 100vw, 168px\" \/>\t    <\/a>\n\t\n\t\t<\/div>\n\t<!-- \/image-wrap -->\n    \n    \t<div class=\"image-content\">\n\t    \t\t\t<h3 class=\"image-title\">\n\t\t\t\t\t\t\t\t\t<a href=\"\/de\/team-posen\/\" \n\t\t\t\t\t   \t\t\t\t\t   >\n\t\t\t\t\t\t   Posen\t\t\t\t\t<\/a>\n\t\t\t\t\t\t\t<\/h3>\n\t    \n\t    \t<\/div>\n\t<!-- \/image-content -->\n    \t<\/div>\n<!-- \/module image -->\t\t\t\t<\/div><!-- .tb-column-inner -->\n\t\t\t\t\t\t<\/div><!-- .module_column -->\n\t\t\t\t\t<div  data-lazy=\"1\" class=\"module_column tb-column col3-1 tb_r9l2561\">\n\t\t\t\t\t\t\t\t\t<div class=\"tb-column-inner tf_box tf_w\">\n\t\t\t\t<!-- module image -->\n<div  class=\"module module-image tb_5p4v561  my-img image-center tf_mw\" data-lazy=\"1\">\n        <div class=\"image-wrap tf_rel tf_mw\">\n\t\t    <a href=\"\/de\/team-warschau\/\"\n\t       \t       >\n\t\t   \t\t<img decoding=\"async\" src=\"https:\/\/mkpartner.com.pl\/wp-content\/uploads\/2025\/03\/warszawa-168x168.png\" width=\"168\" height=\"168\" class=\"wp-post-image wp-image-9022\" title=\"Warschau\" alt=\"Warschau\" srcset=\"https:\/\/mkpartner.com.pl\/wp-content\/uploads\/2025\/03\/warszawa-168x168.png 168w, https:\/\/mkpartner.com.pl\/wp-content\/uploads\/2025\/03\/warszawa-300x300.png 300w, https:\/\/mkpartner.com.pl\/wp-content\/uploads\/2025\/03\/warszawa-150x150.png 150w, https:\/\/mkpartner.com.pl\/wp-content\/uploads\/2025\/03\/warszawa.png 612w\" sizes=\"(max-width: 168px) 100vw, 168px\" \/>\t    <\/a>\n\t\n\t\t<\/div>\n\t<!-- \/image-wrap -->\n    \n    \t<div class=\"image-content\">\n\t    \t\t\t<h3 class=\"image-title\">\n\t\t\t\t\t\t\t\t\t<a href=\"\/de\/team-warschau\/\" \n\t\t\t\t\t   \t\t\t\t\t   >\n\t\t\t\t\t\t   Warschau\t\t\t\t\t<\/a>\n\t\t\t\t\t\t\t<\/h3>\n\t    \n\t    \t<\/div>\n\t<!-- \/image-content -->\n    \t<\/div>\n<!-- \/module image -->\t\t\t\t<\/div><!-- .tb-column-inner -->\n\t\t\t\t\t\t<\/div><!-- .module_column -->\n\t\t\t\t\t<div  data-lazy=\"1\" class=\"module_column tb-column col3-1 tb_xd92562 last\">\n\t\t\t\t\t\t\t\t\t<div class=\"tb-column-inner tf_box tf_w\">\n\t\t\t\t<!-- module image -->\n<div  class=\"module module-image tb_q4la562  my-img image-center tf_mw\" data-lazy=\"1\">\n        <div class=\"image-wrap tf_rel tf_mw\">\n\t\t    <a href=\"\/de\/team-berlin\/\"\n\t       \t       >\n\t\t   \t\t<img decoding=\"async\" src=\"https:\/\/mkpartner.com.pl\/wp-content\/uploads\/2025\/03\/berlin-168x168.png\" width=\"168\" height=\"168\" class=\"wp-post-image wp-image-9023\" title=\"Berlin\" alt=\"Berlin\" srcset=\"https:\/\/mkpartner.com.pl\/wp-content\/uploads\/2025\/03\/berlin-168x168.png 168w, https:\/\/mkpartner.com.pl\/wp-content\/uploads\/2025\/03\/berlin-300x300.png 300w, https:\/\/mkpartner.com.pl\/wp-content\/uploads\/2025\/03\/berlin-150x150.png 150w, https:\/\/mkpartner.com.pl\/wp-content\/uploads\/2025\/03\/berlin.png 612w\" sizes=\"(max-width: 168px) 100vw, 168px\" \/>\t    <\/a>\n\t\n\t\t<\/div>\n\t<!-- \/image-wrap -->\n    \n    \t<div class=\"image-content\">\n\t    \t\t\t<h3 class=\"image-title\">\n\t\t\t\t\t\t\t\t\t<a href=\"\/de\/team-berlin\/\" \n\t\t\t\t\t   \t\t\t\t\t   >\n\t\t\t\t\t\t   Berlin\t\t\t\t\t<\/a>\n\t\t\t\t\t\t\t<\/h3>\n\t    \n\t    \t<\/div>\n\t<!-- \/image-content -->\n    \t<\/div>\n<!-- \/module image -->\t\t\t\t<\/div><!-- .tb-column-inner -->\n\t\t\t\t\t\t<\/div><!-- .module_column -->\n\t\t\t\t\t\t<\/div><!-- .row_inner -->\n\t\t<\/div><!-- .module_row -->\n\t\t\t\t\t\t\t\t<!-- module_row -->\n\t\t<div  data-css_id=\"85sa599\" data-lazy=\"1\" class=\"module_row themify_builder_row fullwidth tb_85sa599 tf_w tf_clearfix\">\n\t\t\t\t\t<div class=\"row_inner col_align_top tb_col_count_1 tf_box tf_rel\">\n\t\t\t\t\t<div  data-lazy=\"1\" class=\"module_column tb-column col-full tb_qh4f600 first\">\n\t\t\t\t\t\t\t\t\t<div class=\"tb-column-inner tf_box tf_w\">\n\t\t\t\t<!-- module template_part -->\n<div  class=\"module module-layout-part tb_26l2600 \">\n    <div class=\"tb_layout_part_wrap tf_w\"><!--themify_builder_content-->\n    <div  class=\"themify_builder_content themify_builder_content-4421 themify_builder not_editable_builder in_the_loop\" data-postid=\"4421\">\n        \t\t\t\t<!-- module_row -->\n\t\t<div  data-lazy=\"1\" class=\"module_row themify_builder_row tb_wp5s243 tf_w tf_clearfix\">\n\t\t\t\t\t<div class=\"row_inner col_align_top tb_col_count_1 tf_box tf_rel\">\n\t\t\t\t\t<div  data-lazy=\"1\" class=\"module_column tb-column col-full tb_fnzh243 first\">\n\t\t\t\t\t\t\t\t\t<div class=\"tb-column-inner tf_box tf_w\">\n\t\t\t\t<!-- module text -->\n<div  class=\"module module-text tb_6xvi964    wow\" data-tf-animation=\"slideInUp\" data-lazy=\"1\">\n        <div  class=\"tb_text_wrap\">\n    <p style=\"text-align: center;\"><strong>WIE K\u00d6NNEN SIE SICH MIT UNS IN VERBINDUNG SETZEN?<\/strong><\/p>    <\/div>\n<\/div>\n<!-- \/module text -->\t\t<div  data-lazy=\"1\" class=\"module_subrow themify_builder_sub_row tb_in59692 tf_w tf_clearfix\">\n\t\t\t\t\t<div class=\"subrow_inner col_align_top tb_col_count_3 tf_box tf_w\">\n\t\t\t\t\t<div  data-lazy=\"1\" class=\"module_column sub_column col3-1 tb_k5mb693 first\">\n\t\t\t\t\t\t\t\t\t<div class=\"tb-column-inner tf_box tf_w\">\n\t\t\t\t<!-- module text -->\n<div  class=\"module module-text tb_ybzu301    wow\" data-tf-animation=\"slideInUp\" data-lazy=\"1\">\n        <div  class=\"tb_text_wrap\">\n    <p style=\"text-align: center;\"><strong>WARSCHAU<\/strong><\/p><p style=\"text-align: center;\">Wsp\u00f3lna Str. 70<\/p><p style=\"text-align: center;\">00-687 Warszawa<\/p><p style=\"text-align: center;\"><a href=\"mailto:warszawa@mkpartner.com.pl\">warszawa@mkpartner.com.pl<\/a><\/p>    <\/div>\n<\/div>\n<!-- \/module text -->\t\t\t\t<\/div><!-- .tb-column-inner -->\n\t\t\t\t\t\t<\/div><!-- .module_column -->\n\t\t\t\t\t<div  data-lazy=\"1\" class=\"module_column sub_column col3-1 tb_2ktv693\">\n\t\t\t\t\t\t\t\t\t<div class=\"tb-column-inner tf_box tf_w\">\n\t\t\t\t<!-- module text -->\n<div  class=\"module module-text tb_1bhr695    wow\" data-tf-animation=\"slideInUp\" data-lazy=\"1\">\n        <div  class=\"tb_text_wrap\">\n    <p style=\"text-align: center;\"><strong>POSEN<\/strong><\/p>\n<p style=\"text-align: center;\">Wolszty\u0144ska Str. 5, 60-361 Pozna\u0144<\/p>\n<p style=\"text-align: center;\">+48\u00a0798\u00a0607\u00a0482<\/p>\n<p style=\"text-align: center;\"><a href=\"mailto:poznan@mkpartner.com.pl\">poznan@mkpartner.com.pl<\/a><\/p>    <\/div>\n<\/div>\n<!-- \/module text -->\t\t\t\t<\/div><!-- .tb-column-inner -->\n\t\t\t\t\t\t<\/div><!-- .module_column -->\n\t\t\t\t\t<div  data-lazy=\"1\" class=\"module_column sub_column col3-1 tb_67dv693 last\">\n\t\t\t\t\t\t\t\t\t<div class=\"tb-column-inner tf_box tf_w\">\n\t\t\t\t<!-- module text -->\n<div  class=\"module module-text tb_xelv7    wow\" data-tf-animation=\"slideInUp\" data-lazy=\"1\">\n        <div  class=\"tb_text_wrap\">\n    <p style=\"text-align: center;\"><strong>BERLIN<\/strong><\/p><p style=\"text-align: center;\">Dietzgenstra\u00dfe 85<\/p><p style=\"text-align: center;\">13156 Berlin<\/p><p style=\"text-align: center;\"><a href=\"mailto:berlin@mkpartner.com.pl\">berlin@mkpartner.com.pl<\/a><\/p>    <\/div>\n<\/div>\n<!-- \/module text -->\t\t\t\t<\/div><!-- .tb-column-inner -->\n\t\t\t\t\t\t<\/div><!-- .module_column -->\n\t\t\t\t\t\t<\/div><!-- .subrow_inner -->\n\t\t<\/div><!-- .themify_builder_sub_row -->\n\t\t\t\t\t\t\t\t<\/div><!-- .tb-column-inner -->\n\t\t\t\t\t\t<\/div><!-- .module_column -->\n\t\t\t\t\t\t<\/div><!-- .row_inner -->\n\t\t<\/div><!-- .module_row -->\n\t\t\t\t    <\/div>\n<!--\/themify_builder_content--><\/div>\n<\/div>\n<!-- \/module template_part -->\t\t\t\t<\/div><!-- .tb-column-inner -->\n\t\t\t\t\t\t<\/div><!-- .module_column -->\n\t\t\t\t\t\t<\/div><!-- .row_inner -->\n\t\t<\/div><!-- .module_row -->\n\t\t\t\t<\/div>\n<!--\/themify_builder_content-->","protected":false},"excerpt":{"rendered":"<p>UNSERE TEAMS Posen Warschau Berlin WIE K\u00d6NNEN SIE SICH MIT UNS IN VERBINDUNG SETZEN? WARSCHAU Wsp\u00f3lna Str. 70 00-687 Warszawa warszawa@mkpartner.com.pl POSEN Wolszty\u0144ska Str. 5, 60-361 Pozna\u0144 +48\u00a0798\u00a0607\u00a0482 poznan@mkpartner.com.pl BERLIN Dietzgenstra\u00dfe 85 13156 Berlin berlin@mkpartner.com.pl<\/p>\n","protected":false},"author":45,"featured_media":0,"parent":0,"menu_order":0,"comment_status":"closed","ping_status":"closed","template":"","meta":{"om_disable_all_campaigns":false,"inline_featured_image":false,"_uf_show_specific_survey":0,"_uf_disable_surveys":false,"footnotes":""},"class_list":["post-8172","page","type-page","status-publish","hentry","has-post-title","has-post-date","has-post-category","has-post-tag","has-post-comment","has-post-author",""],"featured_image_src":null,"yoast_head":"<!-- This site is optimized with the Yoast SEO plugin v27.3 - https:\/\/yoast.com\/product\/yoast-seo-wordpress\/ -->\n<title>TEAMS<\/title>\n<meta name=\"description\" content=\"TEAMS - Kancelaria Prawna - Meissner Kozio\u0142 Kaczmarek &amp; Partner\" \/>\n<meta name=\"robots\" content=\"index, follow, max-snippet:-1, max-image-preview:large, max-video-preview:-1\" \/>\n<link rel=\"canonical\" href=\"https:\/\/mkpartner.com.pl\/de\/teams\/\" \/>\n<meta property=\"og:locale\" content=\"de_DE\" \/>\n<meta property=\"og:type\" content=\"article\" \/>\n<meta property=\"og:title\" content=\"TEAMS\" \/>\n<meta property=\"og:description\" content=\"TEAMS - Kancelaria Prawna - Meissner Kozio\u0142 Kaczmarek &amp; Partner\" \/>\n<meta property=\"og:url\" content=\"https:\/\/mkpartner.com.pl\/de\/teams\/\" \/>\n<meta property=\"og:site_name\" content=\"Kancelaria Prawna - Meissner Kozio\u0142 Kaczmarek &amp; Partner\" \/>\n<meta property=\"article:publisher\" content=\"https:\/\/www.facebook.com\/mkpartnerPL\" \/>\n<meta property=\"article:modified_time\" content=\"2025-03-04T15:22:13+00:00\" \/>\n<meta property=\"og:image\" content=\"https:\/\/mkpartner.com.pl\/wp-content\/uploads\/2023\/12\/poznanikona-168x168.jpg\" \/>\n<meta name=\"twitter:card\" content=\"summary_large_image\" \/>\n<meta name=\"twitter:site\" content=\"@MKK_Partner\" \/>\n<script type=\"application\/ld+json\" class=\"yoast-schema-graph\">{\"@context\":\"https:\\\/\\\/schema.org\",\"@graph\":[{\"@type\":\"WebPage\",\"@id\":\"https:\\\/\\\/mkpartner.com.pl\\\/de\\\/teams\\\/\",\"url\":\"https:\\\/\\\/mkpartner.com.pl\\\/de\\\/teams\\\/\",\"name\":\"TEAMS\",\"isPartOf\":{\"@id\":\"https:\\\/\\\/mkpartner.com.pl\\\/#website\"},\"primaryImageOfPage\":{\"@id\":\"https:\\\/\\\/mkpartner.com.pl\\\/de\\\/teams\\\/#primaryimage\"},\"image\":{\"@id\":\"https:\\\/\\\/mkpartner.com.pl\\\/de\\\/teams\\\/#primaryimage\"},\"thumbnailUrl\":\"https:\\\/\\\/mkpartner.com.pl\\\/wp-content\\\/uploads\\\/2025\\\/03\\\/poznan-168x168.png\",\"datePublished\":\"2023-12-28T17:56:14+00:00\",\"dateModified\":\"2025-03-04T15:22:13+00:00\",\"description\":\"TEAMS - Kancelaria Prawna - Meissner Kozio\u0142 Kaczmarek & Partner\",\"inLanguage\":\"de\",\"potentialAction\":[{\"@type\":\"ReadAction\",\"target\":[\"https:\\\/\\\/mkpartner.com.pl\\\/de\\\/teams\\\/\"]}]},{\"@type\":\"ImageObject\",\"inLanguage\":\"de\",\"@id\":\"https:\\\/\\\/mkpartner.com.pl\\\/de\\\/teams\\\/#primaryimage\",\"url\":\"https:\\\/\\\/mkpartner.com.pl\\\/wp-content\\\/uploads\\\/2025\\\/03\\\/poznan-168x168.png\",\"contentUrl\":\"https:\\\/\\\/mkpartner.com.pl\\\/wp-content\\\/uploads\\\/2025\\\/03\\\/poznan-168x168.png\"},{\"@type\":\"WebSite\",\"@id\":\"https:\\\/\\\/mkpartner.com.pl\\\/#website\",\"url\":\"https:\\\/\\\/mkpartner.com.pl\\\/\",\"name\":\"Kancelaria Prawna - Meissner Kozio\u0142 Kaczmarek &amp; Partner\",\"description\":\"Kancelaria Prawna\",\"publisher\":{\"@id\":\"https:\\\/\\\/mkpartner.com.pl\\\/#organization\"},\"potentialAction\":[{\"@type\":\"SearchAction\",\"target\":{\"@type\":\"EntryPoint\",\"urlTemplate\":\"https:\\\/\\\/mkpartner.com.pl\\\/?s={search_term_string}\"},\"query-input\":{\"@type\":\"PropertyValueSpecification\",\"valueRequired\":true,\"valueName\":\"search_term_string\"}}],\"inLanguage\":\"de\"},{\"@type\":\"Organization\",\"@id\":\"https:\\\/\\\/mkpartner.com.pl\\\/#organization\",\"name\":\"Kancelaria Prawna Meissner Kozio\u0142 Kaczmarek & Partner\",\"url\":\"https:\\\/\\\/mkpartner.com.pl\\\/\",\"logo\":{\"@type\":\"ImageObject\",\"inLanguage\":\"de\",\"@id\":\"https:\\\/\\\/mkpartner.com.pl\\\/#\\\/schema\\\/logo\\\/image\\\/\",\"url\":\"http:\\\/\\\/wrdcxdb.cluster028.hosting.ovh.net\\\/wp-content\\\/uploads\\\/2021\\\/12\\\/logo-mk-partner.png\",\"contentUrl\":\"http:\\\/\\\/wrdcxdb.cluster028.hosting.ovh.net\\\/wp-content\\\/uploads\\\/2021\\\/12\\\/logo-mk-partner.png\",\"width\":180,\"height\":33,\"caption\":\"Kancelaria Prawna Meissner Kozio\u0142 Kaczmarek & Partner\"},\"image\":{\"@id\":\"https:\\\/\\\/mkpartner.com.pl\\\/#\\\/schema\\\/logo\\\/image\\\/\"},\"sameAs\":[\"https:\\\/\\\/www.facebook.com\\\/mkpartnerPL\",\"https:\\\/\\\/x.com\\\/MKK_Partner\"]}]}<\/script>\n<!-- \/ Yoast SEO plugin. -->","yoast_head_json":{"title":"TEAMS","description":"TEAMS - Kancelaria Prawna - Meissner Kozio\u0142 Kaczmarek & Partner","robots":{"index":"index","follow":"follow","max-snippet":"max-snippet:-1","max-image-preview":"max-image-preview:large","max-video-preview":"max-video-preview:-1"},"canonical":"https:\/\/mkpartner.com.pl\/de\/teams\/","og_locale":"de_DE","og_type":"article","og_title":"TEAMS","og_description":"TEAMS - Kancelaria Prawna - Meissner Kozio\u0142 Kaczmarek & Partner","og_url":"https:\/\/mkpartner.com.pl\/de\/teams\/","og_site_name":"Kancelaria Prawna - Meissner Kozio\u0142 Kaczmarek &amp; Partner","article_publisher":"https:\/\/www.facebook.com\/mkpartnerPL","article_modified_time":"2025-03-04T15:22:13+00:00","og_image":[{"url":"https:\/\/mkpartner.com.pl\/wp-content\/uploads\/2023\/12\/poznanikona-168x168.jpg","type":"","width":"","height":""}],"twitter_card":"summary_large_image","twitter_site":"@MKK_Partner","schema":{"@context":"https:\/\/schema.org","@graph":[{"@type":"WebPage","@id":"https:\/\/mkpartner.com.pl\/de\/teams\/","url":"https:\/\/mkpartner.com.pl\/de\/teams\/","name":"TEAMS","isPartOf":{"@id":"https:\/\/mkpartner.com.pl\/#website"},"primaryImageOfPage":{"@id":"https:\/\/mkpartner.com.pl\/de\/teams\/#primaryimage"},"image":{"@id":"https:\/\/mkpartner.com.pl\/de\/teams\/#primaryimage"},"thumbnailUrl":"https:\/\/mkpartner.com.pl\/wp-content\/uploads\/2025\/03\/poznan-168x168.png","datePublished":"2023-12-28T17:56:14+00:00","dateModified":"2025-03-04T15:22:13+00:00","description":"TEAMS - Kancelaria Prawna - Meissner Kozio\u0142 Kaczmarek & Partner","inLanguage":"de","potentialAction":[{"@type":"ReadAction","target":["https:\/\/mkpartner.com.pl\/de\/teams\/"]}]},{"@type":"ImageObject","inLanguage":"de","@id":"https:\/\/mkpartner.com.pl\/de\/teams\/#primaryimage","url":"https:\/\/mkpartner.com.pl\/wp-content\/uploads\/2025\/03\/poznan-168x168.png","contentUrl":"https:\/\/mkpartner.com.pl\/wp-content\/uploads\/2025\/03\/poznan-168x168.png"},{"@type":"WebSite","@id":"https:\/\/mkpartner.com.pl\/#website","url":"https:\/\/mkpartner.com.pl\/","name":"Kancelaria Prawna - Meissner Kozio\u0142 Kaczmarek &amp; Partner","description":"Kancelaria Prawna","publisher":{"@id":"https:\/\/mkpartner.com.pl\/#organization"},"potentialAction":[{"@type":"SearchAction","target":{"@type":"EntryPoint","urlTemplate":"https:\/\/mkpartner.com.pl\/?s={search_term_string}"},"query-input":{"@type":"PropertyValueSpecification","valueRequired":true,"valueName":"search_term_string"}}],"inLanguage":"de"},{"@type":"Organization","@id":"https:\/\/mkpartner.com.pl\/#organization","name":"Kancelaria Prawna Meissner Kozio\u0142 Kaczmarek & Partner","url":"https:\/\/mkpartner.com.pl\/","logo":{"@type":"ImageObject","inLanguage":"de","@id":"https:\/\/mkpartner.com.pl\/#\/schema\/logo\/image\/","url":"http:\/\/wrdcxdb.cluster028.hosting.ovh.net\/wp-content\/uploads\/2021\/12\/logo-mk-partner.png","contentUrl":"http:\/\/wrdcxdb.cluster028.hosting.ovh.net\/wp-content\/uploads\/2021\/12\/logo-mk-partner.png","width":180,"height":33,"caption":"Kancelaria Prawna Meissner Kozio\u0142 Kaczmarek & Partner"},"image":{"@id":"https:\/\/mkpartner.com.pl\/#\/schema\/logo\/image\/"},"sameAs":["https:\/\/www.facebook.com\/mkpartnerPL","https:\/\/x.com\/MKK_Partner"]}]}},"builder_content":"<h1>UNSERE TEAMS<br\/><\/h1>\n<a href=\"\/de\/team-posen\/\" > <img src=\"https:\/\/mkpartner.com.pl\/wp-content\/uploads\/2025\/03\/poznan-168x168.png\" width=\"168\" height=\"168\" title=\"Posen\" alt=\"Posen\" srcset=\"https:\/\/mkpartner.com.pl\/wp-content\/uploads\/2025\/03\/poznan-168x168.png 168w, https:\/\/mkpartner.com.pl\/wp-content\/uploads\/2025\/03\/poznan-300x300.png 300w, https:\/\/mkpartner.com.pl\/wp-content\/uploads\/2025\/03\/poznan-150x150.png 150w, https:\/\/mkpartner.com.pl\/wp-content\/uploads\/2025\/03\/poznan.png 612w\" sizes=\"(max-width: 168px) 100vw, 168px\" \/> <\/a> <h3> <a href=\"\/de\/team-posen\/\" > Posen <\/a> <\/h3>\n<a href=\"\/de\/team-warschau\/\" > <img src=\"https:\/\/mkpartner.com.pl\/wp-content\/uploads\/2025\/03\/warszawa-168x168.png\" width=\"168\" height=\"168\" title=\"Warschau\" alt=\"Warschau\" srcset=\"https:\/\/mkpartner.com.pl\/wp-content\/uploads\/2025\/03\/warszawa-168x168.png 168w, https:\/\/mkpartner.com.pl\/wp-content\/uploads\/2025\/03\/warszawa-300x300.png 300w, https:\/\/mkpartner.com.pl\/wp-content\/uploads\/2025\/03\/warszawa-150x150.png 150w, https:\/\/mkpartner.com.pl\/wp-content\/uploads\/2025\/03\/warszawa.png 612w\" sizes=\"(max-width: 168px) 100vw, 168px\" \/> <\/a> <h3> <a href=\"\/de\/team-warschau\/\" > Warschau <\/a> <\/h3>\n<a href=\"\/de\/team-berlin\/\" > <img src=\"https:\/\/mkpartner.com.pl\/wp-content\/uploads\/2025\/03\/berlin-168x168.png\" width=\"168\" height=\"168\" title=\"Berlin\" alt=\"Berlin\" srcset=\"https:\/\/mkpartner.com.pl\/wp-content\/uploads\/2025\/03\/berlin-168x168.png 168w, https:\/\/mkpartner.com.pl\/wp-content\/uploads\/2025\/03\/berlin-300x300.png 300w, https:\/\/mkpartner.com.pl\/wp-content\/uploads\/2025\/03\/berlin-150x150.png 150w, https:\/\/mkpartner.com.pl\/wp-content\/uploads\/2025\/03\/berlin.png 612w\" sizes=\"(max-width: 168px) 100vw, 168px\" \/> <\/a> <h3> <a href=\"\/de\/team-berlin\/\" > Berlin <\/a> <\/h3>\n<p style=\"text-align: center;\"><strong>WIE K\u00d6NNEN SIE SICH MIT UNS IN VERBINDUNG SETZEN?<\/strong><\/p> \n \n <p style=\"text-align: center;\"><strong>WARSCHAU<\/strong><\/p><p style=\"text-align: center;\">Wsp\u00f3lna Str. 70<\/p><p style=\"text-align: center;\">00-687 Warszawa<\/p><p style=\"text-align: center;\"><a href=\"mailto:warszawa@mkpartner.com.pl\">warszawa@mkpartner.com.pl<\/a><\/p> \n \n <p style=\"text-align: center;\"><strong>POSEN<\/strong><\/p> <p style=\"text-align: center;\">Wolszty\u0144ska Str. 5, 60-361 Pozna\u0144<\/p> <p style=\"text-align: center;\">+48\u00a0798\u00a0607\u00a0482<\/p> <p style=\"text-align: center;\"><a href=\"mailto:poznan@mkpartner.com.pl\">poznan@mkpartner.com.pl<\/a><\/p> \n \n <p style=\"text-align: center;\"><strong>BERLIN<\/strong><\/p><p style=\"text-align: center;\">Dietzgenstra\u00dfe 85<\/p><p style=\"text-align: center;\">13156 Berlin<\/p><p style=\"text-align: center;\"><a href=\"mailto:berlin@mkpartner.com.pl\">berlin@mkpartner.com.pl<\/a><\/p>","_links":{"self":[{"href":"https:\/\/mkpartner.com.pl\/de\/wp-json\/wp\/v2\/pages\/8172","targetHints":{"allow":["GET"]}}],"collection":[{"href":"https:\/\/mkpartner.com.pl\/de\/wp-json\/wp\/v2\/pages"}],"about":[{"href":"https:\/\/mkpartner.com.pl\/de\/wp-json\/wp\/v2\/types\/page"}],"author":[{"embeddable":true,"href":"https:\/\/mkpartner.com.pl\/de\/wp-json\/wp\/v2\/users\/45"}],"replies":[{"embeddable":true,"href":"https:\/\/mkpartner.com.pl\/de\/wp-json\/wp\/v2\/comments?post=8172"}],"version-history":[{"count":0,"href":"https:\/\/mkpartner.com.pl\/de\/wp-json\/wp\/v2\/pages\/8172\/revisions"}],"wp:attachment":[{"href":"https:\/\/mkpartner.com.pl\/de\/wp-json\/wp\/v2\/media?parent=8172"}],"curies":[{"name":"wp","href":"https:\/\/api.w.org\/{rel}","templated":true}]}}